{"id":1919,"date":"2021-05-24T16:03:04","date_gmt":"2021-05-24T07:03:04","guid":{"rendered":"http:\/\/suzuki-global.com\/?page_id=1919"},"modified":"2022-01-02T14:32:05","modified_gmt":"2022-01-02T05:32:05","slug":"vietnam-personal-income-tax","status":"publish","type":"page","link":"https:\/\/suzuki-global.com\/vi\/calculator-apps\/vietnam-personal-income-tax\/","title":{"rendered":"Thu\u1ebf thu nh\u1eadp c\u00e1 nh\u00e2n c\u1ee7a Vi\u1ec7t Nam | H\u01b0\u1edbng d\u1eabn c\u00e1ch t\u00ednh thu\u1ebf TNCN (c\u00e1 nh\u00e2n c\u01b0 tr\u00fa \/ kh\u00f4ng c\u01b0 tr\u00fa) \u0111\u1ed1i v\u1edbi thu nh\u1eadp t\u1eeb ti\u1ec1n l\u01b0\u01a1ng"},"content":{"rendered":"<h2>Thu\u1ebf thu nh\u1eadp c\u00e1 nh\u00e2n c\u1ee7a Vi\u1ec7t Nam | H\u01b0\u1edbng d\u1eabn c\u00e1ch t\u00ednh thu\u1ebf TNCN (c\u00e1 nh\u00e2n c\u01b0 tr\u00fa \/ kh\u00f4ng c\u01b0 tr\u00fa) \u0111\u1ed1i v\u1edbi thu nh\u1eadp t\u1eeb ti\u1ec1n l\u01b0\u01a1ng<\/h2>\r\n\r\n\r\n\r\n<p>B\u1ea1n c\u00f3 th\u1ec3 t\u00ednh thu\u1ebf thu nh\u1eadp c\u00e1 nh\u00e2n v\u00e0 thu\u1ebf ti\u1ec1n l\u01b0\u01a1ng Vi\u1ec7t Nam.<\/p>\r\n<p>B\u1ea3o hi\u1ec3m x\u00e3 h\u1ed9i v\u00e0 c\u00e1c kho\u1ea3n kh\u1ea5u tr\u1eeb kh\u00e1c kh\u00f4ng \u0111\u01b0\u1ee3c t\u00ednh \u0111\u1ebfn trong k\u1ebft qu\u1ea3 t\u00ednh to\u00e1n,<span style=\"color: #0000ff;\"><a href=\"https:\/\/suzuki-global.com\/vi\/calculator-apps\/insurance\/\" target=\"_blank\" style=\"color: #0000ff;\" rel=\"noopener\">Trang \u0111\u00f3ng b\u1ea3o hi\u1ec3m x\u00e3 h\u1ed9i<\/a><\/span>Khi n\u00e0o,<a href=\"https:\/\/suzuki-global.com\/vi\/calculator-apps\/overtime-fee-apps\/\" target=\"_blank\" rel=\"noopener\"><span style=\"color: #0000ff;\">Trang ti\u1ec1n l\u01b0\u01a1ng (l\u00e0m th\u00eam)<\/span><\/a>B\u1eb1ng c\u00e1ch s\u1eed d\u1ee5ng \u0111i\u1ec1u n\u00e0y c\u00f9ng v\u1edbi, b\u1ea1n c\u00f3 th\u1ec3 \u01b0\u1edbc t\u00ednh m\u1ee9c l\u01b0\u01a1ng g\u1ea7n \u0111\u00fang (mang v\u1ec1 nh\u00e0).<\/p>\r\n<p><a href=\"#index333\"><span style=\"color: #0000ff;\"><strong>\u21d2 C\u00f4ng c\u1ee5 t\u00ednh thu\u1ebf thu nh\u1eadp c\u00e1 nh\u00e2n<\/strong><\/span><\/a><\/p>\r\n<p>&nbsp;<\/p>\r\n<p>Nh\u1eefng ng\u01b0\u1eddi n\u01b0\u1edbc ngo\u00e0i l\u00e0m vi\u1ec7c t\u1ea1i Vi\u1ec7t Nam, nh\u1eefng ng\u01b0\u1eddi th\u01b0\u1eddng xuy\u00ean \u0111i du l\u1ecbch Vi\u1ec7t Nam, nh\u1eefng ng\u01b0\u1eddi m\u1edbi \u0111\u01b0\u1ee3c b\u1ed5 nhi\u1ec7m \u1edf n\u01b0\u1edbc ngo\u00e0i, nh\u1eefng ng\u01b0\u1eddi thu\u1ed9c b\u1ed9 ph\u1eadn nh\u00e2n s\u1ef1 v\u00e0 k\u1ebf to\u00e1n c\u1ee7a tr\u1ee5 s\u1edf ch\u00ednh, nh\u1eefng ng\u01b0\u1eddi \u0111\u00e3 b\u1eaft \u0111\u1ea7u l\u00e0m vi\u1ec7c t\u1ea1i \u0111\u1ecba ph\u01b0\u01a1ng, \u0111ang c\u00e2n nh\u1eafc vi\u1ec7c di c\u01b0. b\u1ea1n.<\/p>\r\n<p>Vui l\u00f2ng tham kh\u1ea3o \u00fd ki\u1ebfn chuy\u00ean gia \u0111\u1ec3 c\u00f3 s\u1ed1 li\u1ec7u ch\u00ednh x\u00e1c.<\/p>\r\n<p>Ch\u00fang t\u00f4i c\u0169ng x\u1eed l\u00fd vi\u1ec7c t\u00ednh thu\u1ebf v\u00e0 khai thu\u1ebf.<\/p>\r\n<p>Tho\u1ea3i m\u00e1i \u0111\u1ec3<span style=\"color: #0000ff;\"><a href=\"https:\/\/suzuki-global.com\/vi\/contact\/\" style=\"color: #0000ff;\">T\u1edbi AACS<\/a><\/span>, Vui l\u00f2ng li\u00ean h\u1ec7 v\u1edbi t\u00f4i.<\/p>\r\n<h2>T\u1ed5ng quan v\u1ec1 thu\u1ebf thu nh\u1eadp c\u00e1 nh\u00e2n \u1edf Vi\u1ec7t Nam<\/h2>\r\n\n<table id=\"tablepress-20\" class=\"tablepress tablepress-id-20 pit2\">\n<thead>\n<tr class=\"row-1 odd\">\n\t<th colspan=\"2\" class=\"column-1\">T\u1ed5ng quan v\u1ec1 thu\u1ebf thu nh\u1eadp c\u00e1 nh\u00e2n \u1edf Vi\u1ec7t Nam<\/th>\n<\/tr>\n<\/thead>\n<tbody class=\"row-hover\">\n<tr class=\"row-2 even\">\n\t<td class=\"column-1\">N\u0103m t\u00ednh thu\u1ebf<\/td><td class=\"column-2\">Ng\u00e0y 1 th\u00e1ng 1 \u0111\u1ebfn ng\u00e0y 31 th\u00e1ng 12<\/td>\n<\/tr>\n<tr class=\"row-3 odd\">\n\t<td class=\"column-1\">C\u01b0 d\u00e2n<\/td><td class=\"column-2\">Xem b\u1ea3ng b\u00ean d\u01b0\u1edbi \u0111\u1ec3 bi\u1ebft thu\u1ebf l\u0169y ti\u1ebfn v\u00e0 thu\u1ebf su\u1ea5t<\/td>\n<\/tr>\n<tr class=\"row-4 even\">\n\t<td class=\"column-1\">Kh\u00f4ng th\u01b0\u1eddng tr\u00fa<\/td><td class=\"column-2\">Trong tr\u01b0\u1eddng h\u1ee3p ti\u1ec1n l\u01b0\u01a1ng<b>\u0110\u1ed3ng ph\u1ee5c 20%<\/b><\/td>\n<\/tr>\n<tr class=\"row-5 odd\">\n\t<td class=\"column-1\">Khai thu\u1ebf v\u00e0 th\u1eddi gian n\u1ed9p thu\u1ebf<\/td><td class=\"column-2\"><span style=\"background-color: #ffff99;\"><b>H\u00e0ng qu\u00fd (\u0111\u1ebfn cu\u1ed1i th\u00e1ng sau)<\/b><\/span><br \/>\n* B\u1ea5m v\u00e0o \u0111\u00e2y cho nhi\u1ec1u tr\u01b0\u1eddng h\u1ee3p kh\u00e1c ngo\u00e0i tr\u01b0\u1eddng h\u1ee3p sau<br \/>\n<br \/>\nH\u00e0ng th\u00e1ng (\u0111\u1ebfn ng\u00e0y 20 c\u1ee7a th\u00e1ng ti\u1ebfp theo)<br \/>\n* Doanh thu n\u0103m tr\u01b0\u1edbc v\u01b0\u1ee3t qu\u00e1 50 t\u1ef7 \u0111\u1ed3ng v\u00e0 s\u1ed1 ti\u1ec1n kh\u1ea5u tr\u1eeb thu\u1ebf TNCN h\u00e0ng th\u00e1ng c\u1ee7a ng\u01b0\u1eddi n\u1ed9p thu\u1ebf t\u1eeb 50 tri\u1ec7u \u0111\u1ed3ng tr\u1edf l\u00ean.<\/td>\n<\/tr>\n<tr class=\"row-6 even\">\n\t<td class=\"column-1\">Th\u1eddi gian khai thu\u1ebf cu\u1ed1i c\u00f9ng<\/td><td class=\"column-2\">Cu\u1ed1i th\u00e1ng 4 n\u0103m sau<\/td>\n<\/tr>\n<tr class=\"row-7 odd\">\n\t<td class=\"column-1\">Kh\u1ea5u tr\u1eeb c\u01a1 b\u1ea3n<\/td><td class=\"column-2\">11 tri\u1ec7u \u0111\u1ed3ng<\/td>\n<\/tr>\n<tr class=\"row-8 even\">\n\t<td class=\"column-1\">Gi\u1ea3m tr\u1eeb cho ng\u01b0\u1eddi ph\u1ee5 thu\u1ed9c<\/td><td class=\"column-2\">4,4 tri\u1ec7u \u0111\u1ed3ng x s\u1ed1 ng\u01b0\u1eddi<\/td>\n<\/tr>\n<tr class=\"row-9 odd\">\n\t<td class=\"column-1\">t\u00e2m \u0111i\u1ec3m<\/td><td class=\"column-2\">\u30fb Kh\u00f4ng c\u00f3 thu\u1ebf c\u01b0 tr\u00fa v\u00e0 nh\u1eefng \u0111i\u1ec1u kh\u00e1c c\u1ea7n l\u01b0u \u00fd l\u00e0 ph\u00ed b\u1ea3o hi\u1ec3m x\u00e3 h\u1ed9i.<br \/>\n\u30fb<span style=\"background-color: #ffff99;\"><b>C\u1ea7n c\u00f3 ph\u00e1n quy\u1ebft th\u01b0\u1eddng tr\u00fa v\u00e0 kh\u00f4ng c\u01b0 tr\u00fa (quy t\u1eafc 183 ng\u00e0y, v.v.)<\/b><\/span><br \/>\n\u30fb Tr\u1ebb em tr\u00ean 18 tu\u1ed5i,<span style=\"background-color: #ffff99;\"><b>C\u00f3 nh\u1eefng y\u00eau c\u1ea7u khi \u0111\u1ed1i x\u1eed v\u1edbi v\u1ee3 \/ ch\u1ed3ng b\u1eb1ng m\u1ed9t kho\u1ea3n kh\u1ea5u tr\u1eeb ph\u1ee5 thu\u1ed9c.<\/b><\/span><br \/>\nV\u1ec1 c\u01a1 b\u1ea3n \u00e1p d\u1ee5ng n\u1ebfu b\u1ea1n kh\u00f4ng c\u00f3 thu nh\u1eadp (1 tri\u1ec7u \u0111\u1ed3ng tr\u1edf xu\u1ed1ng \/ th\u00e1ng) v\u00e0 b\u1ecb khuy\u1ebft t\u1eadt ho\u1eb7c kh\u00f3 l\u00e0m vi\u1ec7c<br \/>\n<\/td>\n<\/tr>\n<\/tbody>\n<\/table>\n<!-- #tablepress-20 from cache -->\r\n<h2>Thu\u1ebf su\u1ea5t thu\u1ebf thu nh\u1eadp c\u00e1 nh\u00e2n Vi\u1ec7t Nam<\/h2>\r\n\n<table id=\"tablepress-10\" class=\"tablepress tablepress-id-10\">\n<thead>\n<tr class=\"row-1 odd\">\n\t<th class=\"column-1\">Thu nh\u1eadp ch\u1ecbu thu\u1ebf (h\u00e0ng th\u00e1ng)<\/th><th class=\"column-2\">thu\u1ebf su\u1ea5t<\/th><th class=\"column-3\">Ph\u01b0\u01a1ng ph\u00e1p t\u00ednh thu\u1ebf thu nh\u1eadp<\/th>\n<\/tr>\n<\/thead>\n<tbody class=\"row-hover\">\n<tr class=\"row-2 even\">\n\t<td class=\"column-1\">5 tri\u1ec7u \u0111\u1ed3ng tr\u1edf xu\u1ed1ng<\/td><td class=\"column-2\">5%<\/td><td class=\"column-3\">Thu nh\u1eadp ch\u1ecbu thu\u1ebf x 5%<\/td>\n<\/tr>\n<tr class=\"row-3 odd\">\n\t<td class=\"column-1\">Tr\u00ean 5 tri\u1ec7u \u0111\u1ebfn d\u01b0\u1edbi 10 tri\u1ec7u \u0111\u1ed3ng<\/td><td class=\"column-2\">10%<\/td><td class=\"column-3\">Thu nh\u1eadp ch\u1ecbu thu\u1ebf x 10% -250.000 \u0111\u1ed3ng<\/td>\n<\/tr>\n<tr class=\"row-4 even\">\n\t<td class=\"column-1\">Tr\u00ean 10 tri\u1ec7u \u0111\u1ebfn d\u01b0\u1edbi 18 tri\u1ec7u \u0111\u1ed3ng<\/td><td class=\"column-2\">15%<\/td><td class=\"column-3\">Thu nh\u1eadp ch\u1ecbu thu\u1ebf x 15% -750.000 \u0111\u1ed3ng<\/td>\n<\/tr>\n<tr class=\"row-5 odd\">\n\t<td class=\"column-1\">Tr\u00ean 18 tri\u1ec7u \u0111\u1ebfn d\u01b0\u1edbi 32 tri\u1ec7u \u0111\u1ed3ng<\/td><td class=\"column-2\">20%<\/td><td class=\"column-3\">Thu nh\u1eadp ch\u1ecbu thu\u1ebf x 20% -1,65 tri\u1ec7u \u0111\u1ed3ng<\/td>\n<\/tr>\n<tr class=\"row-6 even\">\n\t<td class=\"column-1\">Tr\u00ean 32 tri\u1ec7u \u0111\u1ebfn 52 tri\u1ec7u \u0111\u1ed3ng tr\u1edf xu\u1ed1ng<\/td><td class=\"column-2\">25%<\/td><td class=\"column-3\">Thu nh\u1eadp ch\u1ecbu thu\u1ebf x 25% -3,25 tri\u1ec7u \u0111\u1ed3ng<\/td>\n<\/tr>\n<tr class=\"row-7 odd\">\n\t<td class=\"column-1\">Tr\u00ean 52 tri\u1ec7u \u0111\u1ebfn 80 tri\u1ec7u \u0111\u1ed3ng tr\u1edf xu\u1ed1ng<\/td><td class=\"column-2\">30%<\/td><td class=\"column-3\">Thu nh\u1eadp ch\u1ecbu thu\u1ebf x 30% -5,85 tri\u1ec7u \u0111\u1ed3ng<\/td>\n<\/tr>\n<tr class=\"row-8 even\">\n\t<td class=\"column-1\">Tr\u00ean 80 tri\u1ec7u \u0111\u1ed3ng<\/td><td class=\"column-2\">35%<\/td><td class=\"column-3\">Thu nh\u1eadp ch\u1ecbu thu\u1ebf x 35% -9,85 tri\u1ec7u \u0111\u1ed3ng<\/td>\n<\/tr>\n<\/tbody>\n<\/table>\n<!-- #tablepress-10 from cache -->\r\n<p><strong>* * * * Vui l\u00f2ng nh\u1eadp gi\u00e1 tr\u1ecb s\u1ed1 v\u00e0o m\u1ee5c m\u00e0u da tr\u00ean b\u1ea3ng t\u00ednh sau * * * *<\/strong><br \/><strong>* * * * C\u00e1c m\u1ee5c m\u00e0u v\u00e0ng l\u00e0 k\u1ebft qu\u1ea3 t\u00ednh to\u00e1n * * * *<\/strong><\/p>\r\n<p>&nbsp;<\/p>\r\n<p id=\"index333\"><\/p>\r\n<div class=\"tableeee\">\r\n<form name=\"cp_calculatedfieldsf_pform_1\" id=\"cp_calculatedfieldsf_pform_1\" action=\"?\" method=\"post\" enctype=\"multipart\/form-data\" class=\"\" data-trp-original-action=\"?\">\r\n<input type=\"hidden\" name=\"cp_calculatedfieldsf_pform_psequence\" value=\"_1\" \/>\r\n<input type=\"hidden\" name=\"cp_calculatedfieldsf_id\" value=\"23\" \/><pre style=\"display:none !important;\"><!--noptimize--><script type=\"text\/javascript\">form_structure_1=[[{\"form_identifier\":\"\",\"name\":\"fieldname23\",\"shortlabel\":\"\",\"index\":0,\"ftype\":\"fradio\",\"userhelp\":\"\",\"userhelpTooltip\":false,\"tooltipIcon\":false,\"csslayout\":\"\",\"title\":\"\\u5c45\\u4f4f\\u8005\\u30fb\\u975e\\u5c45\\u4f4f\\u8005\\u306e\\u5224\\u5b9a\\u3000\\u5fc5\\u305a\\u8a72\\u5f53\\u3059\\u308b\\u3082\\u306e\\u3092\\u9078\\u629e\\u3057\\u3066\\u304f\\u3060\\u3055\\u3044\\u3002\",\"layout\":\"one_column\",\"required\":false,\"exclude\":false,\"readonly\":false,\"toSubmit\":\"text\",\"choiceSelected\":\"\",\"showDep\":false,\"untickAccepted\":true,\"onoff\":0,\"choices\":[\"\\u5c45\\u4f4f\\u8005\\u2460\\uff1a\\u66a6\\u5e74\\u307e\\u305f\\u306f\\u3001\\u521d\\u5165\\u56fd\\u65e5\\u304b\\u3089\\u306e12\\u30f5\\u6708\\u9593\\u3067\\u3001\\u30d9\\u30c8\\u30ca\\u30e0\\u56fd\\u5185\\u306b\\u003Cspan style=\\u0022background-color: #ffff99;\\u0022\\u003E\\u003Cb\\u003E183\\u65e5\\u4ee5\\u4e0a\\u6ede\\u5728\\u003C\\\/b\\u003E\\u003C\\\/span\\u003E\\u3057\\u305f\",\"\\u5c45\\u4f4f\\u8005\\u2461\\uff1a\\u003Cspan style=\\u0022background-color: #ffff99;\\u0022\\u003E\\u003Cb\\u003E183\\u65e5\\u4ee5\\u4e0a\\u306e\\u8cc3\\u8cb8\\u5951\\u7d04\\u66f8\\u003C\\\/b\\u003E\\u003C\\\/span\\u003E\\u3092\\u7d50\\u3093\\u304a\\u308a\\u3001\\u30d9\\u30c8\\u30ca\\u30e0\\u56fd\\u5916\\u306e\\u5c45\\u4f4f\\u8005\\u8a3c\\u660e\\u66f8\\u3092\\u6709\\u3057\\u3066\\u3044\\u306a\\u3044\",\"\\u975e\\u5c45\\u4f4f\\u8005\\uff1a\\u3069\\u308c\\u3082\\u5f53\\u3066\\u306f\\u307e\\u3089\\u306a\\u3044\"],\"choicesVal\":[\"1\",\"1\",\"0\"],\"choicesDep\":[[],[],[]],\"fBuild\":{},\"parent\":\"\"},{\"form_identifier\":\"\",\"name\":\"fieldname2\",\"shortlabel\":\"\",\"index\":1,\"ftype\":\"fnumber\",\"userhelp\":\"\",\"userhelpTooltip\":false,\"tooltipIcon\":false,\"csslayout\":\"\",\"title\":\"\\u7d66\\u4e0e\\u30fb\\u52e4\\u52b4\\u6240\\u5f97\\u6708\\u984d\\uff08\\u4e07\\u30c9\\u30f3\\uff09\",\"predefined\":\"8000\",\"predefinedClick\":false,\"required\":true,\"exclude\":false,\"readonly\":false,\"numberpad\":false,\"size\":\"medium\",\"thousandSeparator\":\"\",\"decimalSymbol\":\".\",\"min\":\"0\",\"max\":\"10000000000000000000\",\"formatDynamically\":false,\"dformat\":\"digits\",\"formats\":[\"digits\",\"number\",\"percent\"],\"fBuild\":{},\"parent\":\"\"},{\"form_identifier\":\"\",\"name\":\"fieldname3\",\"shortlabel\":\"\",\"index\":2,\"ftype\":\"fnumber\",\"userhelp\":\"\",\"userhelpTooltip\":false,\"tooltipIcon\":false,\"csslayout\":\"\",\"title\":\"\\u6276\\u990a\\u8005\\uff08\\u4eba\\uff09\",\"predefined\":\"0\",\"predefinedClick\":false,\"required\":true,\"exclude\":false,\"readonly\":false,\"numberpad\":false,\"size\":\"medium\",\"thousandSeparator\":\"\",\"decimalSymbol\":\".\",\"min\":\"0\",\"max\":\"10\",\"formatDynamically\":false,\"dformat\":\"digits\",\"formats\":[\"digits\",\"number\",\"percent\"],\"fBuild\":{},\"parent\":\"\"},{\"form_identifier\":\"\",\"name\":\"separator1\",\"shortlabel\":\"\",\"index\":3,\"ftype\":\"fSectionBreak\",\"userhelp\":\"\",\"userhelpTooltip\":false,\"tooltipIcon\":false,\"csslayout\":\"\",\"title\":\"\\u203b\\u5c45\\u4f4f\\u8005\\u306e\\u307f\\uff1a1100\\u4e07VND\\u306e\\u57fa\\u790e\\u63a7\\u9664\\u3001\\u53ca\\u3073\\u6276\\u990a\\u8005\\u4e00\\u4eba\\u3042\\u305f\\u308a440\\uff08\\u4e07VND\\uff0f\\u4eba\\uff09\\u306e\\u6276\\u990a\\u63a7\\u9664\\u306b\\u57fa\\u3065\\u3044\\u305f\\u7d50\\u679c\\u3068\\u306a\\u308a\\u307e\\u3059\\uff082021\\u5e745\\u6708\\u73fe\\u5728\\uff09\\u3002\",\"fBuild\":{},\"parent\":\"\"},{\"dependencies\":[{\"rule\":\"\",\"complex\":false,\"fields\":[\"\"]}],\"form_identifier\":\"\",\"name\":\"fieldname1\",\"shortlabel\":\"\",\"index\":4,\"ftype\":\"fCalculated\",\"userhelp\":\"\",\"userhelpTooltip\":false,\"tooltipIcon\":false,\"csslayout\":\"\",\"title\":\"\\u8ab2\\u7a0e\\u6240\\u5f97\\uff08\\u4e07\\u30c9\\u30f3\\uff09\",\"predefined\":\"\",\"required\":false,\"exclude\":false,\"size\":\"medium\",\"eq\":\"IF(fieldname23==1,fieldname2-(440*fieldname3)-1100,fieldname2)\",\"min\":\"\",\"max\":\"\",\"suffix\":\"\",\"prefix\":\"\",\"decimalsymbol\":\".\",\"groupingsymbol\":\"\",\"readonly\":true,\"currency\":false,\"noEvalIfManual\":true,\"formatDynamically\":false,\"hidefield\":false,\"fBuild\":{},\"parent\":\"\"},{\"form_identifier\":\"\",\"name\":\"fieldname13\",\"shortlabel\":\"\",\"index\":5,\"ftype\":\"fSectionBreak\",\"userhelp\":\"\",\"userhelpTooltip\":false,\"tooltipIcon\":false,\"csslayout\":\"sectionbreak2\",\"title\":\"\",\"fBuild\":{},\"parent\":\"\"},{\"form_identifier\":\"\",\"name\":\"fieldname6\",\"shortlabel\":\"\",\"index\":6,\"ftype\":\"fCommentArea\",\"userhelp\":\"\",\"userhelpTooltip\":false,\"tooltipIcon\":false,\"csslayout\":\"instruct\",\"title\":\"\\u7a0e\\u984d\\uff08\\u4e07\\u30c9\\u30f3\\uff09\",\"fBuild\":{},\"parent\":\"\"},{\"dependencies\":[{\"rule\":\"\",\"complex\":false,\"fields\":[\"\"]}],\"form_identifier\":\"\",\"name\":\"fieldname20\",\"shortlabel\":\"\",\"index\":7,\"ftype\":\"fCalculated\",\"userhelp\":\"\",\"userhelpTooltip\":false,\"tooltipIcon\":false,\"csslayout\":\"\",\"title\":\"\\u7a0e\\u984d\\uff08\\u4e07\\u30c9\\u30f3\\uff09\",\"predefined\":\"\",\"required\":false,\"exclude\":false,\"size\":\"medium\",\"eq\":\"ROUND(IF(fieldname23==1,MAX(0,IF(fieldname1\\u003C=500,fieldname1*0.05,\\nIF(fieldname1\\u003C=1000,MAX(0,fieldname1*0.1-25),\\nIF(fieldname1\\u003C=1800,MAX(0,fieldname1*0.15-75),\\nIF(fieldname1\\u003C=3200,MAX(0,fieldname1*0.2-165),\\nIF(fieldname1\\u003C=5200,MAX(0,fieldname1*0.25-325),\\nIF(fieldname1\\u003C=8000,MAX(0,fieldname1*0.3-585),\\nIF(fieldname1\\u003E=8000,MAX(0,fieldname1*0.35-985),\\n0),\\n0),\\n0),\\n0),\\n0),\\n0),\\n0),),fieldname2*0.2),0)\",\"min\":\"\",\"max\":\"\",\"suffix\":\"\",\"prefix\":\"\",\"decimalsymbol\":\".\",\"groupingsymbol\":\"\",\"readonly\":true,\"currency\":false,\"noEvalIfManual\":true,\"formatDynamically\":false,\"hidefield\":false,\"fBuild\":{},\"parent\":\"\"},{\"dependencies\":[{\"rule\":\"\",\"complex\":false,\"fields\":[\"\"]}],\"form_identifier\":\"\",\"name\":\"fieldname24\",\"shortlabel\":\"\",\"index\":8,\"ftype\":\"fCalculated\",\"userhelp\":\"\",\"userhelpTooltip\":false,\"tooltipIcon\":false,\"csslayout\":\"\",\"title\":\"\\u7a0e\\u984d\\uff08JPY\\uff09\",\"predefined\":\"\",\"required\":false,\"exclude\":false,\"size\":\"medium\",\"eq\":\"ROUND(fieldname20*10000\\\/fieldname16,0)\",\"min\":\"\",\"max\":\"\",\"suffix\":\"\",\"prefix\":\"\",\"decimalsymbol\":\".\",\"groupingsymbol\":\",\",\"readonly\":true,\"currency\":false,\"noEvalIfManual\":true,\"formatDynamically\":false,\"hidefield\":false,\"fBuild\":{},\"parent\":\"\"},{\"form_identifier\":\"\",\"name\":\"fieldname14\",\"shortlabel\":\"\",\"index\":9,\"ftype\":\"fSectionBreak\",\"userhelp\":\"\",\"userhelpTooltip\":false,\"tooltipIcon\":false,\"csslayout\":\"sectionbreak2\",\"title\":\"\\u70ba\\u66ff\\u63db\\u7b97\\u3000\\u624b\\u52d5\\u3067\\u8abf\\u6574\\u3067\\u304d\\u307e\\u3059\",\"fBuild\":{},\"parent\":\"\"},{\"form_identifier\":\"\",\"name\":\"fieldname25\",\"shortlabel\":\"\",\"index\":10,\"ftype\":\"ffieldset\",\"userhelp\":\"\",\"userhelpTooltip\":false,\"tooltipIcon\":false,\"csslayout\":\"\",\"fields\":[\"fieldname19\",\"fieldname16\",\"fieldname17\"],\"columns\":\"3\",\"rearrange\":0,\"title\":\"\\u70ba\\u66ff\\u63db\\u7b97\\uff08\\u624b\\u52d5\\uff09\",\"collapsible\":false,\"defaultCollapsed\":true,\"collapsed\":false,\"fBuild\":{},\"parent\":\"\"},{\"form_identifier\":\"\",\"name\":\"fieldname16\",\"shortlabel\":\"\",\"index\":11,\"ftype\":\"fnumber\",\"userhelp\":\"\",\"userhelpTooltip\":false,\"tooltipIcon\":false,\"csslayout\":\"\",\"title\":\"\\u70ba\\u66ff\\u30ec\\u30fc\\u30c8\\uff08VND\\\/JPY\\uff09\",\"predefined\":\"200\",\"predefinedClick\":false,\"required\":true,\"exclude\":false,\"readonly\":false,\"numberpad\":false,\"size\":\"large\",\"thousandSeparator\":\"\",\"decimalSymbol\":\".\",\"min\":\"0\",\"max\":\"10000000\",\"formatDynamically\":false,\"dformat\":\"digits\",\"formats\":[\"digits\",\"number\",\"percent\"],\"fBuild\":{},\"parent\":\"fieldname25\"},{\"dependencies\":[{\"rule\":\"\",\"complex\":false,\"fields\":[\"\"]}],\"form_identifier\":\"\",\"name\":\"fieldname19\",\"shortlabel\":\"\",\"index\":12,\"ftype\":\"fCalculated\",\"userhelp\":\"\",\"userhelpTooltip\":false,\"tooltipIcon\":false,\"csslayout\":\"\",\"title\":\"\\u91d1\\u984d\\uff08\\u4e07VND\\uff09\",\"predefined\":\"1600\",\"required\":true,\"exclude\":false,\"size\":\"large\",\"eq\":\"\",\"min\":\"\",\"max\":\"\",\"suffix\":\"\",\"prefix\":\"\",\"decimalsymbol\":\".\",\"groupingsymbol\":\",\",\"readonly\":false,\"currency\":false,\"noEvalIfManual\":false,\"formatDynamically\":false,\"hidefield\":false,\"fBuild\":{},\"parent\":\"fieldname25\"},{\"dependencies\":[{\"rule\":\"\",\"complex\":false,\"fields\":[\"\"]}],\"form_identifier\":\"\",\"name\":\"fieldname17\",\"shortlabel\":\"\",\"index\":13,\"ftype\":\"fCalculated\",\"userhelp\":\"\",\"userhelpTooltip\":false,\"tooltipIcon\":false,\"csslayout\":\"\",\"title\":\"\\u65e5\\u672c\\u5186\\u63db\\u7b97\\u984d\\uff08JPY\\uff09\",\"predefined\":\"\",\"required\":false,\"exclude\":false,\"size\":\"large\",\"eq\":\"ROUND(fieldname19*10000\\\/fieldname16,0)\",\"min\":\"\",\"max\":\"\",\"suffix\":\"\",\"prefix\":\"\",\"decimalsymbol\":\".\",\"groupingsymbol\":\",\",\"readonly\":true,\"currency\":false,\"noEvalIfManual\":true,\"formatDynamically\":false,\"hidefield\":false,\"fBuild\":{},\"parent\":\"fieldname25\"}],{\"0\":{\"title\":\"\\u30d9\\u30c8\\u30ca\\u30e0\\u500b\\u4eba\\u6240\\u5f97\\u7a0e \\u5c45\\u4f4f\\u8005\\u5224\\u5b9a\\u3068PIT\\u8a08\\u7b97\\u30b5\\u30fc\\u30d3\\u30b9\",\"description\":\"\\u30d9\\u30c8\\u30ca\\u30e0\\u5c45\\u4f4f\\u8005\\u30fb\\u975e\\u5c45\\u4f4f\\u8005\\u306e\\u7d66\\u4e0e\\u6240\\u5f97\\u306b\\u5bfe\\u3059\\u308b\\u3001\\u500b\\u4eba\\u6240\\u5f97\\u7a0e\\u984d\\u3092\\u8a08\\u7b97\\u3067\\u304d\\u307e\\u3059\\u3002\",\"formlayout\":\"top_aligned\",\"formtemplate\":\"\",\"evalequations\":1,\"evalequationsevent\":\"2\",\"loading_animation\":0,\"autocomplete\":1,\"persistence\":0,\"customstyles\":\"\"},\"formid\":\"cp_calculatedfieldsf_pform_1\"}];<\/script><!--\/noptimize--><\/pre>\r\n<div id=\"fbuilder\">\r\n\t\t<div id=\"fbuilder_1\">\r\n\t\t<div id=\"formheader_1\"><\/div>\r\n\t\t<div id=\"fieldlist_1\"><\/div>\r\n\t<\/div>\r\n<\/div>\r\n<div class=\"clearer\"><\/div>\r\n<input type=\"hidden\" name=\"trp-form-language\" value=\"vi\"\/><\/form>\r\n\r\n<\/div>\r\n<div class='printomatic pom-default' id='id6129'  data-print_target='article'><\/div>\r\n<p>Tuy\u00ean b\u1ed1 t\u1eeb ch\u1ed1i tr\u00e1ch nhi\u1ec7m<\/p>\r\n<p>* \u0110\u00e2y l\u00e0 m\u1ed9t h\u1ec7 th\u1ed1ng t\u00ednh to\u00e1n \u0111\u01a1n gi\u1ea3n v\u00e0 ch\u00fang t\u00f4i kh\u00f4ng ch\u1ecbu tr\u00e1ch nhi\u1ec7m v\u1ec1 k\u1ebft qu\u1ea3 t\u00ednh to\u00e1n.<\/p>\r\n<p>Vui l\u00f2ng tham kh\u1ea3o \u00fd ki\u1ebfn v\u0103n ph\u00f2ng k\u1ebf to\u00e1n \u0111\u1ec3 bi\u1ebft th\u00eam chi ti\u1ebft.<\/p>\r\n\r\n<div class=\"saboxplugin-wrap\" itemtype=\"http:\/\/schema.org\/Person\" itemscope=\"\" itemprop=\"author\">\r\n<div class=\"saboxplugin-tab\">\r\n<div class=\"saboxplugin-gravatar\"><img loading=\"lazy\" src=\"https:\/\/suzuki-global.com\/wp-content\/uploads\/2021\/12\/aacs-logo3.jpg\" width=\"100\" height=\"100\" alt=\"aacs logo3\" itemprop=\"image\" \/><\/div>\r\n<div class=\"saboxplugin-authorname\"><a href=\"https:\/\/suzuki-global.com\/vi\/author\/aacs\/\" class=\"vcard author\" rel=\"author\" itemprop=\"url\"><span class=\"fn\" itemprop=\"name\">[Gi\u00e1m s\u00e1t] V\u0103n ph\u00f2ng k\u1ebf to\u00e1n AACS (AACS Co., Ltd)<\/span><\/a><\/div>\r\n<div class=\"saboxplugin-desc\">\r\n<div itemprop=\"description\">\r\n<p>V\u0103n ph\u00f2ng K\u1ebf to\u00e1n AACS cung c\u1ea5p th\u00f4ng tin h\u1eefu \u00edch v\u1ec1 c\u00e1c lo\u1ea1i thu\u1ebf c\u1ee7a Vi\u1ec7t Nam. V\u0103n ph\u00f2ng k\u1ebf to\u00e1n AACS<u>C\u00f3 8 c\u01a1 s\u1edf tr\u00ean kh\u1eafp Vi\u1ec7t Nam v\u00e0 ch\u00fang t\u00f4i h\u1ee3p t\u00e1c v\u1edbi c\u00e1c c\u01a1 quan thu\u1ebf \u1edf t\u1eebng khu v\u1ef1c \u0111\u1ec3 h\u1ed7 tr\u1ee3 vi\u1ec7c ki\u1ec3m tra k\u1ebf to\u00e1n v\u00e0 c\u00e1c v\u1ea5n \u0111\u1ec1 thu\u1ebf di\u1ec5n ra su\u00f4n s\u1ebb.<\/u>L\u00e0m.<\/p>\r\n<\/div>\r\n<\/div>\r\n<div class=\"clearfix\"><\/div>\r\n<div class=\"saboxplugin-socials\"><a target=\"_self\" href=\"https:\/\/suzuki-global.com\/vi\/about-us\/\" aria-label=\"Th\u00eam \u0111i\u1ec1u n\u00e0y\" rel=\"nofollow noopener\" class=\"saboxplugin-icon-grey\"><svg aria-hidden=\"true\" class=\"sab-addthis\" role=\"img\" xmlns=\"http:\/\/www.w3.org\/2000\/svg\" viewbox=\"0 0 448 512\"><path fill=\"currentColor\" d=\"M400 32H48C21.5 32 0 53.5 0 80v352c0 26.5 21.5 48 48 48h352c26.5 0 48-21.5 48-48V80c0-26.5-21.5-48-48-48zm-32 252c0 6.6-5.4 12-12 12h-92v92c0 6.6-5.4 12-12 12h-56c-6.6 0-12-5.4-12-12v-92H92c-6.6 0-12-5.4-12-12v-56c0-6.6 5.4-12 12-12h92v-92c0-6.6 5.4-12 12-12h56c6.6 0 12 5.4 12 12v92h92c6.6 0 12 5.4 12 12v56z\"><\/path><\/svg><\/a><\/div>\r\n<\/div>\r\n<\/div>","protected":false},"excerpt":{"rendered":"<p>Thu\u1ebf thu nh\u1eadp c\u00e1 nh\u00e2n Vi\u1ec7t Nam | Gi\u1ea3i th\u00edch c\u00e1ch t\u00ednh thu\u1ebf TNCN (c\u01b0 tr\u00fa\/kh\u00f4ng c\u01b0 tr\u00fa) \u0111\u1ed1i v\u1edbi thu nh\u1eadp t\u1eeb ti\u1ec1n l\u01b0\u01a1ng Thu\u1ebf thu nh\u1eadp c\u00e1 nh\u00e2n t\u1ea1i Vi\u1ec7t Nam [\u2026]<\/p>","protected":false},"author":1,"featured_media":1181,"parent":1993,"menu_order":0,"comment_status":"closed","ping_status":"closed","template":"","meta":[],"categories":[],"tags":[66,139],"amp_enabled":false,"_links":{"self":[{"href":"https:\/\/suzuki-global.com\/vi\/wp-json\/wp\/v2\/pages\/1919"}],"collection":[{"href":"https:\/\/suzuki-global.com\/vi\/wp-json\/wp\/v2\/pages"}],"about":[{"href":"https:\/\/suzuki-global.com\/vi\/wp-json\/wp\/v2\/types\/page"}],"author":[{"embeddable":true,"href":"https:\/\/suzuki-global.com\/vi\/wp-json\/wp\/v2\/users\/1"}],"replies":[{"embeddable":true,"href":"https:\/\/suzuki-global.com\/vi\/wp-json\/wp\/v2\/comments?post=1919"}],"version-history":[{"count":85,"href":"https:\/\/suzuki-global.com\/vi\/wp-json\/wp\/v2\/pages\/1919\/revisions"}],"predecessor-version":[{"id":8075,"href":"https:\/\/suzuki-global.com\/vi\/wp-json\/wp\/v2\/pages\/1919\/revisions\/8075"}],"up":[{"embeddable":true,"href":"https:\/\/suzuki-global.com\/vi\/wp-json\/wp\/v2\/pages\/1993"}],"wp:featuredmedia":[{"embeddable":true,"href":"https:\/\/suzuki-global.com\/vi\/wp-json\/wp\/v2\/media\/1181"}],"wp:attachment":[{"href":"https:\/\/suzuki-global.com\/vi\/wp-json\/wp\/v2\/media?parent=1919"}],"wp:term":[{"taxonomy":"category","embeddable":true,"href":"https:\/\/suzuki-global.com\/vi\/wp-json\/wp\/v2\/categories?post=1919"},{"taxonomy":"post_tag","embeddable":true,"href":"https:\/\/suzuki-global.com\/vi\/wp-json\/wp\/v2\/tags?post=1919"}],"curies":[{"name":"wp","href":"https:\/\/api.w.org\/{rel}","templated":true}]}}