{"id":21,"date":"2020-01-04T17:24:07","date_gmt":"2020-01-04T08:24:07","guid":{"rendered":"http:\/\/suzuki-global.com\/vietnam-accounting\/?page_id=21"},"modified":"2022-01-02T13:13:42","modified_gmt":"2022-01-02T04:13:42","slug":"%e3%82%b3%e3%83%a9%e3%83%a0","status":"publish","type":"page","link":"https:\/\/suzuki-global.com\/vi\/%e3%82%b3%e3%83%a9%e3%83%a0\/","title":{"rendered":"c\u1ed9t"},"content":{"rendered":"<p>N\u1ed9i dung n\u00e0y \u0111\u01b0\u1ee3c gi\u1edbi h\u1ea1n cho c\u00e1c th\u00e0nh vi\u00ean \u0111\u00e3 \u0111\u0103ng k\u00fd.<\/p>\n<pre class=\"wp-block-code\"><\/pre>\n<p><span style=\"color: #0000ff;\"><a href=\"https:\/\/suzuki-global.com\/vi\/membership-join\/membership-registration\/\" style=\"color: #0000ff;\">\u0111\u00e2y<\/a><\/span>Vui l\u00f2ng \u0111\u0103ng k\u00fd l\u00e0m th\u00e0nh vi\u00ean m\u1edbi.<\/p>\n<p>[swpm_login_form]<\/p>\n<p>[swpm_protected]<\/p>\n<p>33333<\/p>\n<p>[\/swpm_protected]<br \/>\n5555<\/p>\n<p>&nbsp;<\/p>","protected":false},"excerpt":{"rendered":"<p>N\u1ed9i dung n\u00e0y ch\u1ec9 gi\u1edbi h\u1ea1n cho th\u00e0nh vi\u00ean \u0111\u00e3 \u0111\u0103ng k\u00fd. Vui l\u00f2ng \u0111\u0103ng k\u00fd l\u00e0m th\u00e0nh vi\u00ean m\u1edbi t\u1ea1i \u0111\u00e2y. [ [\u2026]<\/p>","protected":false},"author":2,"featured_media":0,"parent":0,"menu_order":0,"comment_status":"closed","ping_status":"closed","template":"","meta":[],"categories":[],"tags":[],"amp_enabled":true,"_links":{"self":[{"href":"https:\/\/suzuki-global.com\/vi\/wp-json\/wp\/v2\/pages\/21"}],"collection":[{"href":"https:\/\/suzuki-global.com\/vi\/wp-json\/wp\/v2\/pages"}],"about":[{"href":"https:\/\/suzuki-global.com\/vi\/wp-json\/wp\/v2\/types\/page"}],"author":[{"embeddable":true,"href":"https:\/\/suzuki-global.com\/vi\/wp-json\/wp\/v2\/users\/2"}],"replies":[{"embeddable":true,"href":"https:\/\/suzuki-global.com\/vi\/wp-json\/wp\/v2\/comments?post=21"}],"version-history":[{"count":9,"href":"https:\/\/suzuki-global.com\/vi\/wp-json\/wp\/v2\/pages\/21\/revisions"}],"predecessor-version":[{"id":8070,"href":"https:\/\/suzuki-global.com\/vi\/wp-json\/wp\/v2\/pages\/21\/revisions\/8070"}],"wp:attachment":[{"href":"https:\/\/suzuki-global.com\/vi\/wp-json\/wp\/v2\/media?parent=21"}],"wp:term":[{"taxonomy":"category","embeddable":true,"href":"https:\/\/suzuki-global.com\/vi\/wp-json\/wp\/v2\/categories?post=21"},{"taxonomy":"post_tag","embeddable":true,"href":"https:\/\/suzuki-global.com\/vi\/wp-json\/wp\/v2\/tags?post=21"}],"curies":[{"name":"wp","href":"https:\/\/api.w.org\/{rel}","templated":true}]}}