{"id":23,"date":"2020-01-04T17:24:07","date_gmt":"2020-01-04T08:24:07","guid":{"rendered":"http:\/\/suzuki-global.com\/vietnam-accounting\/?page_id=23"},"modified":"2025-07-18T16:02:58","modified_gmt":"2025-07-18T07:02:58","slug":"contact","status":"publish","type":"page","link":"https:\/\/suzuki-global.com\/vi\/contact\/","title":{"rendered":"T\u01b0 v\u1ea5n k\u1ebf to\u00e1n \/ thu\u1ebf Vi\u1ec7t Nam"},"content":{"rendered":"<div data-elementor-type=\"wp-page\" data-elementor-id=\"23\" class=\"elementor elementor-23\">\n\t\t\t\t\t\t<div class=\"elementor-inner\">\n\t\t\t\t<div class=\"elementor-section-wrap\">\n\t\t\t\t\t\t\t\t\t<section class=\"elementor-section elementor-top-section elementor-element elementor-element-a5ba412 elementor-hidden-tablet elementor-hidden-mobile elementor-hidden-desktop elementor-section-boxed elementor-section-height-default elementor-section-height-default\" data-id=\"a5ba412\" data-element_type=\"section\" data-settings=\"{&quot;background_background&quot;:&quot;classic&quot;}\">\n\t\t\t\t\t\t<div class=\"elementor-container elementor-column-gap-default\">\n\t\t\t\t\t\t\t<div class=\"elementor-row\">\n\t\t\t\t\t<div class=\"elementor-column elementor-col-100 elementor-top-column elementor-element elementor-element-4b039164\" data-id=\"4b039164\" data-element_type=\"column\">\n\t\t\t<div class=\"elementor-column-wrap elementor-element-populated\">\n\t\t\t\t\t\t\t<div class=\"elementor-widget-wrap\">\n\t\t\t\t\t\t<div class=\"elementor-element elementor-element-4093bcbd elementor-widget elementor-widget-spacer\" data-id=\"4093bcbd\" data-element_type=\"widget\" data-widget_type=\"spacer.default\">\n\t\t\t\t<div class=\"elementor-widget-container\">\n\t\t\t\t\t<div class=\"elementor-spacer\">\n\t\t\t<div class=\"elementor-spacer-inner\"><\/div>\n\t\t<\/div>\n\t\t\t\t<\/div>\n\t\t\t\t<\/div>\n\t\t\t\t\t\t<\/div>\n\t\t\t\t\t<\/div>\n\t\t<\/div>\n\t\t\t\t\t\t\t\t<\/div>\n\t\t\t\t\t<\/div>\n\t\t<\/section>\n\t\t\t\t<section class=\"elementor-section elementor-top-section elementor-element elementor-element-41aa64ca elementor-section-boxed elementor-section-height-default elementor-section-height-default\" data-id=\"41aa64ca\" data-element_type=\"section\">\n\t\t\t\t\t\t<div class=\"elementor-container elementor-column-gap-default\">\n\t\t\t\t\t\t\t<div class=\"elementor-row\">\n\t\t\t\t\t<div class=\"elementor-column elementor-col-100 elementor-top-column elementor-element elementor-element-32886bdc\" data-id=\"32886bdc\" data-element_type=\"column\">\n\t\t\t<div class=\"elementor-column-wrap elementor-element-populated\">\n\t\t\t\t\t\t\t<div class=\"elementor-widget-wrap\">\n\t\t\t\t\t\t<div class=\"elementor-element elementor-element-697beaf9 elementor-widget elementor-widget-heading\" data-id=\"697beaf9\" data-element_type=\"widget\" data-widget_type=\"heading.default\">\n\t\t\t\t<div class=\"elementor-widget-container\">\n\t\t\t<h2 class=\"elementor-heading-title elementor-size-default\">M\u00e2u li\u00ean h\u00ea\u0323<\/h2>\t\t<\/div>\n\t\t\t\t<\/div>\n\t\t\t\t<div class=\"elementor-element elementor-element-82155ee elementor-hidden-desktop elementor-hidden-tablet elementor-hidden-phone elementor-widget elementor-widget-heading\" data-id=\"82155ee\" data-element_type=\"widget\" data-widget_type=\"heading.default\">\n\t\t\t\t<div class=\"elementor-widget-container\">\n\t\t\t<h3 class=\"elementor-heading-title elementor-size-default\">H\u00e3y \u0111\u1ec3 AACS x\u1eed l\u00fd vi\u1ec7c th\u00e0nh l\u1eadp c\u00f4ng ty, k\u1ebf to\u00e1n, thu\u1ebf, ghi s\u1ed5 k\u1ebf to\u00e1n, ki\u1ec3m to\u00e1n, th\u00f4ng d\u1ecbch v\u00e0 k\u1ebft h\u1ee3p kinh doanh!<\/h3>\t\t<\/div>\n\t\t\t\t<\/div>\n\t\t\t\t<div class=\"elementor-element elementor-element-447298d elementor-hidden-phone elementor-widget elementor-widget-heading\" data-id=\"447298d\" data-element_type=\"widget\" data-widget_type=\"heading.default\">\n\t\t\t\t<div class=\"elementor-widget-container\">\n\t\t\t<h4 class=\"elementor-heading-title elementor-size-default\">N\u1ebfu b\u1ea1n c\u00f3 b\u1ea5t k\u1ef3 v\u1ea5n \u0111\u1ec1 n\u00e0o v\u1edbi vi\u1ec7c kinh doanh c\u1ee7a ch\u00fang t\u00f4i t\u1ea1i Vi\u1ec7t Nam, xin vui l\u00f2ng li\u00ean h\u1ec7 v\u1edbi ch\u00fang t\u00f4i.<\/h4>\t\t<\/div>\n\t\t\t\t<\/div>\n\t\t\t\t\t\t<\/div>\n\t\t\t\t\t<\/div>\n\t\t<\/div>\n\t\t\t\t\t\t\t\t<\/div>\n\t\t\t\t\t<\/div>\n\t\t<\/section>\n\t\t\t\t<section class=\"elementor-section elementor-top-section elementor-element elementor-element-728e87c elementor-section-content-middle elementor-section-boxed elementor-section-height-default elementor-section-height-default\" data-id=\"728e87c\" data-element_type=\"section\">\n\t\t\t\t\t\t<div class=\"elementor-container elementor-column-gap-default\">\n\t\t\t\t\t\t\t<div class=\"elementor-row\">\n\t\t\t\t\t<div class=\"elementor-column elementor-col-100 elementor-top-column elementor-element elementor-element-5975fc5\" data-id=\"5975fc5\" data-element_type=\"column\">\n\t\t\t<div class=\"elementor-column-wrap elementor-element-populated\">\n\t\t\t\t\t\t\t<div class=\"elementor-widget-wrap\">\n\t\t\t\t\t\t<section class=\"elementor-section elementor-inner-section elementor-element elementor-element-21973a5 elementor-section-boxed elementor-section-height-default elementor-section-height-default\" data-id=\"21973a5\" data-element_type=\"section\">\n\t\t\t\t\t\t<div class=\"elementor-container elementor-column-gap-default\">\n\t\t\t\t\t\t\t<div class=\"elementor-row\">\n\t\t\t\t\t<div class=\"elementor-column elementor-col-33 elementor-inner-column elementor-element elementor-element-158135c\" data-id=\"158135c\" data-element_type=\"column\">\n\t\t\t<div class=\"elementor-column-wrap\">\n\t\t\t\t\t\t\t<div class=\"elementor-widget-wrap\">\n\t\t\t\t\t\t\t\t<\/div>\n\t\t\t\t\t<\/div>\n\t\t<\/div>\n\t\t\t\t<div class=\"elementor-column elementor-col-33 elementor-inner-column elementor-element elementor-element-163d404\" data-id=\"163d404\" data-element_type=\"column\">\n\t\t\t<div class=\"elementor-column-wrap elementor-element-populated\">\n\t\t\t\t\t\t\t<div class=\"elementor-widget-wrap\">\n\t\t\t\t\t\t<div class=\"elementor-element elementor-element-62e3341 form7 elementor-widget elementor-widget-premium-contact-form\" data-id=\"62e3341\" data-element_type=\"widget\" data-widget_type=\"premium-contact-form.default\">\n\t\t\t\t<div class=\"elementor-widget-container\">\n\t\t\t\n\t\t\t<div class=\"premium-cf7-container\">\n\t\t\t\t<div role=\"form\" class=\"wpcf7\" id=\"wpcf7-f8121-o1\" lang=\"ja\" dir=\"ltr\">\n<div class=\"screen-reader-response\"><p role=\"status\" aria-live=\"polite\" aria-atomic=\"true\"><\/p> <ul><\/ul><\/div>\n<form action=\"\/vi\/wp-json\/wp\/v2\/pages\/23#wpcf7-f8121-o1\" method=\"post\" class=\"wpcf7-form init\" novalidate=\"novalidate\" data-status=\"init\" data-trp-original-action=\"\/vi\/wp-json\/wp\/v2\/pages\/23#wpcf7-f8121-o1\">\n<div style=\"display: none;\">\n<input type=\"hidden\" name=\"_wpcf7\" value=\"8121\" \/>\n<input type=\"hidden\" name=\"_wpcf7_version\" value=\"5.5.6\" \/>\n<input type=\"hidden\" name=\"_wpcf7_locale\" value=\"ja\" \/>\n<input type=\"hidden\" name=\"_wpcf7_unit_tag\" value=\"wpcf7-f8121-o1\" \/>\n<input type=\"hidden\" name=\"_wpcf7_container_post\" value=\"0\" \/>\n<input type=\"hidden\" name=\"_wpcf7_posted_data_hash\" value=\"\" \/>\n<\/div>\n<p><label> T\u00ean)<br \/>\n    <span class=\"wpcf7-form-control-wrap your-name\"><input type=\"text\" name=\"your-name\" value=\"\" size=\"40\" class=\"wpcf7-form-control wpcf7-text wpcf7-validates-as-required\" aria-required=\"true\" aria-invalid=\"false\" \/><\/span> <\/label><\/p>\n<p><label> \u0110\u1ecba ch\u1ec9 Email: (B\u1eaft bu\u1ed9c)<br \/>\n    <span class=\"wpcf7-form-control-wrap your-email\"><input type=\"email\" name=\"your-email\" value=\"\" size=\"40\" class=\"wpcf7-form-control wpcf7-text wpcf7-email wpcf7-validates-as-required wpcf7-validates-as-email\" aria-required=\"true\" aria-invalid=\"false\" \/><\/span> <\/label><\/p>\n<p><label> S\u1ed1 \u0111i\u1ec7n tho\u1ea1i (b\u1eaft bu\u1ed9c)<br \/>\n<span class=\"wpcf7-form-control-wrap tel-124\"><input type=\"tel\" name=\"tel-124\" value=\"\" size=\"40\" class=\"wpcf7-form-control wpcf7-text wpcf7-tel wpcf7-validates-as-required wpcf7-validates-as-tel tel-124\" id=\"tel-124\" aria-required=\"true\" aria-invalid=\"false\" \/><\/span><\/label><\/p>\n<p><label> N\u1ed9i dung th\u01b0<br \/>\n    <span class=\"wpcf7-form-control-wrap your-message\"><textarea name=\"your-message\" cols=\"40\" rows=\"10\" class=\"wpcf7-form-control wpcf7-textarea\" aria-invalid=\"false\"><\/textarea><\/span> <\/label><\/p>\n<p><span class=\"wpcf7-form-control-wrap acceptance-370\"><span class=\"wpcf7-form-control wpcf7-acceptance\"><span class=\"wpcf7-list-item\"><label><input type=\"checkbox\" name=\"acceptance-370\" value=\"1\" aria-invalid=\"false\" \/><span class=\"wpcf7-list-item-label\">T\u00f4i \u0111\u1ed3ng \u00fd v\u1edbi ch\u00ednh s\u00e1ch b\u1ea3o m\u1eadt.<\/span><\/label><\/span><\/span><\/span><br \/>\n<span id=\"wpcf7-69e903ce0c876-wrapper\" class=\"wpcf7-form-control-wrap your-zip-wrap\" style=\"display:none !important; visibility:hidden !important;\"><label for=\"wpcf7-69e903ce0c876-field\" class=\"hp-message\">Vui l\u00f2ng \u0111\u1ec3 tr\u1ed1ng tr\u01b0\u1eddng n\u00e0y.<\/label><input id=\"wpcf7-69e903ce0c876-field\"  class=\"wpcf7-form-control wpcf7-text\" type=\"text\" name=\"your-zip\" value=\"\" size=\"40\" tabindex=\"-1\" autocomplete=\"new-password\" \/><\/span><br \/>\n<input type=\"submit\" value=\"g\u1eedi\" class=\"wpcf7-form-control has-spinner wpcf7-submit\" \/><\/p>\n<p class=\"recaptcha_policy\">Trang web n\u00e0y \u0111\u01b0\u1ee3c b\u1ea3o v\u1ec7 b\u1edfi reCAPTCHA v\u00e0 Google<a href=\"https:\/\/policies.google.com\/privacy\" target=\"_blank\">Ch\u00ednh s\u00e1ch b\u1ea3o m\u1eadt<\/a> v\u00e0 <a href=\"https:\/\/policies.google.com\/terms\" target=\"_blank\">\u0110i\u1ec1u kho\u1ea3n d\u1ecbch v\u1ee5<\/a> \u00e1p d\u1ee5ng.<\/p>\n<input type=\"hidden\" id=\"ct_checkjs_cf7_b73ce398c39f506af761d2277d853a92\" name=\"ct_checkjs_cf7\" value=\"0\" \/><script >setTimeout(function(){var ct_input_name = \"ct_checkjs_cf7_b73ce398c39f506af761d2277d853a92\";if (document.getElementById(ct_input_name) !== null) {var ct_input_value = document.getElementById(ct_input_name).value;document.getElementById(ct_input_name).value = document.getElementById(ct_input_name).value.replace(ct_input_value, 'ca9555e215cbf4b3deb78a8f485adbfdcf75f273ca7b3f87647f8dd39c4ff6e8');}}, 1000);<\/script><input\n                    class=\"apbct_special_field apbct_email_id__wp_contact_form_7\"\n                    name=\"apbct__email_id__wp_contact_form_7\"\n                    aria-label=\"apbct__label_id__wp_contact_form_7\"\n                    type=\"text\" size=\"30\" maxlength=\"200\" autocomplete=\"off\"\n                    value=\"\"\n                \/><div class=\"inv-recaptcha-holder\"><\/div><div class=\"wpcf7-response-output\" aria-hidden=\"true\"><\/div><input\n                    class=\"apbct_special_field apbct_email_id__elementor_form\"\n                    name=\"apbct__email_id__elementor_form\"\n                    aria-label=\"apbct__label_id__elementor_form\"\n                    type=\"text\" size=\"30\" maxlength=\"200\" autocomplete=\"off\"\n                    value=\"\"\n                \/><input type=\"hidden\" name=\"trp-form-language\" value=\"vi\"\/><\/form><\/div>\t\t\t<\/div>\n\n\t\t\t\t\t<\/div>\n\t\t\t\t<\/div>\n\t\t\t\t\t\t<\/div>\n\t\t\t\t\t<\/div>\n\t\t<\/div>\n\t\t\t\t<div class=\"elementor-column elementor-col-33 elementor-inner-column elementor-element elementor-element-60693aa\" data-id=\"60693aa\" data-element_type=\"column\">\n\t\t\t<div class=\"elementor-column-wrap\">\n\t\t\t\t\t\t\t<div class=\"elementor-widget-wrap\">\n\t\t\t\t\t\t\t\t<\/div>\n\t\t\t\t\t<\/div>\n\t\t<\/div>\n\t\t\t\t\t\t\t\t<\/div>\n\t\t\t\t\t<\/div>\n\t\t<\/section>\n\t\t\t\t<div class=\"elementor-element elementor-element-5d666c3a elementor-button-align-center elementor-hidden-desktop elementor-hidden-tablet elementor-hidden-mobile elementor-widget elementor-widget-form\" data-id=\"5d666c3a\" data-element_type=\"widget\" data-settings=\"{&quot;step_next_label&quot;:&quot;Next&quot;,&quot;step_previous_label&quot;:&quot;Previous&quot;,&quot;button_width&quot;:&quot;100&quot;,&quot;step_type&quot;:&quot;number_text&quot;,&quot;step_icon_shape&quot;:&quot;circle&quot;}\" data-widget_type=\"form.default\">\n\t\t\t\t<div class=\"elementor-widget-container\">\n\t\t\t\t\t<form class=\"elementor-form\" method=\"post\" name=\"New Form\" action=\"\">\n\t\t\t<input type=\"hidden\" name=\"post_id\" value=\"23\"\/>\n\t\t\t<input type=\"hidden\" name=\"form_id\" value=\"5d666c3a\"\/>\n\t\t\t<input type=\"hidden\" name=\"referer_title\" value=\"\" \/>\n\n\t\t\t\n\t\t\t<div class=\"elementor-form-fields-wrapper elementor-labels-above\">\n\t\t\t\t\t\t\t\t<div class=\"elementor-field-type-text elementor-field-group elementor-column elementor-field-group-name elementor-col-100 elementor-field-required elementor-mark-required\">\n\t\t\t\t\t\t\t\t\t\t\t\t<label for=\"form-field-name\" class=\"elementor-field-label\">\n\t\t\t\t\t\t\t\tT\u00ean\t\t\t\t\t\t\t<\/label>\n\t\t\t\t\t\t\t\t\t\t\t\t\t\t<input size=\"1\" type=\"text\" name=\"form_fields[name]\" id=\"form-field-name\" class=\"elementor-field elementor-size-md  elementor-field-textual\" placeholder=\"Xin h\u00e3y nh\u1eadp t\u00ean c\u1ee7a b\u1ea1n.\" required=\"required\" aria-required=\"true\">\n\t\t\t\t\t\t\t\t\t\t\t<\/div>\n\t\t\t\t\t\t\t\t<div class=\"elementor-field-type-email elementor-field-group elementor-column elementor-field-group-email elementor-col-100 elementor-field-required elementor-mark-required\">\n\t\t\t\t\t\t\t\t\t\t\t\t<label for=\"form-field-email\" class=\"elementor-field-label\">\n\t\t\t\t\t\t\t\tE-mail\t\t\t\t\t\t\t<\/label>\n\t\t\t\t\t\t\t\t\t\t\t\t\t\t<input size=\"1\" type=\"email\" name=\"form_fields[email]\" id=\"form-field-email\" class=\"elementor-field elementor-size-md  elementor-field-textual\" placeholder=\"Vui l\u00f2ng nh\u1eadp \u0111\u1ecba ch\u1ec9 email c\u1ee7a b\u1ea1n.\" required=\"required\" aria-required=\"true\">\n\t\t\t\t\t\t\t\t\t\t\t<\/div>\n\t\t\t\t\t\t\t\t<div class=\"elementor-field-type-tel elementor-field-group elementor-column elementor-field-group-tel elementor-col-100 elementor-field-required elementor-mark-required\">\n\t\t\t\t\t\t\t\t\t\t\t\t<label for=\"form-field-tel\" class=\"elementor-field-label\">\n\t\t\t\t\t\t\t\tS\u1ed1 \u0111i\u1ec7n tho\u1ea1i c\u1ee7a b\u1ea1n\t\t\t\t\t\t\t<\/label>\n\t\t\t\t\t\t\t\t<input size=\"1\" type=\"tel\" name=\"form_fields[tel]\" id=\"form-field-tel\" class=\"elementor-field elementor-size-md  elementor-field-textual\" placeholder=\"Xin vui l\u00f2ng \u0111i\u1ec1n s\u1ed1 \u0111i\u1ec7n tho\u1ea1i c\u1ee7a b\u1ea1n.\" required=\"required\" aria-required=\"true\" pattern=\"[0-9()#&amp;+*-=.]+\" title=\"Ch\u1ec9 c\u00e1c s\u1ed1 v\u00e0 k\u00fd t\u1ef1 \u0111i\u1ec7n tho\u1ea1i (#, -, *, v.v.) m\u1edbi \u0111\u01b0\u1ee3c ch\u1ea5p nh\u1eadn.\">\n\n\t\t\t\t\t\t<\/div>\n\t\t\t\t\t\t\t\t<div class=\"elementor-field-type-select elementor-field-group elementor-column elementor-field-group-field_97b3b69 elementor-col-50\">\n\t\t\t\t\t\t\t\t\t\t\t\t<label for=\"form-field-field_97b3b69\" class=\"elementor-field-label\">\n\t\t\t\t\t\t\t\tN\u1ed9i dung t\u01b0 v\u1ea5n\t\t\t\t\t\t\t<\/label>\n\t\t\t\t\t\t\t\t<div class=\"elementor-field elementor-select-wrapper\">\n\t\t\t<select name=\"form_fields[field_97b3b69]\" id=\"form-field-field_97b3b69\" class=\"elementor-field-textual elementor-size-md\">\n\t\t\t\t\t\t\t\t\t<option value=\"\u4f1a\u793e\u8a2d\u7acb\">Th\u00e0nh l\u1eadp c\u00f4ng ty<\/option>\n\t\t\t\t\t\t\t\t\t<option value=\"\u4f1a\u8a08\u30fb\u7a0e\u52d9\u306e\u3054\u76f8\u8ac7\">T\u01b0 v\u1ea5n k\u1ebf to\u00e1n v\u00e0 thu\u1ebf<\/option>\n\t\t\t\t\t\t\t\t\t<option value=\"\u8a18\u5e33\u4ee3\u884c\">C\u01a1 quan k\u1ebf to\u00e1n<\/option>\n\t\t\t\t\t\t\t\t\t<option value=\"\u76e3\u67fb\">ki\u1ec3m to\u00e1n<\/option>\n\t\t\t\t\t\t\t\t\t<option value=\"\u7ffb\u8a33\u30fb\u901a\u8a33\">Phi\u00ean d\u1ecbch<\/option>\n\t\t\t\t\t\t\t\t\t<option value=\"\u30d3\u30b8\u30cd\u30b9\u30de\u30c3\u30c1\u30f3\u30b0\u30fbM&amp;A\">K\u1ebft h\u1ee3p kinh doanh \/ M &amp; A<\/option>\n\t\t\t\t\t\t\t<\/select>\n\t\t<\/div>\n\t\t\t\t\t\t<\/div>\n\t\t\t\t\t\t\t\t<div class=\"elementor-field-type-textarea elementor-field-group elementor-column elementor-field-group-message elementor-col-100\">\n\t\t\t\t\t\t\t\t\t\t\t\t<label for=\"form-field-message\" class=\"elementor-field-label\">\n\t\t\t\t\t\t\t\tN\u1ed9i dung \u0111i\u1ec1u tra\t\t\t\t\t\t\t<\/label>\n\t\t\t\t\t\t<textarea class=\"elementor-field-textual elementor-field  elementor-size-md\" name=\"form_fields[message]\" id=\"form-field-message\" rows=\"3\" placeholder=\"T\u00f4i mu\u1ed1n trao \u0111\u1ed5i v\u1ec1 c\u00e1c chi ph\u00ed v\u00e0 th\u1ee7 t\u1ee5c li\u00ean quan \u0111\u1ebfn vi\u1ec7c th\u00e0nh l\u1eadp c\u00f4ng ty.\"><\/textarea>\t\t\t\t<\/div>\n\t\t\t\t\t\t\t\t<div class=\"elementor-field-group elementor-column elementor-field-type-submit elementor-col-100 e-form__buttons\">\n\t\t\t\t\t<button type=\"submit\" class=\"elementor-button elementor-size-md\">\n\t\t\t\t\t\t<span >\n\t\t\t\t\t\t\t\t\t\t\t\t\t\t\t<span class=\"elementor-button-icon\">\n\t\t\t\t\t\t\t\t\t\t\t\t\t\t\t\t\t\t\t\t\t\t\t\t\t\t<\/span>\n\t\t\t\t\t\t\t\t\t\t\t\t\t\t\t\t\t\t\t\t\t\t<span class=\"elementor-button-text\">G\u1eedi y\u00eau c\u1ea7u<\/span>\n\t\t\t\t\t\t\t\t\t\t\t\t\t<\/span>\n\t\t\t\t\t<\/button>\n\t\t\t\t<\/div>\n\t\t\t<\/div>\n\t\t<input\n                    class=\"apbct_special_field apbct_email_id__elementor_form\"\n                    name=\"apbct__email_id__elementor_form\"\n                    aria-label=\"apbct__label_id__elementor_form\"\n                    type=\"text\" size=\"30\" maxlength=\"200\" autocomplete=\"off\"\n                    value=\"\"\n                \/><input type=\"hidden\" name=\"trp-form-language\" value=\"vi\"\/><\/form>\n\t\t\t\t<\/div>\n\t\t\t\t<\/div>\n\t\t\t\t\t\t<\/div>\n\t\t\t\t\t<\/div>\n\t\t<\/div>\n\t\t\t\t\t\t\t\t<\/div>\n\t\t\t\t\t<\/div>\n\t\t<\/section>\n\t\t\t\t\t\t\t\t\t<\/div>\n\t\t\t<\/div>\n\t\t\t\t\t<\/div>","protected":false},"excerpt":{"rendered":"<p>Bi\u1ec3u m\u1eabu y\u00eau c\u1ea7u \u0110\u1ec3 vi\u1ec7c th\u00e0nh l\u1eadp c\u00f4ng ty c\u1ee7a b\u1ea1n, k\u1ebf to\u00e1n, thu\u1ebf, ghi s\u1ed5 k\u1ebf to\u00e1n, ki\u1ec3m to\u00e1n, gi\u1ea3i th\u00edch v\u00e0 k\u1ebft n\u1ed1i ho\u1ea1t \u0111\u1ed9ng kinh doanh v\u1edbi AACS [\u2026]<\/p>","protected":false},"author":2,"featured_media":0,"parent":0,"menu_order":0,"comment_status":"closed","ping_status":"closed","template":"elementor_header_footer","meta":[],"categories":[],"tags":[],"amp_enabled":false,"_links":{"self":[{"href":"https:\/\/suzuki-global.com\/vi\/wp-json\/wp\/v2\/pages\/23"}],"collection":[{"href":"https:\/\/suzuki-global.com\/vi\/wp-json\/wp\/v2\/pages"}],"about":[{"href":"https:\/\/suzuki-global.com\/vi\/wp-json\/wp\/v2\/types\/page"}],"author":[{"embeddable":true,"href":"https:\/\/suzuki-global.com\/vi\/wp-json\/wp\/v2\/users\/2"}],"replies":[{"embeddable":true,"href":"https:\/\/suzuki-global.com\/vi\/wp-json\/wp\/v2\/comments?post=23"}],"version-history":[{"count":240,"href":"https:\/\/suzuki-global.com\/vi\/wp-json\/wp\/v2\/pages\/23\/revisions"}],"predecessor-version":[{"id":8657,"href":"https:\/\/suzuki-global.com\/vi\/wp-json\/wp\/v2\/pages\/23\/revisions\/8657"}],"wp:attachment":[{"href":"https:\/\/suzuki-global.com\/vi\/wp-json\/wp\/v2\/media?parent=23"}],"wp:term":[{"taxonomy":"category","embeddable":true,"href":"https:\/\/suzuki-global.com\/vi\/wp-json\/wp\/v2\/categories?post=23"},{"taxonomy":"post_tag","embeddable":true,"href":"https:\/\/suzuki-global.com\/vi\/wp-json\/wp\/v2\/tags?post=23"}],"curies":[{"name":"wp","href":"https:\/\/api.w.org\/{rel}","templated":true}]}}