{"id":3714,"date":"2021-10-12T00:11:22","date_gmt":"2021-10-11T15:11:22","guid":{"rendered":"https:\/\/suzuki-global.com\/?page_id=3714"},"modified":"2022-06-30T00:15:32","modified_gmt":"2022-06-29T15:15:32","slug":"ma-dd","status":"publish","type":"page","link":"https:\/\/suzuki-global.com\/vi\/business-services\/ma-dd\/","title":{"rendered":"Mua l\u1ea1i t\u1eadp \u0111o\u00e0n Vi\u1ec7t Nam (M &amp; A, th\u1ea9m \u0111\u1ecbnh)"},"content":{"rendered":"<div data-elementor-type=\"wp-page\" data-elementor-id=\"3714\" class=\"elementor elementor-3714\">\n\t\t\t\t\t\t<div class=\"elementor-inner\">\n\t\t\t\t<div class=\"elementor-section-wrap\">\n\t\t\t\t\t\t\t\t\t<section class=\"elementor-section elementor-top-section elementor-element elementor-element-7a82f0b8 elementor-hidden-tablet elementor-hidden-phone elementor-section-boxed elementor-section-height-default elementor-section-height-default\" data-id=\"7a82f0b8\" data-element_type=\"section\" data-settings=\"{&quot;background_background&quot;:&quot;classic&quot;}\">\n\t\t\t\t\t\t<div class=\"elementor-container elementor-column-gap-default\">\n\t\t\t\t\t\t\t<div class=\"elementor-row\">\n\t\t\t\t\t<div class=\"elementor-column elementor-col-100 elementor-top-column elementor-element elementor-element-5332394b\" data-id=\"5332394b\" data-element_type=\"column\">\n\t\t\t<div class=\"elementor-column-wrap elementor-element-populated\">\n\t\t\t\t\t\t\t<div class=\"elementor-widget-wrap\">\n\t\t\t\t\t\t<div class=\"elementor-element elementor-element-222d7882 elementor-widget elementor-widget-spacer\" data-id=\"222d7882\" data-element_type=\"widget\" data-widget_type=\"spacer.default\">\n\t\t\t\t<div class=\"elementor-widget-container\">\n\t\t\t\t\t<div class=\"elementor-spacer\">\n\t\t\t<div class=\"elementor-spacer-inner\"><\/div>\n\t\t<\/div>\n\t\t\t\t<\/div>\n\t\t\t\t<\/div>\n\t\t\t\t\t\t<\/div>\n\t\t\t\t\t<\/div>\n\t\t<\/div>\n\t\t\t\t\t\t\t\t<\/div>\n\t\t\t\t\t<\/div>\n\t\t<\/section>\n\t\t\t\t<section class=\"elementor-section elementor-top-section elementor-element elementor-element-c0979cf elementor-section-boxed elementor-section-height-default elementor-section-height-default\" data-id=\"c0979cf\" data-element_type=\"section\">\n\t\t\t\t\t\t<div class=\"elementor-container elementor-column-gap-default\">\n\t\t\t\t\t\t\t<div class=\"elementor-row\">\n\t\t\t\t\t<div class=\"elementor-column elementor-col-100 elementor-top-column elementor-element elementor-element-99498f1\" data-id=\"99498f1\" data-element_type=\"column\">\n\t\t\t<div class=\"elementor-column-wrap elementor-element-populated\">\n\t\t\t\t\t\t\t<div class=\"elementor-widget-wrap\">\n\t\t\t\t\t\t<div class=\"elementor-element elementor-element-f72e58d elementor-widget elementor-widget-heading\" data-id=\"f72e58d\" data-element_type=\"widget\" data-widget_type=\"heading.default\">\n\t\t\t\t<div class=\"elementor-widget-container\">\n\t\t\t<h1 class=\"elementor-heading-title elementor-size-default\">Mua l\u1ea1i c\u00f4ng ty Vi\u1ec7t Nam (M&amp;A, th\u1ea9m \u0111\u1ecbnh)<\/h1>\t\t<\/div>\n\t\t\t\t<\/div>\n\t\t\t\t\t\t<\/div>\n\t\t\t\t\t<\/div>\n\t\t<\/div>\n\t\t\t\t\t\t\t\t<\/div>\n\t\t\t\t\t<\/div>\n\t\t<\/section>\n\t\t\t\t<section class=\"elementor-section elementor-top-section elementor-element elementor-element-c17822c elementor-section-full_width elementor-section-content-middle elementor-section-height-default elementor-section-height-default\" data-id=\"c17822c\" data-element_type=\"section\">\n\t\t\t\t\t\t<div class=\"elementor-container elementor-column-gap-default\">\n\t\t\t\t\t\t\t<div class=\"elementor-row\">\n\t\t\t\t\t<div class=\"elementor-column elementor-col-100 elementor-top-column elementor-element elementor-element-448f2ae\" data-id=\"448f2ae\" data-element_type=\"column\">\n\t\t\t<div class=\"elementor-column-wrap elementor-element-populated\">\n\t\t\t\t\t\t\t<div class=\"elementor-widget-wrap\">\n\t\t\t\t\t\t<div class=\"elementor-element elementor-element-fdde0d1 elementor-widget elementor-widget-image\" data-id=\"fdde0d1\" data-element_type=\"widget\" data-widget_type=\"image.default\">\n\t\t\t\t<div class=\"elementor-widget-container\">\n\t\t\t\t\t\t\t\t<div class=\"elementor-image\">\n\t\t\t\t\t\t\t\t\t\t\t\t<img width=\"2560\" height=\"1707\" src=\"https:\/\/suzuki-global.com\/wp-content\/uploads\/2021\/06\/dylan-gillis-KdeqA3aTnBY-unsplash-scaled.jpg\" class=\"attachment-full size-full\" alt=\"H\u1ed9i ngh\u1ecb kinh doanh\" loading=\"lazy\" srcset=\"https:\/\/suzuki-global.com\/wp-content\/uploads\/2021\/06\/dylan-gillis-KdeqA3aTnBY-unsplash-scaled.jpg 2560w, https:\/\/suzuki-global.com\/wp-content\/uploads\/2021\/06\/dylan-gillis-KdeqA3aTnBY-unsplash-768x512.jpg 768w, https:\/\/suzuki-global.com\/wp-content\/uploads\/2021\/06\/dylan-gillis-KdeqA3aTnBY-unsplash-1536x1024.jpg 1536w, https:\/\/suzuki-global.com\/wp-content\/uploads\/2021\/06\/dylan-gillis-KdeqA3aTnBY-unsplash-2048x1365.jpg 2048w, https:\/\/suzuki-global.com\/wp-content\/uploads\/2021\/06\/dylan-gillis-KdeqA3aTnBY-unsplash-360x240.jpg 360w\" sizes=\"(max-width: 2560px) 100vw, 2560px\" \/>\t\t\t\t\t\t\t\t\t\t\t\t\t\t<\/div>\n\t\t\t\t\t\t<\/div>\n\t\t\t\t<\/div>\n\t\t\t\t\t\t<\/div>\n\t\t\t\t\t<\/div>\n\t\t<\/div>\n\t\t\t\t\t\t\t\t<\/div>\n\t\t\t\t\t<\/div>\n\t\t<\/section>\n\t\t\t\t<section class=\"elementor-section elementor-top-section elementor-element elementor-element-c548151 elementor-section-boxed elementor-section-height-default elementor-section-height-default\" data-id=\"c548151\" data-element_type=\"section\">\n\t\t\t\t\t\t<div class=\"elementor-container elementor-column-gap-default\">\n\t\t\t\t\t\t\t<div class=\"elementor-row\">\n\t\t\t\t\t<div class=\"elementor-column elementor-col-100 elementor-top-column elementor-element elementor-element-5902e43\" data-id=\"5902e43\" data-element_type=\"column\">\n\t\t\t<div class=\"elementor-column-wrap elementor-element-populated\">\n\t\t\t\t\t\t\t<div class=\"elementor-widget-wrap\">\n\t\t\t\t\t\t<div class=\"elementor-element elementor-element-6ee026e elementor-widget elementor-widget-heading\" data-id=\"6ee026e\" data-element_type=\"widget\" data-widget_type=\"heading.default\">\n\t\t\t\t<div class=\"elementor-widget-container\">\n\t\t\t<h2 class=\"elementor-heading-title elementor-size-default\">Mua l\u1ea1i c\u00f4ng ty Vi\u1ec7t Nam<\/h2>\t\t<\/div>\n\t\t\t\t<\/div>\n\t\t\t\t<div class=\"elementor-element elementor-element-84fe380 elementor-widget elementor-widget-text-editor\" data-id=\"84fe380\" data-element_type=\"widget\" data-widget_type=\"text-editor.default\">\n\t\t\t\t<div class=\"elementor-widget-container\">\n\t\t\t\t\t\t\t\t<div class=\"elementor-text-editor elementor-clearfix\">\n\t\t\t\t<p>Ho\u1ea1t \u0111\u1ed9ng trung gian M&amp;A c\u1ee7a ch\u00fang t\u00f4i d\u1ef1a tr\u00ean h\u1ec7 th\u1ed1ng ph\u00ed th\u00e0nh c\u00f4ng ho\u00e0n ch\u1ec9nh.<br>Ch\u00fang t\u00f4i kh\u00f4ng t\u00ednh ph\u00ed b\u1eaft \u0111\u1ea7u, ph\u00ed h\u00e0ng th\u00e1ng ho\u1eb7c ph\u00ed t\u1ea1m th\u1eddi.<br>B\u1ea1n s\u1ebd ch\u1ec9 nh\u1eadn \u0111\u01b0\u1ee3c ti\u1ec1n b\u1ed3i th\u01b0\u1eddng khi M&amp;A ho\u00e0n t\u1ea5t.<\/p>\n<p>Th\u1eddi gian g\u1ea7n \u0111\u00e2y, M&amp;A \u0111ang b\u00f9ng n\u1ed5 t\u1ea1i Vi\u1ec7t Nam.<br>Nh\u00f3m chuy\u00ean gia c\u1ee7a ch\u00fang t\u00f4i (lu\u1eadt s\u01b0, k\u1ebf to\u00e1n, v.v.) kh\u00f4ng t\u00edch c\u1ef1c qu\u1ea3ng c\u00e1o M&amp;A, m\u1eb7c d\u00f9 ch\u00fang t\u00f4i c\u00f3 m\u1ed9t nh\u00f3m chuy\u00ean v\u1ec1 \u0111\u1ecbnh gi\u00e1 doanh nghi\u1ec7p.<\/p>\n<p>L\u1ea7n n\u00e0y, ch\u00fang t\u00f4i \u0111\u00e3 thi\u1ebft l\u1eadp m\u1ed9t h\u1ec7 th\u1ed1ng c\u00f3 th\u1ec3 cung c\u1ea5p h\u1ed7 tr\u1ee3 nh\u1ea5t qu\u00e1n, ch\u1eb3ng h\u1ea1n nh\u01b0 th\u1ea9m \u0111\u1ecbnh ph\u00e1p l\u00fd, th\u1ea9m \u0111\u1ecbnh t\u00e0i ch\u00ednh, v.v. t\u1eeb \u0111\u1ea7u m\u1ed1i li\u00ean h\u1ec7 v\u00e0 qu\u1ea3ng c\u00e1o M&amp;A theo y\u00eau c\u1ea7u \u0111\u00e3 tr\u1edf th\u00e0nh xu h\u01b0\u1edbng.<\/p>\n<p>\u0110\u1eb7c \u0111i\u1ec3m c\u1ee7a c\u00f4ng ty ch\u00fang t\u00f4i v\u00e0 c\u00e1c c\u00f4ng ty kh\u00e1c l\u00e0 ph\u00ed th\u00e0nh c\u00f4ng ho\u00e0n to\u00e0n.<br>Do t\u1eadp qu\u00e1n c\u1ee7a ng\u00e0nh, M&amp;A c\u00f3 xu h\u01b0\u1edbng tr\u1edf th\u00e0nh m\u1ed9t m\u1ee5c ti\u00eau t\u1ef1 th\u00e2n (ngay c\u1ea3 khi x\u00e1c su\u1ea5t th\u00e0nh c\u00f4ng th\u1ea5p, n\u00f3 s\u1ebd \u0111\u01b0\u1ee3c ch\u1ea5p nh\u1eadn m\u1ed9t l\u1ea7n).<\/p>\n<p>C\u00f4ng ty ch\u00fang t\u00f4i c\u00f3 m\u1ed9t h\u1ec7 th\u1ed1ng b\u1ed3i th\u01b0\u1eddng d\u1ef1a tr\u00ean ti\u1ec1n \u0111\u1ec1 th\u00e0nh l\u1eadp.<br>Ch\u00fang t\u00f4i kh\u00f4ng nh\u1eadn \u0111\u01b0\u1ee3c ti\u1ec1n b\u1ed3i th\u01b0\u1eddng \u1edf giai \u0111o\u1ea1n nghi\u00ean c\u1ee9u v\u00e0 \u0111\u1ec1 xu\u1ea5t c\u1ee7a c\u00f4ng ty.<br>Ch\u00fang t\u00f4i s\u1ebd th\u00f4ng b\u00e1o cho b\u1ea1n v\u1ec1 kh\u1ea3 n\u0103ng th\u00e0nh l\u1eadp.<\/p><p><span style=\"font-size: inherit; color: var( --e-global-color-text ); font-family: var( --e-global-typography-text-font-family ), Sans-serif; font-weight: var( --e-global-typography-text-font-weight );\">*Ch\u00fang t\u00f4i s\u1ebd s\u1eed d\u1ee5ng ph\u01b0\u01a1ng ph\u00e1p Lehman cho h\u1ec7 th\u1ed1ng th\u00f9 lao v\u1edbi t\u1ef7 l\u1ec7 t\u01b0\u01a1ng t\u1ef1 nh\u01b0 \u1edf Nh\u1eadt B\u1ea3n.<\/span><\/p><p>Xin c\u1ee9 tho\u1ea3i m\u00e1i li\u00ean l\u1ea1c v\u1edbi ch\u00fang t\u00f4i.<\/p>\t\t\t\t\t<\/div>\n\t\t\t\t\t\t<\/div>\n\t\t\t\t<\/div>\n\t\t\t\t\t\t<\/div>\n\t\t\t\t\t<\/div>\n\t\t<\/div>\n\t\t\t\t\t\t\t\t<\/div>\n\t\t\t\t\t<\/div>\n\t\t<\/section>\n\t\t\t\t<section class=\"elementor-section elementor-top-section elementor-element elementor-element-d2ce0e9 elementor-section-boxed elementor-section-height-default elementor-section-height-default\" data-id=\"d2ce0e9\" data-element_type=\"section\">\n\t\t\t\t\t\t<div class=\"elementor-container elementor-column-gap-default\">\n\t\t\t\t\t\t\t<div class=\"elementor-row\">\n\t\t\t\t\t<div class=\"elementor-column elementor-col-100 elementor-top-column elementor-element elementor-element-827d21a\" data-id=\"827d21a\" data-element_type=\"column\">\n\t\t\t<div class=\"elementor-column-wrap elementor-element-populated\">\n\t\t\t\t\t\t\t<div class=\"elementor-widget-wrap\">\n\t\t\t\t\t\t<div class=\"elementor-element elementor-element-c70a608 elementor-widget elementor-widget-spacer\" data-id=\"c70a608\" data-element_type=\"widget\" data-widget_type=\"spacer.default\">\n\t\t\t\t<div class=\"elementor-widget-container\">\n\t\t\t\t\t<div class=\"elementor-spacer\">\n\t\t\t<div class=\"elementor-spacer-inner\"><\/div>\n\t\t<\/div>\n\t\t\t\t<\/div>\n\t\t\t\t<\/div>\n\t\t\t\t<div class=\"elementor-element elementor-element-60ddd66 elementor-cta--layout-image-left elementor-cta--mobile-layout-image-above elementor-cta--skin-classic elementor-animated-content elementor-bg-transform elementor-bg-transform-zoom-in elementor-widget elementor-widget-call-to-action\" data-id=\"60ddd66\" data-element_type=\"widget\" data-widget_type=\"call-to-action.default\">\n\t\t\t\t<div class=\"elementor-widget-container\">\n\t\t\t\t\t<a class=\"elementor-cta\" href=\"https:\/\/suzuki-global.com\/vi\/contact\/\">\n\t\t\t\t\t<div class=\"elementor-cta__bg-wrapper\">\n\t\t\t\t<div class=\"elementor-cta__bg elementor-bg\" style=\"background-image: url(https:\/\/suzuki-global.com\/wp-content\/uploads\/2020\/03\/Recruit-woman.jpg);\"><\/div>\n\t\t\t\t<div class=\"elementor-cta__bg-overlay\"><\/div>\n\t\t\t<\/div>\n\t\t\t\t\t\t\t<div class=\"elementor-cta__content\">\n\t\t\t\t\n\t\t\t\t<h2 class=\"elementor-cta__title elementor-cta__content-item elementor-content-item\">N\u1ebfu b\u1ea1n g\u1eb7p r\u1eafc r\u1ed1i v\u1edbi k\u1ebf to\u00e1n ho\u1eb7c s\u1ed5 s\u00e1ch k\u1ebf to\u00e1n<br>Xin c\u1ee9 tho\u1ea3i m\u00e1i li\u00ean l\u1ea1c v\u1edbi ch\u00fang t\u00f4i.<\/h2>\n\t\t\t\t\t\t\t\t\t<div class=\"elementor-cta__description elementor-cta__content-item elementor-content-item\">\n\t\t\t\t\t\t\u0110\u1ed9i ng\u0169 nh\u00e2n vi\u00ean chuy\u00ean nghi\u1ec7p c\u1ee7a AACS s\u1ebd h\u1ed7 tr\u1ee3 b\u1ea1n v\u1eefng ch\u1eafc.\t\t\t\t\t<\/div>\n\t\t\t\t\n\t\t\t\t\t\t\t\t\t<div class=\"elementor-cta__button-wrapper elementor-cta__content-item elementor-content-item\">\n\t\t\t\t\t<span class=\"elementor-cta__button elementor-button elementor-size-sm\">\n\t\t\t\t\t\tLi\u00ean h\u1ec7 ch\u00fang t\u00f4i\t\t\t\t\t<\/span>\n\t\t\t\t\t<\/div>\n\t\t\t\t\t\t\t<\/div>\n\t\t\t\t\t\t\t<div class=\"elementor-ribbon elementor-ribbon-right\">\n\t\t\t\t<div class=\"elementor-ribbon-inner\">Li\u00ean h\u1ec7 ch\u00fang t\u00f4i<\/div>\n\t\t\t<\/div>\n\t\t\t\t<\/a>\n\t\t\t\t<\/div>\n\t\t\t\t<\/div>\n\t\t\t\t<div class=\"elementor-element elementor-element-7eaf9f1 elementor-widget elementor-widget-spacer\" data-id=\"7eaf9f1\" data-element_type=\"widget\" data-widget_type=\"spacer.default\">\n\t\t\t\t<div class=\"elementor-widget-container\">\n\t\t\t\t\t<div class=\"elementor-spacer\">\n\t\t\t<div class=\"elementor-spacer-inner\"><\/div>\n\t\t<\/div>\n\t\t\t\t<\/div>\n\t\t\t\t<\/div>\n\t\t\t\t\t\t<\/div>\n\t\t\t\t\t<\/div>\n\t\t<\/div>\n\t\t\t\t\t\t\t\t<\/div>\n\t\t\t\t\t<\/div>\n\t\t<\/section>\n\t\t\t\t<section class=\"elementor-section elementor-top-section elementor-element elementor-element-7fee73db elementor-section-boxed elementor-section-height-default elementor-section-height-default\" data-id=\"7fee73db\" data-element_type=\"section\">\n\t\t\t\t\t\t<div class=\"elementor-container elementor-column-gap-default\">\n\t\t\t\t\t\t\t<div class=\"elementor-row\">\n\t\t\t\t\t<div class=\"elementor-column elementor-col-25 elementor-top-column elementor-element elementor-element-6062b36d\" data-id=\"6062b36d\" data-element_type=\"column\">\n\t\t\t<div class=\"elementor-column-wrap elementor-element-populated\">\n\t\t\t\t\t\t\t<div class=\"elementor-widget-wrap\">\n\t\t\t\t\t\t<div class=\"elementor-element elementor-element-4eda49b6 elementor-position-top elementor-vertical-align-top elementor-widget elementor-widget-image-box\" data-id=\"4eda49b6\" data-element_type=\"widget\" data-widget_type=\"image-box.default\">\n\t\t\t\t<div class=\"elementor-widget-container\">\n\t\t\t<div class=\"elementor-image-box-wrapper\"><figure class=\"elementor-image-box-img\"><a href=\"https:\/\/suzuki-global.com\/vi\/business-services\/company-establishment-service\/\"><img width=\"1280\" height=\"857\" src=\"https:\/\/suzuki-global.com\/wp-content\/uploads\/2020\/03\/Vietnamese-businessman.jpg\" class=\"attachment-medium size-medium\" alt=\"Doanh nh\u00e2n vi\u1ec7t nam\" loading=\"lazy\" \/><\/a><\/figure><div class=\"elementor-image-box-content\"><span class=\"elementor-image-box-title\"><a href=\"https:\/\/suzuki-global.com\/vi\/business-services\/company-establishment-service\/\">D\u1ecbch v\u1ee5 th\u00e0nh l\u1eadp c\u00f4ng ty<\/a><\/span><p class=\"elementor-image-box-description\">V\u0103n ph\u00f2ng \u0111\u1ea1i di\u1ec7n 1800USD ~<br>\nTh\u00e0nh l\u1eadp c\u00f4ng ty 3000USD ~<br>\n\u0110\u0103ng k\u00fd thay \u0111\u1ed5i 400USD ~<br><\/p><\/div><\/div>\t\t<\/div>\n\t\t\t\t<\/div>\n\t\t\t\t\t\t<\/div>\n\t\t\t\t\t<\/div>\n\t\t<\/div>\n\t\t\t\t<div class=\"elementor-column elementor-col-25 elementor-top-column elementor-element elementor-element-77deddd7\" data-id=\"77deddd7\" data-element_type=\"column\">\n\t\t\t<div class=\"elementor-column-wrap elementor-element-populated\">\n\t\t\t\t\t\t\t<div class=\"elementor-widget-wrap\">\n\t\t\t\t\t\t<div class=\"elementor-element elementor-element-7b044e5e elementor-position-top elementor-vertical-align-top elementor-widget elementor-widget-image-box\" data-id=\"7b044e5e\" data-element_type=\"widget\" data-widget_type=\"image-box.default\">\n\t\t\t\t<div class=\"elementor-widget-container\">\n\t\t\t<div class=\"elementor-image-box-wrapper\"><figure class=\"elementor-image-box-img\"><a href=\"https:\/\/suzuki-global.com\/vi\/business-services\/book-keeping\/\"><img width=\"1920\" height=\"1280\" src=\"https:\/\/suzuki-global.com\/wp-content\/uploads\/2020\/01\/accountant-1.jpg\" class=\"attachment-medium size-medium\" alt=\"k\u1ebf to\u00e1n-1.jpg\" loading=\"lazy\" \/><\/a><\/figure><div class=\"elementor-image-box-content\"><span class=\"elementor-image-box-title\"><a href=\"https:\/\/suzuki-global.com\/vi\/business-services\/book-keeping\/\">D\u1ecbch v\u1ee5 k\u1ebf to\u00e1n<\/a><\/span><p class=\"elementor-image-box-description\">T\u1eeb 500USD<br>\nL\u1eadp t\u00e0i li\u1ec7u k\u1ebf to\u00e1n h\u00e0ng th\u00e1ng<br>\nT\u1edd khai thu\u1ebf thu nh\u1eadp doanh nghi\u1ec7p<br>\nN\u1ed9p thu\u1ebf VAT<br>\nT\u1edd khai thu\u1ebf thu nh\u1eadp c\u00e1 nh\u00e2n<br><\/p><\/div><\/div>\t\t<\/div>\n\t\t\t\t<\/div>\n\t\t\t\t\t\t<\/div>\n\t\t\t\t\t<\/div>\n\t\t<\/div>\n\t\t\t\t<div class=\"elementor-column elementor-col-25 elementor-top-column elementor-element elementor-element-a0eb36\" data-id=\"a0eb36\" data-element_type=\"column\">\n\t\t\t<div class=\"elementor-column-wrap elementor-element-populated\">\n\t\t\t\t\t\t\t<div class=\"elementor-widget-wrap\">\n\t\t\t\t\t\t<div class=\"elementor-element elementor-element-6c02f34e elementor-position-top elementor-vertical-align-top elementor-widget elementor-widget-image-box\" data-id=\"6c02f34e\" data-element_type=\"widget\" data-widget_type=\"image-box.default\">\n\t\t\t\t<div class=\"elementor-widget-container\">\n\t\t\t<div class=\"elementor-image-box-wrapper\"><figure class=\"elementor-image-box-img\"><a href=\"https:\/\/suzuki-global.com\/vi\/business-services\/audit-service\/\"><img width=\"1280\" height=\"853\" src=\"https:\/\/suzuki-global.com\/wp-content\/uploads\/2020\/04\/tax-filing.jpg\" class=\"attachment-full size-full\" alt=\"n\u1ed9p thu\u1ebf\" loading=\"lazy\" \/><\/a><\/figure><div class=\"elementor-image-box-content\"><span class=\"elementor-image-box-title\"><a href=\"https:\/\/suzuki-global.com\/vi\/business-services\/audit-service\/\">C\u00f4ng t\u00e1c ki\u1ec3m to\u00e1n<\/a><\/span><p class=\"elementor-image-box-description\">Th\u00f4ng tin v\u1ec1 c\u00e1c th\u1ee7 t\u1ee5c ki\u1ec3m to\u00e1n<br>\nThuy\u1ebft minh b\u00e1o c\u00e1o ki\u1ec3m to\u00e1n<\/p><\/div><\/div>\t\t<\/div>\n\t\t\t\t<\/div>\n\t\t\t\t\t\t<\/div>\n\t\t\t\t\t<\/div>\n\t\t<\/div>\n\t\t\t\t<div class=\"elementor-column elementor-col-25 elementor-top-column elementor-element elementor-element-1c598c06\" data-id=\"1c598c06\" data-element_type=\"column\">\n\t\t\t<div class=\"elementor-column-wrap elementor-element-populated\">\n\t\t\t\t\t\t\t<div class=\"elementor-widget-wrap\">\n\t\t\t\t\t\t<div class=\"elementor-element elementor-element-37d2abc8 elementor-position-top elementor-vertical-align-top elementor-widget elementor-widget-image-box\" data-id=\"37d2abc8\" data-element_type=\"widget\" data-widget_type=\"image-box.default\">\n\t\t\t\t<div class=\"elementor-widget-container\">\n\t\t\t<div class=\"elementor-image-box-wrapper\"><figure class=\"elementor-image-box-img\"><a href=\"https:\/\/suzuki-global.com\/vi\/business-services\/vietnamese-japanese-translation-and-interpreting-service\/\"><img width=\"900\" height=\"621\" src=\"https:\/\/suzuki-global.com\/wp-content\/uploads\/2020\/04\/vietnamese-language-pronouce.jpg\" class=\"attachment-medium size-medium\" alt=\"ti\u1ebfng vi\u1ec7t-ng\u00f4n ng\u1eef\" loading=\"lazy\" \/><\/a><\/figure><div class=\"elementor-image-box-content\"><span class=\"elementor-image-box-title\"><a href=\"https:\/\/suzuki-global.com\/vi\/business-services\/vietnamese-japanese-translation-and-interpreting-service\/\">Kinh doanh d\u1ecbch thu\u1eadt \/ phi\u00ean d\u1ecbch<\/a><\/span><p class=\"elementor-image-box-description\">Ki\u1ec3m tra ti\u1ebfng Nh\u1eadt l\u1edbp 1<br>\nTh\u01b0 t\u1eeb c\u1ee7a phi\u00ean d\u1ecbch vi\u00ean chuy\u00ean nghi\u1ec7p v\u1edbi h\u01a1n 10 n\u0103m kinh nghi\u1ec7m<\/p><\/div><\/div>\t\t<\/div>\n\t\t\t\t<\/div>\n\t\t\t\t\t\t<\/div>\n\t\t\t\t\t<\/div>\n\t\t<\/div>\n\t\t\t\t\t\t\t\t<\/div>\n\t\t\t\t\t<\/div>\n\t\t<\/section>\n\t\t\t\t<section class=\"elementor-section elementor-top-section elementor-element elementor-element-43ba46e1 elementor-section-boxed elementor-section-height-default elementor-section-height-default\" data-id=\"43ba46e1\" data-element_type=\"section\">\n\t\t\t\t\t\t<div class=\"elementor-container elementor-column-gap-default\">\n\t\t\t\t\t\t\t<div class=\"elementor-row\">\n\t\t\t\t\t<div class=\"elementor-column elementor-col-100 elementor-top-column elementor-element elementor-element-a28fc25\" data-id=\"a28fc25\" data-element_type=\"column\">\n\t\t\t<div class=\"elementor-column-wrap elementor-element-populated\">\n\t\t\t\t\t\t\t<div class=\"elementor-widget-wrap\">\n\t\t\t\t\t\t<div class=\"elementor-element elementor-element-6ce04b30 elementor-widget elementor-widget-spacer\" data-id=\"6ce04b30\" data-element_type=\"widget\" data-widget_type=\"spacer.default\">\n\t\t\t\t<div class=\"elementor-widget-container\">\n\t\t\t\t\t<div class=\"elementor-spacer\">\n\t\t\t<div class=\"elementor-spacer-inner\"><\/div>\n\t\t<\/div>\n\t\t\t\t<\/div>\n\t\t\t\t<\/div>\n\t\t\t\t\t\t<\/div>\n\t\t\t\t\t<\/div>\n\t\t<\/div>\n\t\t\t\t\t\t\t\t<\/div>\n\t\t\t\t\t<\/div>\n\t\t<\/section>\n\t\t\t\t\t\t\t\t\t<\/div>\n\t\t\t<\/div>\n\t\t\t\t\t<\/div>","protected":false},"excerpt":{"rendered":"<p>Mua l\u1ea1i m\u1ed9t t\u1eadp \u0111o\u00e0n Vi\u1ec7t Nam (M&amp;A, th\u1ea9m \u0111\u1ecbnh) Mua l\u1ea1i m\u1ed9t t\u1eadp \u0111o\u00e0n Vi\u1ec7t Nam M&amp;A<\/p>","protected":false},"author":1,"featured_media":0,"parent":923,"menu_order":0,"comment_status":"closed","ping_status":"closed","template":"elementor_header_footer","meta":[],"categories":[],"tags":[101],"amp_enabled":false,"_links":{"self":[{"href":"https:\/\/suzuki-global.com\/vi\/wp-json\/wp\/v2\/pages\/3714"}],"collection":[{"href":"https:\/\/suzuki-global.com\/vi\/wp-json\/wp\/v2\/pages"}],"about":[{"href":"https:\/\/suzuki-global.com\/vi\/wp-json\/wp\/v2\/types\/page"}],"author":[{"embeddable":true,"href":"https:\/\/suzuki-global.com\/vi\/wp-json\/wp\/v2\/users\/1"}],"replies":[{"embeddable":true,"href":"https:\/\/suzuki-global.com\/vi\/wp-json\/wp\/v2\/comments?post=3714"}],"version-history":[{"count":24,"href":"https:\/\/suzuki-global.com\/vi\/wp-json\/wp\/v2\/pages\/3714\/revisions"}],"predecessor-version":[{"id":8377,"href":"https:\/\/suzuki-global.com\/vi\/wp-json\/wp\/v2\/pages\/3714\/revisions\/8377"}],"up":[{"embeddable":true,"href":"https:\/\/suzuki-global.com\/vi\/wp-json\/wp\/v2\/pages\/923"}],"wp:attachment":[{"href":"https:\/\/suzuki-global.com\/vi\/wp-json\/wp\/v2\/media?parent=3714"}],"wp:term":[{"taxonomy":"category","embeddable":true,"href":"https:\/\/suzuki-global.com\/vi\/wp-json\/wp\/v2\/categories?post=3714"},{"taxonomy":"post_tag","embeddable":true,"href":"https:\/\/suzuki-global.com\/vi\/wp-json\/wp\/v2\/tags?post=3714"}],"curies":[{"name":"wp","href":"https:\/\/api.w.org\/{rel}","templated":true}]}}