{"id":5270,"date":"2021-11-19T13:42:59","date_gmt":"2021-11-19T04:42:59","guid":{"rendered":"https:\/\/suzuki-global.com\/?page_id=5270"},"modified":"2022-01-27T18:19:54","modified_gmt":"2022-01-27T09:19:54","slug":"travel-expenses","status":"publish","type":"page","link":"https:\/\/suzuki-global.com\/vi\/calculator-apps\/travel-expenses\/","title":{"rendered":"Chi ph\u00ed \u0111i l\u1ea1i gi\u1eefa Vi\u1ec7t Nam v\u00e0 Nh\u1eadt B\u1ea3n."},"content":{"rendered":"<h2>Chi ph\u00ed \u0111i l\u1ea1i gi\u1eefa Vi\u1ec7t Nam v\u00e0 Nh\u1eadt B\u1ea3n.<\/h2>\r\n<p><br \/>Chi ph\u00ed \u0111i l\u1ea1i ng\u00e0y c\u00e0ng t\u0103ng do nh\u1eefng h\u1ea1n ch\u1ebf v\u1ec1 du l\u1ecbch.<br \/>\u1ede m\u1ed7i qu\u1ed1c gia tr\u00ean th\u1ebf gi\u1edbi, vi\u1ec7c h\u1ea1n ch\u1ebf \u0111i l\u1ea1i \u0111ang d\u1ea7n \u0111\u01b0\u1ee3c d\u1ee1 b\u1ecf, nh\u01b0ng tr\u01b0\u1edbc m\u1eaft, c\u00f3 th\u1ec3 d\u1ef1 \u0111o\u00e1n t\u00ecnh h\u00ecnh s\u1ebd ti\u1ebfp t\u1ee5c nh\u01b0 hi\u1ec7n nay v\u00e0 vi\u1ec7c c\u00e1ch ly \u0111i l\u1ea1i s\u1ebd ti\u1ebfp t\u1ee5c \u0111\u01b0\u1ee3c y\u00eau c\u1ea7u.<\/p>\r\n<p>\u1ee8ng d\u1ee5ng t\u00ednh to\u00e1n chi ph\u00ed \u0111i l\u1ea1i n\u00e0y \u0111\u01b0\u1ee3c thi\u1ebft k\u1ebf d\u00e0nh cho nh\u1eefng ng\u01b0\u1eddi \u0111ang t\u1ea1m th\u1eddi tr\u1edf v\u1ec1 Nh\u1eadt B\u1ea3n t\u1eeb Vi\u1ec7t Nam (H\u1ed3 Ch\u00ed Minh \/ H\u00e0 N\u1ed9i) ho\u1eb7c nh\u1eefng ng\u01b0\u1eddi \u0111ang quay tr\u1edf l\u1ea1i Nh\u1eadt B\u1ea3n.<\/p>\r\n<p>&nbsp;<\/p>\r\n<p>* T\u1eeb cu\u1ed1i th\u00e1ng 1 n\u0103m 2022<\/p>\r\n<p>\u30fb Ng\u01b0\u1eddi n\u01b0\u1edbc ngo\u00e0i c\u00f3 th\u1ecb th\u1ef1c, gi\u1ea5y ph\u00e9p c\u01b0 tr\u00fa, gi\u1ea5y ph\u00e9p t\u1ea1m tr\u00fa, mi\u1ec5n th\u1ecb th\u1ef1c, v.v.<br \/>\u21d2 Nh\u1eefng ng\u01b0\u1eddi \u0111\u00e3 ho\u00e0n th\u00e0nh ti\u00eam ch\u1ee7ng \u0111\u01b0\u1ee3c c\u00e1ch ly sau khi nh\u1eadp c\u1ea3nh v\u00e0o Nh\u1eadt B\u1ea3n (nh\u00e0 ri\u00eang, kh\u00e1ch s\u1ea1n, v.v.) 3 ng\u00e0y, theo d\u00f5i s\u1ee9c kh\u1ecfe 14 ng\u00e0y<br \/>\u00b7 Kh\u00e1c v\u1edbi nh\u1eefng \u0111i\u1ec1u tr\u00ean<br \/>\u21d2 Quy\u1ebft \u0111\u1ecbnh xu\u1ea5t nh\u1eadp c\u1ea3nh c\u1ee7a UBND t\u1eebng khu v\u1ef1c (t\u1ec9nh \/ th\u00e0nh ph\u1ed1)<\/p>\r\n<p>Tho\u1ea3i m\u00e1i \u0111\u1ec3<span style=\"color: #0000ff;\"><a href=\"https:\/\/suzuki-global.com\/vi\/contact\/\" style=\"color: #0000ff;\">T\u1edbi AACS<\/a><\/span>,Xin vui l\u00f2ng li\u00ean h\u1ec7 v\u1edbi ch\u00fang t\u00f4i.<\/p>\r\n<p>&nbsp;<\/p>\r\n<p><strong>* * * * C\u00e1c m\u1ee5c m\u00e0u v\u00e0ng l\u00e0 k\u1ebft qu\u1ea3 t\u00ednh to\u00e1n * * * *<\/strong><\/p>\r\n<form name=\"cp_calculatedfieldsf_pform_1\" id=\"cp_calculatedfieldsf_pform_1\" action=\"?\" method=\"post\" enctype=\"multipart\/form-data\" class=\"\" data-trp-original-action=\"?\">\r\n<input type=\"hidden\" name=\"cp_calculatedfieldsf_pform_psequence\" value=\"_1\" \/>\r\n<input type=\"hidden\" name=\"cp_calculatedfieldsf_id\" value=\"13\" \/><pre style=\"display:none !important;\"><!--noptimize--><script type=\"text\/javascript\">form_structure_1=[[{\"form_identifier\":\"\",\"name\":\"fieldname9\",\"shortlabel\":\"\",\"index\":0,\"ftype\":\"fcheck\",\"userhelp\":\"\",\"userhelpTooltip\":false,\"tooltipIcon\":false,\"csslayout\":\"\",\"title\":\"\\u672c\\u5e30\\u56fd\\uff08\\u7247\\u9053\\uff09\\\/\\u4e00\\u6642\\u5e30\\u56fd\\uff08\\u5f80\\u5fa9\\uff09\",\"layout\":\"one_column\",\"required\":false,\"exclude\":false,\"readonly\":false,\"toSubmit\":\"text\",\"merge\":1,\"onoff\":0,\"max\":-1,\"maxError\":\"Check no more than {0} boxes\",\"showDep\":false,\"choices\":[\"\\u672c\\u5e30\\u56fd\\uff08\\u7247\\u9053\\uff09\",\"\\u4e00\\u6642\\u5e30\\u56fd\\uff08\\u5f80\\u5fa9\\uff09\"],\"choiceSelected\":[false,false],\"choicesVal\":[\"1\",\"2\"],\"fBuild\":{},\"parent\":\"\",\"choicesDep\":[[],[]]},{\"form_identifier\":\"\",\"name\":\"fieldname6\",\"shortlabel\":\"\",\"index\":1,\"ftype\":\"fcheck\",\"userhelp\":\"\",\"userhelpTooltip\":false,\"tooltipIcon\":false,\"csslayout\":\"\",\"title\":\"\\u51fa\\u767a\\u524d\\u306ePCR\\u691c\\u67fb\\uff081\\u56de\\uff09\",\"layout\":\"one_column\",\"required\":false,\"exclude\":false,\"readonly\":false,\"toSubmit\":\"text\",\"merge\":1,\"onoff\":0,\"max\":-1,\"maxError\":\"Check no more than {0} boxes\",\"showDep\":false,\"choices\":[\"\\u30ed\\u30fc\\u30ab\\u30eb - $50\",\"\\u56fd\\u969b\\u75c5\\u9662\\u30fb\\u65e5\\u7cfb - $200\"],\"choiceSelected\":[false,false],\"choicesVal\":[\"50\",\"200\"],\"fBuild\":{},\"parent\":\"\",\"choicesDep\":[[],[]]},{\"form_identifier\":\"\",\"name\":\"fieldname12\",\"shortlabel\":\"\",\"index\":2,\"ftype\":\"fcheck\",\"userhelp\":\"\",\"userhelpTooltip\":false,\"tooltipIcon\":false,\"csslayout\":\"\",\"title\":\"\\u9694\\u96e2\\u65bd\\u8a2d\\uff081\\u6cca\\uff09\",\"layout\":\"one_column\",\"required\":false,\"exclude\":false,\"readonly\":false,\"toSubmit\":\"text\",\"merge\":1,\"onoff\":0,\"max\":-1,\"maxError\":\"Check no more than {0} boxes\",\"showDep\":false,\"choices\":[\"\\u30db\\u30c6\\u30eb - $100\",\"\\u30db\\u30c6\\u30eb - $50\",\"\\u81ea\\u5b85 - $0\"],\"choiceSelected\":[false,false,false],\"choicesVal\":[\"100\",\"50\",\"0\"],\"fBuild\":{},\"parent\":\"\",\"choicesDep\":[[],[],[]]},{\"form_identifier\":\"\",\"name\":\"fieldname8\",\"shortlabel\":\"\",\"index\":3,\"ftype\":\"fcheck\",\"userhelp\":\"\",\"userhelpTooltip\":false,\"tooltipIcon\":false,\"csslayout\":\"\",\"title\":\"\\u5e30\\u56fd\\u6642\\u306e\\u9694\\u96e2\\u65e5\\u6570\",\"layout\":\"one_column\",\"required\":false,\"exclude\":false,\"readonly\":false,\"toSubmit\":\"text\",\"merge\":1,\"onoff\":0,\"max\":-1,\"maxError\":\"Check no more than {0} boxes\",\"showDep\":false,\"choices\":[\"3\\u65e5\",\"7\\u65e5\",\"10\\u65e5\",\"14\\u65e5\"],\"choiceSelected\":[false,false,false,false],\"choicesVal\":[\"2\",\"7\",\"9\",\"13\"],\"fBuild\":{},\"parent\":\"\",\"choicesDep\":[[],[],[],[]]},{\"form_identifier\":\"\",\"name\":\"fieldname10\",\"shortlabel\":\"\",\"index\":4,\"ftype\":\"fcheck\",\"userhelp\":\"\",\"userhelpTooltip\":false,\"tooltipIcon\":false,\"csslayout\":\"\",\"title\":\"\\u9694\\u96e2\\u65bd\\u8a2d\\u307e\\u3067\\u306e\\u79fb\\u52d5\\u624b\\u6bb5\\uff081\\u56de\\uff09\",\"layout\":\"one_column\",\"required\":false,\"exclude\":false,\"readonly\":false,\"toSubmit\":\"text\",\"merge\":1,\"onoff\":0,\"max\":-1,\"maxError\":\"Check no more than {0} boxes\",\"showDep\":false,\"choices\":[\"\\u30e9\\u30a4\\u30c9\\u30b7\\u30a7\\u30a2 $40\",\"\\u30ec\\u30f3\\u30bf\\u30ab\\u30fc $200\",\"\\u30cf\\u30a4\\u30e4\\u30fc $300\"],\"choiceSelected\":[false,false,false],\"choicesVal\":[\"40\",\"200\",\"300\"],\"fBuild\":{},\"parent\":\"\",\"choicesDep\":[[],[],[]]},{\"form_identifier\":\"\",\"name\":\"fieldname13\",\"shortlabel\":\"\",\"index\":5,\"ftype\":\"fcheck\",\"userhelp\":\"\",\"userhelpTooltip\":false,\"tooltipIcon\":false,\"csslayout\":\"\",\"title\":\"\\u822a\\u7a7a\\u5238\\uff08\\u7247\\u9053\\\/\\u5f80\\u5fa9\\uff09\",\"layout\":\"one_column\",\"required\":false,\"exclude\":false,\"readonly\":false,\"toSubmit\":\"text\",\"merge\":1,\"onoff\":0,\"max\":-1,\"maxError\":\"Check no more than {0} boxes\",\"showDep\":false,\"choices\":[\"\\u7247\\u9053\\u3000$700\",\"\\u5f80\\u5fa9\\u3000$1200\"],\"choiceSelected\":[false,false],\"choicesVal\":[\"700\",\"1200\"],\"fBuild\":{},\"parent\":\"\",\"choicesDep\":[[],[]]},{\"form_identifier\":\"\",\"name\":\"fieldname14\",\"shortlabel\":\"\",\"index\":6,\"ftype\":\"fcheck\",\"userhelp\":\"\",\"userhelpTooltip\":false,\"tooltipIcon\":false,\"csslayout\":\"\",\"title\":\"\\u30d9\\u30c8\\u30ca\\u30e0\\u518d\\u5165\\u56fd\\u306e\\u624b\\u7d9a\\u304d\\u8cbb\\u7528\",\"layout\":\"one_column\",\"required\":false,\"exclude\":false,\"readonly\":false,\"toSubmit\":\"text\",\"merge\":1,\"onoff\":0,\"max\":-1,\"maxError\":\"Check no more than {0} boxes\",\"showDep\":false,\"choices\":[\"\\u5fc5\\u8981\\u3000$1200\"],\"choiceSelected\":[false],\"choicesVal\":[\"1200\"],\"fBuild\":{},\"parent\":\"\",\"choicesDep\":[[]]},{\"form_identifier\":\"\",\"name\":\"fieldname4\",\"shortlabel\":\"\",\"index\":7,\"ftype\":\"fSectionBreak\",\"userhelp\":\"\",\"userhelpTooltip\":false,\"tooltipIcon\":false,\"csslayout\":\"\",\"title\":\"\",\"fBuild\":{},\"parent\":\"\"},{\"dependencies\":[{\"rule\":\"\",\"complex\":false,\"fields\":[\"\"]}],\"form_identifier\":\"\",\"name\":\"fieldname5\",\"shortlabel\":\"\",\"index\":8,\"ftype\":\"fCalculated\",\"userhelp\":\"\",\"userhelpTooltip\":false,\"tooltipIcon\":false,\"csslayout\":\"\",\"title\":\"\\u8cbb\\u7528\\u5408\\u8a08\",\"predefined\":\"\",\"required\":false,\"exclude\":false,\"size\":\"medium\",\"eq\":\"fieldname6*fieldname9+fieldname9*fieldname12*fieldname8+fieldname10*fieldname9+fieldname13+fieldname14\",\"min\":\"\",\"max\":\"\",\"suffix\":\"\",\"prefix\":\"\",\"decimalsymbol\":\".\",\"groupingsymbol\":\"\",\"readonly\":false,\"currency\":false,\"noEvalIfManual\":true,\"formatDynamically\":false,\"hidefield\":false,\"fBuild\":{},\"parent\":\"\"}],{\"0\":{\"title\":\"\\u65c5\\u8cbb\\u4ea4\\u901a\\u8cbb\\u306e\\u8a66\\u7b97\\u30a2\\u30d7\\u30ea\",\"description\":\"\\u3053\\u3061\\u3089\\u306e\\u30a2\\u30d7\\u30ea\\u3092\\u901a\\u3058\\u3066\\u3001\\u4e00\\u6642\\u5e30\\u56fd\\u306b\\u95a2\\u3059\\u308b\\u8cbb\\u7528\\u3092\\u3001\\u6e21\\u822a\\u898f\\u5236\\u306e\\u5f71\\u97ff\\u3092\\u8003\\u616e\\u3057\\u3066\\u8a66\\u7b97\\u3067\\u304d\\u307e\\u3059\\u3002\",\"formlayout\":\"top_aligned\",\"formtemplate\":\"\",\"evalequations\":1,\"evalequationsevent\":2,\"loading_animation\":0,\"autocomplete\":1,\"persistence\":0,\"customstyles\":\"\"},\"formid\":\"cp_calculatedfieldsf_pform_1\"}];<\/script><!--\/noptimize--><\/pre>\r\n<div id=\"fbuilder\">\r\n\t\t<div id=\"fbuilder_1\">\r\n\t\t<div id=\"formheader_1\"><\/div>\r\n\t\t<div id=\"fieldlist_1\"><\/div>\r\n\t<\/div>\r\n<\/div>\r\n<div class=\"clearer\"><\/div>\r\n<input type=\"hidden\" name=\"trp-form-language\" value=\"vi\"\/><\/form>\r\n\r\n<div class='printomatic pom-default' id='id1647'  data-print_target='article'><\/div>\r\n<p>Tuy\u00ean b\u1ed1 t\u1eeb ch\u1ed1i tr\u00e1ch nhi\u1ec7m<\/p>\r\n<p>* \u0110\u00e2y l\u00e0 m\u1ed9t h\u1ec7 th\u1ed1ng t\u00ednh to\u00e1n \u0111\u01a1n gi\u1ea3n v\u00e0 ch\u00fang t\u00f4i kh\u00f4ng ch\u1ecbu tr\u00e1ch nhi\u1ec7m v\u1ec1 k\u1ebft qu\u1ea3 t\u00ednh to\u00e1n.<\/p>\r\n<p>Vui l\u00f2ng tham kh\u1ea3o \u00fd ki\u1ebfn v\u0103n ph\u00f2ng k\u1ebf to\u00e1n \u0111\u1ec3 bi\u1ebft th\u00eam chi ti\u1ebft.<\/p>\r\n<div class=\"saboxplugin-wrap\" itemtype=\"http:\/\/schema.org\/Person\" itemscope=\"\" itemprop=\"author\">\r\n<div class=\"saboxplugin-tab\">\r\n<div class=\"saboxplugin-gravatar\"><img loading=\"lazy\" src=\"https:\/\/suzuki-global.com\/wp-content\/uploads\/2021\/12\/aacs-logo3.jpg\" width=\"100\" height=\"100\" alt=\"aacs logo3\" itemprop=\"image\" \/><\/div>\r\n<div class=\"saboxplugin-authorname\"><a href=\"https:\/\/suzuki-global.com\/vi\/author\/aacs\/\" class=\"vcard author\" rel=\"author\" itemprop=\"url\"><span class=\"fn\" itemprop=\"name\">[Gi\u00e1m s\u00e1t] V\u0103n ph\u00f2ng k\u1ebf to\u00e1n AACS (AACS Co., Ltd)<\/span><\/a><\/div>\r\n<div class=\"saboxplugin-desc\">\r\n<div itemprop=\"description\">\r\n<p>V\u0103n ph\u00f2ng K\u1ebf to\u00e1n AACS cung c\u1ea5p th\u00f4ng tin h\u1eefu \u00edch v\u1ec1 c\u00e1c lo\u1ea1i thu\u1ebf c\u1ee7a Vi\u1ec7t Nam. V\u0103n ph\u00f2ng k\u1ebf to\u00e1n AACS<u>C\u00f3 8 c\u01a1 s\u1edf tr\u00ean kh\u1eafp Vi\u1ec7t Nam v\u00e0 ch\u00fang t\u00f4i h\u1ee3p t\u00e1c v\u1edbi c\u00e1c c\u01a1 quan thu\u1ebf \u1edf t\u1eebng khu v\u1ef1c \u0111\u1ec3 h\u1ed7 tr\u1ee3 vi\u1ec7c ki\u1ec3m tra k\u1ebf to\u00e1n v\u00e0 c\u00e1c v\u1ea5n \u0111\u1ec1 thu\u1ebf di\u1ec5n ra su\u00f4n s\u1ebb.<\/u>L\u00e0m.<\/p>\r\n<\/div>\r\n<\/div>\r\n<div class=\"clearfix\"><\/div>\r\n<div class=\"saboxplugin-socials\"><a target=\"_self\" href=\"https:\/\/suzuki-global.com\/vi\/about-us\/\" aria-label=\"Th\u00eam \u0111i\u1ec1u n\u00e0y\" rel=\"nofollow noopener\" class=\"saboxplugin-icon-grey\"><svg aria-hidden=\"true\" class=\"sab-addthis\" role=\"img\" xmlns=\"http:\/\/www.w3.org\/2000\/svg\" viewbox=\"0 0 448 512\"><path fill=\"currentColor\" d=\"M400 32H48C21.5 32 0 53.5 0 80v352c0 26.5 21.5 48 48 48h352c26.5 0 48-21.5 48-48V80c0-26.5-21.5-48-48-48zm-32 252c0 6.6-5.4 12-12 12h-92v92c0 6.6-5.4 12-12 12h-56c-6.6 0-12-5.4-12-12v-92H92c-6.6 0-12-5.4-12-12v-56c0-6.6 5.4-12 12-12h92v-92c0-6.6 5.4-12 12-12h56c6.6 0 12 5.4 12 12v92h92c6.6 0 12 5.4 12 12v56z\"><\/path><\/svg><\/a><\/div>\r\n<\/div>\r\n<\/div>","protected":false},"excerpt":{"rendered":"<p>Chi ph\u00ed \u0111i l\u1ea1i gi\u1eefa Vi\u1ec7t Nam v\u00e0 Nh\u1eadt B\u1ea3n | C\u00f4ng c\u1ee5 t\u00ednh to\u00e1n ho\u00e0n tr\u1ea3 t\u1ea1m th\u1eddi \/ ho\u00e0n tr\u1ea3 v\u0129nh vi\u1ec5n Chi ph\u00ed \u0111i l\u1ea1i do h\u1ea1n ch\u1ebf \u0111i l\u1ea1i do d\u1ecbch b\u1ec7nh [\u2026]<\/p>","protected":false},"author":1,"featured_media":2860,"parent":1993,"menu_order":0,"comment_status":"closed","ping_status":"closed","template":"","meta":[],"categories":[],"tags":[138,139],"amp_enabled":false,"_links":{"self":[{"href":"https:\/\/suzuki-global.com\/vi\/wp-json\/wp\/v2\/pages\/5270"}],"collection":[{"href":"https:\/\/suzuki-global.com\/vi\/wp-json\/wp\/v2\/pages"}],"about":[{"href":"https:\/\/suzuki-global.com\/vi\/wp-json\/wp\/v2\/types\/page"}],"author":[{"embeddable":true,"href":"https:\/\/suzuki-global.com\/vi\/wp-json\/wp\/v2\/users\/1"}],"replies":[{"embeddable":true,"href":"https:\/\/suzuki-global.com\/vi\/wp-json\/wp\/v2\/comments?post=5270"}],"version-history":[{"count":18,"href":"https:\/\/suzuki-global.com\/vi\/wp-json\/wp\/v2\/pages\/5270\/revisions"}],"predecessor-version":[{"id":8115,"href":"https:\/\/suzuki-global.com\/vi\/wp-json\/wp\/v2\/pages\/5270\/revisions\/8115"}],"up":[{"embeddable":true,"href":"https:\/\/suzuki-global.com\/vi\/wp-json\/wp\/v2\/pages\/1993"}],"wp:featuredmedia":[{"embeddable":true,"href":"https:\/\/suzuki-global.com\/vi\/wp-json\/wp\/v2\/media\/2860"}],"wp:attachment":[{"href":"https:\/\/suzuki-global.com\/vi\/wp-json\/wp\/v2\/media?parent=5270"}],"wp:term":[{"taxonomy":"category","embeddable":true,"href":"https:\/\/suzuki-global.com\/vi\/wp-json\/wp\/v2\/categories?post=5270"},{"taxonomy":"post_tag","embeddable":true,"href":"https:\/\/suzuki-global.com\/vi\/wp-json\/wp\/v2\/tags?post=5270"}],"curies":[{"name":"wp","href":"https:\/\/api.w.org\/{rel}","templated":true}]}}