{"id":5406,"date":"2021-11-24T13:15:55","date_gmt":"2021-11-24T04:15:55","guid":{"rendered":"https:\/\/suzuki-global.com\/?page_id=5406"},"modified":"2022-01-14T18:51:37","modified_gmt":"2022-01-14T09:51:37","slug":"tariff","status":"publish","type":"page","link":"https:\/\/suzuki-global.com\/vi\/calculator-apps\/tariff\/","title":{"rendered":"H\u1ea3i quan Vi\u1ec7t Nam v\u00e0 Thu\u1ebf ti\u00eau th\u1ee5 \u0111\u1eb7c bi\u1ec7t (R\u01b0\u1ee3u, Thu\u1ed1c l\u00e1, Bia, Xe h\u01a1i) | C\u00f4ng c\u1ee5 t\u00ednh"},"content":{"rendered":"<h2>C\u00f4ng c\u1ee5 t\u00ednh thu\u1ebf h\u1ea3i quan \/ thu\u1ebf ti\u00eau th\u1ee5 \u0111\u1eb7c bi\u1ec7t (r\u01b0\u1ee3u, thu\u1ed1c l\u00e1, bia, \u00f4 t\u00f4) c\u1ee7a Vi\u1ec7t Nam<\/h2>\r\n\r\n\r\n\r\n<p>M\u00f4 h\u00ecnh t\u00ednh to\u00e1n n\u00e0y l\u00e0 k\u1ebft qu\u1ea3 khi thu\u1ebf h\u1ea3i quan \u0111\u01b0\u1ee3c mi\u1ec5n.<\/p>\r\n<p>Hi\u1ec7p \u0111\u1ecbnh \u0110\u1ed1i t\u00e1c Kinh t\u1ebf Nh\u1eadt B\u1ea3n - ASEAN (AJCEP) \u0111\u01b0\u1ee3c k\u00fd k\u1ebft n\u0103m 2008, v\u00e0 Hi\u1ec7p \u0111\u1ecbnh \u0110\u1ed1i t\u00e1c To\u00e0n di\u1ec7n v\u00e0 Ti\u1ebfn b\u1ed9 xuy\u00ean Th\u00e1i B\u00ecnh D\u01b0\u01a1ng (CPTPP) \u0111\u01b0\u1ee3c ban h\u00e0nh v\u00e0o n\u0103m 2019, v\u1edbi c\u00e1c mi\u1ec5n thu\u1ebf ho\u1eb7c thu\u1ebf su\u1ea5t \u01b0u \u0111\u00e3i.<\/p>\r\n<p>Thu\u1ebf ti\u00eau th\u1ee5 \u0111\u1eb7c bi\u1ec7t \u0111\u00e3 \u0111\u01b0\u1ee3c ban h\u00e0nh v\u00e0o n\u0103m 2008, v\u00e0 c\u00e1c m\u1eb7t h\u00e0ng sau \u0111\u00e2y s\u1ebd b\u1ecb \u0111\u00e1nh thu\u1ebf.<br \/>\u0110\u1ed1i t\u01b0\u1ee3ng n\u1ed9p thu\u1ebf l\u00e0 c\u00e1c nh\u00e0 nh\u1eadp kh\u1ea9u, cung c\u1ea5p d\u1ecbch v\u1ee5 mua s\u1eafm h\u00e0ng h\u00f3a cho Vi\u1ec7t Nam n\u00ean gi\u00e1 b\u00e1n b\u1ecb \u0111\u1ea9y l\u00ean cao.<\/p>\r\n<p>&nbsp;<\/p>\r\n<p><strong>* * * * Vui l\u00f2ng nh\u1eadp gi\u00e1 tr\u1ecb s\u1ed1 v\u00e0o m\u1ee5c m\u00e0u da tr\u00ean b\u1ea3ng t\u00ednh sau * * * *<\/strong><br \/><strong>* * * * C\u00e1c m\u1ee5c m\u00e0u v\u00e0ng l\u00e0 k\u1ebft qu\u1ea3 t\u00ednh to\u00e1n * * * *<\/strong><\/p>\r\n<p>&nbsp;<\/p>\r\n<form name=\"cp_calculatedfieldsf_pform_1\" id=\"cp_calculatedfieldsf_pform_1\" action=\"?\" method=\"post\" enctype=\"multipart\/form-data\" class=\"\" data-trp-original-action=\"?\">\r\n<input type=\"hidden\" name=\"cp_calculatedfieldsf_pform_psequence\" value=\"_1\" \/>\r\n<input type=\"hidden\" name=\"cp_calculatedfieldsf_id\" value=\"14\" \/><pre style=\"display:none !important;\"><!--noptimize--><script type=\"text\/javascript\">form_structure_1=[[{\"form_identifier\":\"\",\"name\":\"fieldname2\",\"shortlabel\":\"\",\"index\":0,\"ftype\":\"fnumber\",\"userhelp\":\"\",\"userhelpTooltip\":false,\"tooltipIcon\":false,\"csslayout\":\"\",\"title\":\"\\u2460\\u5546\\u54c1\\u8f38\\u5165\\u539f\\u4fa1(VND)\",\"predefined\":\"50,000\",\"predefinedClick\":false,\"required\":true,\"exclude\":false,\"readonly\":false,\"numberpad\":false,\"size\":\"medium\",\"thousandSeparator\":\",\",\"decimalSymbol\":\"\",\"min\":\"0\",\"max\":\"10000000000000\",\"formatDynamically\":false,\"dformat\":\"number\",\"formats\":[\"digits\",\"number\",\"percent\"],\"fBuild\":{},\"parent\":\"\"},{\"form_identifier\":\"\",\"name\":\"fieldname29\",\"shortlabel\":\"\",\"index\":1,\"ftype\":\"fradio\",\"userhelp\":\"\",\"userhelpTooltip\":false,\"tooltipIcon\":false,\"csslayout\":\"\",\"title\":\"\\u2461\\u7279\\u5225\\u6d88\\u8cbb\\u7a0e\\u7387 (Special consumption tax rate)\",\"layout\":\"one_column\",\"required\":false,\"exclude\":false,\"readonly\":false,\"toSubmit\":\"text\",\"choiceSelected\":\"\\u30d3\\u30fc\\u30eb(65%) - 0.65\",\"showDep\":false,\"untickAccepted\":true,\"onoff\":0,\"choices\":[\"\\u305f\\u3070\\u3053(70%)\",\"20 \\u5ea6\\u4ee5\\u4e0a\\u306e\\u9152(65%)\",\"20 \\u5ea6\\u4ee5\\u4e0b\\u306e\\u9152(35%)\",\"\\u30d3\\u30fc\\u30eb(65%)\",\"\\u30ab\\u30b8\\u30ce\\u30d3\\u30b8\\u30cd\\u30b9(35%)\",\"\\u30b4\\u30eb\\u30d5\\u30d3\\u30b8\\u30cd\\u30b9(20%)\",\"9 \\u5e2d\\u4ee5\\u4e0b\\u306e\\u81ea\\u52d5\\u8eca(45%) \\uff5e2000cc\",\"9 \\u5e2d\\u4ee5\\u4e0b\\u306e\\u81ea\\u52d5\\u8eca(50%) 2000\\uff5e3000cc\",\"9 \\u5e2d\\u4ee5\\u4e0b\\u306e\\u81ea\\u52d5\\u8eca(60%) 3000cc\\uff5e\",\"10-15 \\u5e2d\\u306e\\u81ea\\u52d5\\u8eca(15%)\",\"16-24 \\u5e2d\\u306e\\u81ea\\u52d5\\u8eca(10%)\"],\"choicesVal\":[\"0.7\",\"0.65\",\"0.35\",\"0.65\",\"0.35\",\"0.2\",\"0.45\",\"0.50\",\"0.6\",\"0.15\",\"0.1\"],\"choicesDep\":[[],[],[],[],[],[],[],[],[],[],[]],\"fBuild\":{},\"parent\":\"\"},{\"dependencies\":[{\"rule\":\"\",\"complex\":false,\"fields\":[\"\"]}],\"form_identifier\":\"\",\"name\":\"fieldname30\",\"shortlabel\":\"\",\"index\":2,\"ftype\":\"fCalculated\",\"userhelp\":\"\",\"userhelpTooltip\":false,\"tooltipIcon\":false,\"csslayout\":\"\",\"title\":\"\\u2462\\u7279\\u5225\\u6d88\\u8cbb\\u7a0e (Special consumption tax)\\u3000\\u2460\\u5546\\u54c1\\u8f38\\u5165\\u539f\\u4fa1\\u00d7\\u2461\\u7279\\u5225\\u6d88\\u8cbb\\u7a0e\\u7387\",\"predefined\":\"\",\"required\":false,\"exclude\":false,\"size\":\"medium\",\"eq\":\"fieldname2*fieldname29\",\"min\":\"\",\"max\":\"\",\"suffix\":\"\",\"prefix\":\"\",\"decimalsymbol\":\".\",\"groupingsymbol\":\",\",\"readonly\":true,\"currency\":false,\"noEvalIfManual\":true,\"formatDynamically\":false,\"hidefield\":false,\"fBuild\":{},\"parent\":\"\"},{\"dependencies\":[{\"rule\":\"\",\"complex\":false,\"fields\":[\"\"]}],\"form_identifier\":\"\",\"name\":\"fieldname31\",\"shortlabel\":\"\",\"index\":3,\"ftype\":\"fCalculated\",\"userhelp\":\"\",\"userhelpTooltip\":false,\"tooltipIcon\":false,\"csslayout\":\"\",\"title\":\"\\u2463\\u5546\\u54c1\\u8f38\\u5165\\u4fa1\\u984d\\u3000\\u5408\\u8a08(VND)\\u3000\\u2460\\uff0b\\u2462\",\"predefined\":\"\",\"required\":false,\"exclude\":false,\"size\":\"medium\",\"eq\":\"fieldname2+fieldname30\",\"min\":\"\",\"max\":\"\",\"suffix\":\"\",\"prefix\":\"\",\"decimalsymbol\":\".\",\"groupingsymbol\":\",\",\"readonly\":true,\"currency\":false,\"noEvalIfManual\":true,\"formatDynamically\":false,\"hidefield\":false,\"fBuild\":{},\"parent\":\"\"},{\"dependencies\":[{\"rule\":\"\",\"complex\":false,\"fields\":[\"\"]}],\"form_identifier\":\"\",\"name\":\"fieldname32\",\"shortlabel\":\"\",\"index\":4,\"ftype\":\"fCalculated\",\"userhelp\":\"\",\"userhelpTooltip\":false,\"tooltipIcon\":false,\"csslayout\":\"\",\"title\":\"\\u2464VAT\\u306e\\u8a08\\u7b97\\u3000\\u2463\\u5546\\u54c1\\u8f38\\u5165\\u4fa1\\u984d\\u00d7VAT10%\",\"predefined\":\"\",\"required\":false,\"exclude\":false,\"size\":\"medium\",\"eq\":\"fieldname31*0.1\",\"min\":\"\",\"max\":\"\",\"suffix\":\"\",\"prefix\":\"\",\"decimalsymbol\":\".\",\"groupingsymbol\":\",\",\"readonly\":true,\"currency\":false,\"noEvalIfManual\":true,\"formatDynamically\":false,\"hidefield\":false,\"fBuild\":{},\"parent\":\"\"},{\"dependencies\":[{\"rule\":\"\",\"complex\":false,\"fields\":[\"\"]}],\"form_identifier\":\"\",\"name\":\"fieldname33\",\"shortlabel\":\"\",\"index\":5,\"ftype\":\"fCalculated\",\"userhelp\":\"\",\"userhelpTooltip\":false,\"tooltipIcon\":false,\"csslayout\":\"\",\"title\":\"\\u2465\\u4e00\\u822c\\u4fa1\\u683c(VND)\\u3000\\u2463\\u5546\\u54c1\\u8f38\\u5165\\u4fa1\\u984d\\uff0b\\u246410%VAT\",\"predefined\":\"\",\"required\":false,\"exclude\":false,\"size\":\"medium\",\"eq\":\"fieldname31+fieldname32\",\"min\":\"\",\"max\":\"\",\"suffix\":\"\",\"prefix\":\"\",\"decimalsymbol\":\".\",\"groupingsymbol\":\",\",\"readonly\":true,\"currency\":false,\"noEvalIfManual\":true,\"formatDynamically\":false,\"hidefield\":false,\"fBuild\":{},\"parent\":\"\"},{\"dependencies\":[{\"rule\":\"\",\"complex\":false,\"fields\":[\"\"]}],\"form_identifier\":\"\",\"name\":\"fieldname4\",\"shortlabel\":\"\",\"index\":6,\"ftype\":\"fCalculated\",\"userhelp\":\"\",\"userhelpTooltip\":false,\"tooltipIcon\":false,\"csslayout\":\"\",\"title\":\"\\u5b9f\\u8cea \\u7a0e\\u7387\\u7dcf\\u984d(%)\\u3000\\u2465 \\\/ \\u2460 -1\",\"predefined\":\"\",\"required\":false,\"exclude\":false,\"size\":\"medium\",\"eq\":\"ROUND((fieldname33\\\/fieldname2-1)*100,0)\",\"min\":\"\",\"max\":\"\",\"suffix\":\"\",\"prefix\":\"\",\"decimalsymbol\":\".\",\"groupingsymbol\":\"\",\"readonly\":true,\"currency\":false,\"noEvalIfManual\":true,\"formatDynamically\":false,\"hidefield\":false,\"fBuild\":{},\"parent\":\"\"},{\"form_identifier\":\"\",\"name\":\"fieldname24\",\"shortlabel\":\"\",\"index\":7,\"ftype\":\"fSectionBreak\",\"userhelp\":\"\",\"userhelpTooltip\":false,\"tooltipIcon\":false,\"csslayout\":\"\",\"title\":\"\\u70ba\\u66ff\\u63db\\u7b97\",\"fBuild\":{},\"parent\":\"\"},{\"form_identifier\":\"\",\"name\":\"fieldname25\",\"shortlabel\":\"\",\"index\":8,\"ftype\":\"fnumber\",\"userhelp\":\"\",\"userhelpTooltip\":false,\"tooltipIcon\":false,\"csslayout\":\"\",\"title\":\"\\u70ba\\u66ff\\u30ec\\u30fc\\u30c8\\uff08VND\\\/JPY\\uff09\",\"predefined\":\"200\",\"predefinedClick\":false,\"required\":true,\"exclude\":false,\"readonly\":false,\"numberpad\":false,\"size\":\"medium\",\"thousandSeparator\":\"\",\"decimalSymbol\":\".\",\"min\":\"0\",\"max\":\"20000000000000000000000\",\"formatDynamically\":false,\"dformat\":\"number\",\"formats\":[\"digits\",\"number\",\"percent\"],\"fBuild\":{},\"parent\":\"\"},{\"form_identifier\":\"\",\"name\":\"fieldname26\",\"shortlabel\":\"\",\"index\":9,\"ftype\":\"fnumber\",\"userhelp\":\"\",\"userhelpTooltip\":false,\"tooltipIcon\":false,\"csslayout\":\"\",\"title\":\"\\u91d1\\u984d\\uff08VND\\uff09\",\"predefined\":\"90,750\",\"predefinedClick\":false,\"required\":true,\"exclude\":false,\"readonly\":false,\"numberpad\":false,\"size\":\"medium\",\"thousandSeparator\":\",\",\"decimalSymbol\":\".\",\"min\":\"0\",\"max\":\"20000000000000000000\",\"formatDynamically\":false,\"dformat\":\"number\",\"formats\":[\"digits\",\"number\",\"percent\"],\"fBuild\":{},\"parent\":\"\"},{\"dependencies\":[{\"rule\":\"\",\"complex\":false,\"fields\":[\"\"]}],\"form_identifier\":\"\",\"name\":\"fieldname28\",\"shortlabel\":\"\",\"index\":10,\"ftype\":\"fCalculated\",\"userhelp\":\"\",\"userhelpTooltip\":false,\"tooltipIcon\":false,\"csslayout\":\"\",\"title\":\"\\u91d1\\u984d\\uff08JPY\\uff09\",\"predefined\":\"\",\"required\":false,\"exclude\":false,\"size\":\"medium\",\"eq\":\"ROUND(fieldname26\\\/fieldname25,0)\",\"min\":\"\",\"max\":\"\",\"suffix\":\"\",\"prefix\":\"\",\"decimalsymbol\":\".\",\"groupingsymbol\":\",\",\"readonly\":true,\"currency\":false,\"noEvalIfManual\":true,\"formatDynamically\":false,\"hidefield\":false,\"fBuild\":{},\"parent\":\"\"}],{\"0\":{\"title\":\"\\u95a2\\u7a0e\\u30fb\\u7279\\u5225\\u6d88\\u8cbb\\u7a0e\\u306e\\u8a08\\u7b97\",\"description\":\"\\u95a2\\u7a0e\\u30fb\\u7279\\u5225\\u6d88\\u8cbb\\u7a0e\\u306e\\u8a08\\u7b97\\u30c4\\u30fc\\u30eb\\u3067\\u3059\\u3002\\n\",\"formlayout\":\"top_aligned\",\"formtemplate\":\"\",\"evalequations\":1,\"evalequationsevent\":\"2\",\"loading_animation\":0,\"autocomplete\":1,\"persistence\":0,\"customstyles\":\"\"},\"formid\":\"cp_calculatedfieldsf_pform_1\"}];<\/script><!--\/noptimize--><\/pre>\r\n<div id=\"fbuilder\">\r\n\t\t<div id=\"fbuilder_1\">\r\n\t\t<div id=\"formheader_1\"><\/div>\r\n\t\t<div id=\"fieldlist_1\"><\/div>\r\n\t<\/div>\r\n<\/div>\r\n<div class=\"clearer\"><\/div>\r\n<input type=\"hidden\" name=\"trp-form-language\" value=\"vi\"\/><\/form>\r\n\r\n<p><div class='printomatic pom-default' id='id6486'  data-print_target='article'><\/div> <br \/><br \/><\/p>\r\n<p><span style=\"color: #0000ff;\"><span style=\"color: #000000;\">Trang li\u00ean quan:<\/span><\/span><strong><span style=\"color: #0000ff;\"><a href=\"https:\/\/www.asia-prop.com\/column\/vetnams-import-and-export-rules\/\" style=\"color: #0000ff;\" target=\"_blank\" rel=\"noopener\">Gi\u1ea3i th\u00edch c\u00e1c Quy \u0111\u1ecbnh Th\u01b0\u01a1ng m\u1ea1i v\u1ec1 Xu\u1ea5t nh\u1eadp kh\u1ea9u c\u1ee7a Vi\u1ec7t Nam (Suzuki Real Estate)<\/a><\/span><\/strong><\/p>\r\n<p>Tuy\u00ean b\u1ed1 t\u1eeb ch\u1ed1i tr\u00e1ch nhi\u1ec7m<\/p>\r\n<p>* \u0110\u00e2y l\u00e0 m\u1ed9t h\u1ec7 th\u1ed1ng t\u00ednh to\u00e1n \u0111\u01a1n gi\u1ea3n v\u00e0 ch\u00fang t\u00f4i kh\u00f4ng ch\u1ecbu tr\u00e1ch nhi\u1ec7m v\u1ec1 k\u1ebft qu\u1ea3 t\u00ednh to\u00e1n.<\/p>\r\n<p>Vui l\u00f2ng tham kh\u1ea3o \u00fd ki\u1ebfn v\u0103n ph\u00f2ng k\u1ebf to\u00e1n \u0111\u1ec3 bi\u1ebft th\u00eam chi ti\u1ebft.<\/p>\r\n\r\n\r\n<div class=\"saboxplugin-wrap\" itemtype=\"http:\/\/schema.org\/Person\" itemscope=\"\" itemprop=\"author\">\r\n<div class=\"saboxplugin-tab\">\r\n<div class=\"saboxplugin-gravatar\"><img loading=\"lazy\" src=\"https:\/\/suzuki-global.com\/wp-content\/uploads\/2021\/12\/aacs-logo3.jpg\" width=\"100\" height=\"100\" alt=\"aacs logo3\" itemprop=\"image\" \/><\/div>\r\n<div class=\"saboxplugin-authorname\"><a href=\"https:\/\/suzuki-global.com\/vi\/author\/aacs\/\" class=\"vcard author\" rel=\"author\" itemprop=\"url\"><span class=\"fn\" itemprop=\"name\">[Gi\u00e1m s\u00e1t] V\u0103n ph\u00f2ng k\u1ebf to\u00e1n AACS (AACS Co., Ltd)<\/span><\/a><\/div>\r\n<div class=\"saboxplugin-desc\">\r\n<div itemprop=\"description\">\r\n<p>V\u0103n ph\u00f2ng K\u1ebf to\u00e1n AACS cung c\u1ea5p th\u00f4ng tin h\u1eefu \u00edch v\u1ec1 c\u00e1c lo\u1ea1i thu\u1ebf c\u1ee7a Vi\u1ec7t Nam. V\u0103n ph\u00f2ng k\u1ebf to\u00e1n AACS<u>C\u00f3 8 c\u01a1 s\u1edf tr\u00ean kh\u1eafp Vi\u1ec7t Nam v\u00e0 ch\u00fang t\u00f4i h\u1ee3p t\u00e1c v\u1edbi c\u00e1c c\u01a1 quan thu\u1ebf \u1edf t\u1eebng khu v\u1ef1c \u0111\u1ec3 h\u1ed7 tr\u1ee3 vi\u1ec7c ki\u1ec3m tra k\u1ebf to\u00e1n v\u00e0 c\u00e1c v\u1ea5n \u0111\u1ec1 thu\u1ebf di\u1ec5n ra su\u00f4n s\u1ebb.<\/u>L\u00e0m.<\/p>\r\n<\/div>\r\n<\/div>\r\n<div class=\"clearfix\"><\/div>\r\n<div class=\"saboxplugin-socials\"><a target=\"_self\" href=\"https:\/\/suzuki-global.com\/vi\/about-us\/\" aria-label=\"Th\u00eam \u0111i\u1ec1u n\u00e0y\" rel=\"nofollow noopener\" class=\"saboxplugin-icon-grey\"><svg aria-hidden=\"true\" class=\"sab-addthis\" role=\"img\" xmlns=\"http:\/\/www.w3.org\/2000\/svg\" viewbox=\"0 0 448 512\"><path fill=\"currentColor\" d=\"M400 32H48C21.5 32 0 53.5 0 80v352c0 26.5 21.5 48 48 48h352c26.5 0 48-21.5 48-48V80c0-26.5-21.5-48-48-48zm-32 252c0 6.6-5.4 12-12 12h-92v92c0 6.6-5.4 12-12 12h-56c-6.6 0-12-5.4-12-12v-92H92c-6.6 0-12-5.4-12-12v-56c0-6.6 5.4-12 12-12h92v-92c0-6.6 5.4-12 12-12h56c6.6 0 12 5.4 12 12v92h92c6.6 0 12 5.4 12 12v56z\"><\/path><\/svg><\/a><\/div>\r\n<\/div>\r\n<\/div>","protected":false},"excerpt":{"rendered":"<p>C\u00f4ng c\u1ee5 t\u00ednh thu\u1ebf h\u1ea3i quan\/thu\u1ebf ti\u00eau th\u1ee5 \u0111\u1eb7c bi\u1ec7t (r\u01b0\u1ee3u, thu\u1ed1c l\u00e1, bia, \u00f4 t\u00f4) M\u00f4 h\u00ecnh t\u00ednh to\u00e1n n\u00e0y d\u1ef1a tr\u00ean c\u01a1 s\u1edf mi\u1ec5n thu\u1ebf h\u1ea3i quan [\u2026]<\/p>","protected":false},"author":1,"featured_media":5423,"parent":1993,"menu_order":0,"comment_status":"closed","ping_status":"closed","template":"","meta":[],"categories":[],"tags":[139],"amp_enabled":false,"_links":{"self":[{"href":"https:\/\/suzuki-global.com\/vi\/wp-json\/wp\/v2\/pages\/5406"}],"collection":[{"href":"https:\/\/suzuki-global.com\/vi\/wp-json\/wp\/v2\/pages"}],"about":[{"href":"https:\/\/suzuki-global.com\/vi\/wp-json\/wp\/v2\/types\/page"}],"author":[{"embeddable":true,"href":"https:\/\/suzuki-global.com\/vi\/wp-json\/wp\/v2\/users\/1"}],"replies":[{"embeddable":true,"href":"https:\/\/suzuki-global.com\/vi\/wp-json\/wp\/v2\/comments?post=5406"}],"version-history":[{"count":19,"href":"https:\/\/suzuki-global.com\/vi\/wp-json\/wp\/v2\/pages\/5406\/revisions"}],"predecessor-version":[{"id":8111,"href":"https:\/\/suzuki-global.com\/vi\/wp-json\/wp\/v2\/pages\/5406\/revisions\/8111"}],"up":[{"embeddable":true,"href":"https:\/\/suzuki-global.com\/vi\/wp-json\/wp\/v2\/pages\/1993"}],"wp:featuredmedia":[{"embeddable":true,"href":"https:\/\/suzuki-global.com\/vi\/wp-json\/wp\/v2\/media\/5423"}],"wp:attachment":[{"href":"https:\/\/suzuki-global.com\/vi\/wp-json\/wp\/v2\/media?parent=5406"}],"wp:term":[{"taxonomy":"category","embeddable":true,"href":"https:\/\/suzuki-global.com\/vi\/wp-json\/wp\/v2\/categories?post=5406"},{"taxonomy":"post_tag","embeddable":true,"href":"https:\/\/suzuki-global.com\/vi\/wp-json\/wp\/v2\/tags?post=5406"}],"curies":[{"name":"wp","href":"https:\/\/api.w.org\/{rel}","templated":true}]}}