{"id":5413,"date":"2021-11-24T14:46:42","date_gmt":"2021-11-24T05:46:42","guid":{"rendered":"https:\/\/suzuki-global.com\/?page_id=5413"},"modified":"2022-01-02T14:52:14","modified_gmt":"2022-01-02T05:52:14","slug":"loss-carried-forward","status":"publish","type":"page","link":"https:\/\/suzuki-global.com\/vi\/calculator-apps\/loss-carried-forward\/","title":{"rendered":"Chuy\u1ec3n ti\u1ebfp l\u1ed7 c\u1ee7a Vi\u1ec7t Nam | M\u00f4 h\u00ecnh \/ C\u00f4ng c\u1ee5 t\u00ednh to\u00e1n 5 n\u0103m"},"content":{"rendered":"<h2>C\u00f4ng c\u1ee5 t\u00ednh to\u00e1n \/ m\u00f4 h\u00ecnh l\u1ed7 chuy\u1ec3n l\u1ed7 5 n\u0103m c\u1ee7a Vi\u1ec7t Nam<\/h2>\r\n\r\n\r\n\r\n<p>T\u1ea1i Vi\u1ec7t Nam, b\u1ea1n c\u00f3 th\u1ec3 chuy\u1ec3n ti\u1ebfp trong 5 n\u0103m k\u1ec3 t\u1eeb n\u0103m x\u1ea3y ra t\u1ed5n th\u1ea5t.<\/p>\r\n<p><strong>\u0110\u00e2y l\u00e0 m\u1ed9t trong nh\u1eefng chi\u1ebfn l\u01b0\u1ee3c t\u00e0i ch\u00ednh c\u01a1 b\u1ea3n nh\u01b0ng quan tr\u1ecdng \u0111\u1ec3 s\u1eed d\u1ee5ng ch\u1eafc ch\u1eafn kho\u1ea3n th\u00e2m h\u1ee5t trong 5 n\u0103m.<\/strong>L\u00e0.<\/p>\r\n<p>M\u00f4 h\u00ecnh t\u00ednh to\u00e1n n\u00e0y d\u00e0nh cho c\u00e1c nh\u00e0 qu\u1ea3n l\u00fd ng\u01b0\u1eddi n\u01b0\u1edbc ngo\u00e0i v\u1eeba \u0111\u01b0\u1ee3c b\u1ed5 nhi\u1ec7m \u1edf n\u01b0\u1edbc ngo\u00e0i. V\u00ec v\u1eady, ch\u00fang t\u00f4i b\u1ecf qua c\u00e1c t\u00ednh to\u00e1n ph\u1ee9c t\u1ea1p nh\u01b0 k\u1ebf to\u00e1n hi\u1ec7u l\u1ef1c thu\u1ebf.<\/p>\r\n<p>N\u00f3 s\u1ebd l\u00e0 m\u1ed9t h\u00ecnh m\u1eabu cho nh\u1eefng ng\u01b0\u1eddi v\u1eeba \u0111\u01b0\u1ee3c giao nhi\u1ec7m v\u1ee5 \u1edf Vi\u1ec7t Nam c\u00f3 h\u00ecnh \u1ea3nh v\u1ec1 s\u1ef1 thua l\u1ed7 l\u00e0 g\u00ec v\u00e0 n\u00f3 s\u1ebd c\u00f3 nh\u1eefng t\u00e1c \u0111\u1ed9ng nh\u01b0 th\u1ebf n\u00e0o \u0111\u1ed1i v\u1edbi c\u00f4ng ty.<\/p>\r\n<p>Vui l\u00f2ng li\u00ean h\u1ec7 v\u1edbi ch\u00fang t\u00f4i v\u1ec1 c\u00e1c v\u1ea5n \u0111\u1ec1 k\u1ebf to\u00e1n v\u00e0 thu\u1ebf, ch\u1eb3ng h\u1ea1n nh\u01b0 ki\u1ec3m tra k\u1ebf to\u00e1n v\u00e0 khai thu\u1ebf theo y\u00eau c\u1ea7u c\u1ee7a c\u00e1c c\u00f4ng ty Nh\u1eadt B\u1ea3n v\u00e0 c\u00e1c c\u00f4ng ty li\u00ean k\u1ebft n\u01b0\u1edbc ngo\u00e0i.<span style=\"color: #0000ff;\"><a href=\"https:\/\/suzuki-global.com\/vi\/contact\/\" target=\"_blank\" style=\"color: #0000ff;\" rel=\"noopener\">AACS<\/a><\/span>Xin vui l\u00f2ng li\u00ean h\u1ec7 v\u1edbi ch\u00fang t\u00f4i.<\/p>\r\n<p>&nbsp;<\/p>\r\n<p><strong>* * * * Vui l\u00f2ng nh\u1eadp gi\u00e1 tr\u1ecb s\u1ed1 v\u00e0o m\u1ee5c m\u00e0u da tr\u00ean b\u1ea3ng t\u00ednh sau * * * *<\/strong><br \/><strong>* * * * C\u00e1c m\u1ee5c m\u00e0u v\u00e0ng l\u00e0 k\u1ebft qu\u1ea3 t\u00ednh to\u00e1n * * * *<\/strong><\/p>\r\n<p>&nbsp;<\/p>\r\n<form name=\"cp_calculatedfieldsf_pform_1\" id=\"cp_calculatedfieldsf_pform_1\" action=\"?\" method=\"post\" enctype=\"multipart\/form-data\" class=\"\" data-trp-original-action=\"?\">\r\n<input type=\"hidden\" name=\"cp_calculatedfieldsf_pform_psequence\" value=\"_1\" \/>\r\n<input type=\"hidden\" name=\"cp_calculatedfieldsf_id\" value=\"15\" \/><pre style=\"display:none !important;\"><!--noptimize--><script type=\"text\/javascript\">form_structure_1=[[{\"form_identifier\":\"\",\"name\":\"fieldname2\",\"shortlabel\":\"\",\"index\":0,\"ftype\":\"fnumber\",\"userhelp\":\"\",\"userhelpTooltip\":false,\"tooltipIcon\":false,\"csslayout\":\"\",\"title\":\"\\u6b20\\u640d\\u91d1\\u3000\\u767a\\u751f\\u5e74\\u5ea6\\uff08VND\\uff09\",\"predefined\":\"-20,000,000,000\",\"predefinedClick\":false,\"required\":true,\"exclude\":false,\"readonly\":false,\"size\":\"medium\",\"thousandSeparator\":\",\",\"decimalSymbol\":\"\",\"min\":\"-10000000000000\",\"max\":\"10000000000000\",\"formatDynamically\":false,\"dformat\":\"number\",\"formats\":[\"digits\",\"number\",\"percent\"],\"fBuild\":{},\"parent\":\"\"},{\"dependencies\":[{\"rule\":\"\",\"complex\":false,\"fields\":[\"\"]}],\"form_identifier\":\"\",\"name\":\"fieldname30\",\"shortlabel\":\"\",\"index\":1,\"ftype\":\"fCalculated\",\"userhelp\":\"\",\"userhelpTooltip\":false,\"tooltipIcon\":false,\"csslayout\":\"\",\"title\":\"\\u7fcc1\\u5e74\\u76ee\\uff08VND\\uff09\",\"predefined\":\"1,000,000,000\",\"required\":true,\"exclude\":false,\"size\":\"medium\",\"eq\":\"\",\"suffix\":\"\",\"prefix\":\"\",\"decimalsymbol\":\".\",\"groupingsymbol\":\",\",\"readonly\":false,\"currency\":false,\"noEvalIfManual\":false,\"formatDynamically\":false,\"hidefield\":false,\"fBuild\":{},\"parent\":\"\",\"predefinedClick\":false},{\"dependencies\":[{\"rule\":\"\",\"complex\":false,\"fields\":[\"\"]}],\"form_identifier\":\"\",\"name\":\"fieldname34\",\"shortlabel\":\"\",\"index\":2,\"ftype\":\"fCalculated\",\"userhelp\":\"\",\"userhelpTooltip\":false,\"tooltipIcon\":false,\"csslayout\":\"\",\"title\":\"2\\u5e74\\u76ee\\uff08VND\\uff09\",\"predefined\":\"2,000,000,000\",\"required\":true,\"exclude\":false,\"size\":\"medium\",\"eq\":\"\",\"suffix\":\"\",\"prefix\":\"\",\"decimalsymbol\":\".\",\"groupingsymbol\":\",\",\"readonly\":false,\"currency\":false,\"noEvalIfManual\":false,\"formatDynamically\":false,\"hidefield\":false,\"fBuild\":{},\"parent\":\"\"},{\"dependencies\":[{\"rule\":\"\",\"complex\":false,\"fields\":[\"\"]}],\"form_identifier\":\"\",\"name\":\"fieldname31\",\"shortlabel\":\"\",\"index\":3,\"ftype\":\"fCalculated\",\"userhelp\":\"\",\"userhelpTooltip\":false,\"tooltipIcon\":false,\"csslayout\":\"\",\"title\":\"3\\u5e74\\u76ee\\uff08VND\\uff09\",\"predefined\":\"3,000,000,000\",\"required\":true,\"exclude\":false,\"size\":\"medium\",\"eq\":\"\",\"suffix\":\"\",\"prefix\":\"\",\"decimalsymbol\":\".\",\"groupingsymbol\":\",\",\"readonly\":false,\"currency\":false,\"noEvalIfManual\":false,\"formatDynamically\":false,\"hidefield\":false,\"fBuild\":{},\"parent\":\"\"},{\"dependencies\":[{\"rule\":\"\",\"complex\":false,\"fields\":[\"\"]}],\"form_identifier\":\"\",\"name\":\"fieldname32\",\"shortlabel\":\"\",\"index\":4,\"ftype\":\"fCalculated\",\"userhelp\":\"\",\"userhelpTooltip\":false,\"tooltipIcon\":false,\"csslayout\":\"\",\"title\":\"4\\u5e74\\u76ee\\uff08VND\\uff09\",\"predefined\":\"4,000,000,000\",\"required\":true,\"exclude\":false,\"size\":\"medium\",\"eq\":\"\",\"suffix\":\"\",\"prefix\":\"\",\"decimalsymbol\":\".\",\"groupingsymbol\":\",\",\"readonly\":false,\"currency\":false,\"noEvalIfManual\":false,\"formatDynamically\":false,\"hidefield\":false,\"fBuild\":{},\"parent\":\"\"},{\"dependencies\":[{\"rule\":\"\",\"complex\":false,\"fields\":[\"\"]}],\"form_identifier\":\"\",\"name\":\"fieldname35\",\"shortlabel\":\"\",\"index\":5,\"ftype\":\"fCalculated\",\"userhelp\":\"\",\"userhelpTooltip\":false,\"tooltipIcon\":false,\"csslayout\":\"\",\"title\":\"5\\u5e74\\u76ee\\uff08VND\\uff09\",\"predefined\":\"5,000,000,000\",\"required\":true,\"exclude\":false,\"size\":\"medium\",\"eq\":\"\",\"suffix\":\"\",\"prefix\":\"\",\"decimalsymbol\":\".\",\"groupingsymbol\":\",\",\"readonly\":false,\"currency\":false,\"noEvalIfManual\":false,\"formatDynamically\":false,\"hidefield\":false,\"fBuild\":{},\"parent\":\"\"},{\"dependencies\":[{\"rule\":\"\",\"complex\":false,\"fields\":[\"\"]}],\"form_identifier\":\"\",\"name\":\"fieldname37\",\"shortlabel\":\"\",\"index\":6,\"ftype\":\"fCalculated\",\"userhelp\":\"\",\"userhelpTooltip\":false,\"tooltipIcon\":false,\"csslayout\":\"\",\"title\":\"\\u7e70\\u8d8a\\u6b20\\u640d\\u91d1\\u3092\\u4f7f\\u3044\\u5207\\u308c\\u306a\\u304b\\u3063\\u305f\\u5206\\uff08VND\\uff09\",\"predefined\":\"\",\"required\":false,\"exclude\":false,\"size\":\"medium\",\"eq\":\"IF(fieldname2+fieldname30+fieldname34+fieldname31+fieldname32+fieldname35\\u003C0, fieldname2+fieldname30+fieldname34+fieldname31+fieldname32+fieldname35, 0)\",\"suffix\":\"\",\"prefix\":\"\",\"decimalsymbol\":\".\",\"groupingsymbol\":\",\",\"readonly\":true,\"currency\":false,\"noEvalIfManual\":true,\"formatDynamically\":false,\"hidefield\":false,\"fBuild\":{},\"parent\":\"\"},{\"form_identifier\":\"\",\"name\":\"fieldname38\",\"shortlabel\":\"\",\"index\":7,\"ftype\":\"fCommentArea\",\"userhelp\":\"\",\"userhelpTooltip\":false,\"tooltipIcon\":false,\"csslayout\":\"\",\"title\":\"\\u4f7f\\u3044\\u304d\\u308c\\u306a\\u304b\\u3063\\u305f50\\u5104VND\\u306f\\u3001\\u7fcc6\\u5e74\\u76ee\\u3078\\u306e\\u7e70\\u8d8a\\u76f8\\u6bba\\u306f\\u4e0d\\u53ef\",\"fBuild\":{},\"parent\":\"\"},{\"dependencies\":[{\"rule\":\"\",\"complex\":false,\"fields\":[\"\"]}],\"form_identifier\":\"\",\"name\":\"fieldname39\",\"shortlabel\":\"\",\"index\":8,\"ftype\":\"fCalculated\",\"userhelp\":\"\",\"userhelpTooltip\":false,\"tooltipIcon\":false,\"csslayout\":\"\",\"title\":\"\\u7a0e\\u984d\\uff08VND\\uff09\",\"predefined\":\"\",\"required\":false,\"exclude\":false,\"size\":\"medium\",\"eq\":\"fieldname37*0.2\",\"suffix\":\"\",\"prefix\":\"\",\"decimalsymbol\":\".\",\"groupingsymbol\":\",\",\"readonly\":true,\"currency\":false,\"noEvalIfManual\":true,\"formatDynamically\":false,\"hidefield\":false,\"fBuild\":{},\"parent\":\"\"},{\"form_identifier\":\"\",\"name\":\"fieldname40\",\"shortlabel\":\"\",\"index\":9,\"ftype\":\"fCommentArea\",\"userhelp\":\"\",\"userhelpTooltip\":false,\"tooltipIcon\":false,\"csslayout\":\"\",\"title\":\"\\u30d9\\u30c8\\u30ca\\u30e0\\u306e\\u6cd5\\u4eba\\u7a0e\\u738720%\\u3092\\u639b\\u3051\\u3001\\u7a0e\\u984d\\u3092\\u7b97\\u51fa\\u3057\\u307e\\u3059\\u3002\\u003Cbr \\\/\\u003E5\\u5e74\\u76ee\\u307e\\u3067\\u306b\\u4f7f\\u3044\\u304d\\u308c\\u306a\\u304b\\u3063\\u305f\\u6b20\\u640d\\u91d1\\u306f\\u3001\\u6d88\\u6ec5\\u3057\\u3066\\u3057\\u307e\\u3044\\u307e\\u3059\\u3002\\u003Cbr \\\/\\u003E\\u4f7f\\u3044\\u304d\\u308c\\u308b\\u3088\\u3046\\u306b\\u6570\\u5024\\u76ee\\u6a19\\u3001\\u4e88\\u7b97\\u7ba1\\u7406\\u3092\\u884c\\u3044\\u307e\\u3057\\u3087\\u3046\\u3002\",\"fBuild\":{},\"parent\":\"\"},{\"form_identifier\":\"\",\"name\":\"fieldname24\",\"shortlabel\":\"\",\"index\":10,\"ftype\":\"fSectionBreak\",\"userhelp\":\"\",\"userhelpTooltip\":false,\"tooltipIcon\":false,\"csslayout\":\"\",\"title\":\"\\u70ba\\u66ff\\u63db\\u7b97\",\"fBuild\":{},\"parent\":\"\"},{\"form_identifier\":\"\",\"name\":\"fieldname25\",\"shortlabel\":\"\",\"index\":11,\"ftype\":\"fnumber\",\"userhelp\":\"\",\"userhelpTooltip\":false,\"tooltipIcon\":false,\"csslayout\":\"\",\"title\":\"\\u70ba\\u66ff\\u30ec\\u30fc\\u30c8\\uff08VND\\\/JPY\\uff09\",\"predefined\":\"200\",\"predefinedClick\":false,\"required\":true,\"exclude\":false,\"readonly\":false,\"size\":\"medium\",\"thousandSeparator\":\"\",\"decimalSymbol\":\".\",\"min\":\"-20000000000000000000000\",\"max\":\"20000000000000000000000\",\"formatDynamically\":false,\"dformat\":\"number\",\"formats\":[\"digits\",\"number\",\"percent\"],\"fBuild\":{},\"parent\":\"\"},{\"form_identifier\":\"\",\"name\":\"fieldname26\",\"shortlabel\":\"\",\"index\":12,\"ftype\":\"fnumber\",\"userhelp\":\"\",\"userhelpTooltip\":false,\"tooltipIcon\":false,\"csslayout\":\"\",\"title\":\"\\u91d1\\u984d\\uff08VND\\uff09\",\"predefined\":\"-1,000,000,000\",\"predefinedClick\":false,\"required\":true,\"exclude\":false,\"readonly\":false,\"size\":\"medium\",\"thousandSeparator\":\",\",\"decimalSymbol\":\".\",\"min\":\"-20000000000000000000\",\"max\":\"20000000000000000000\",\"formatDynamically\":false,\"dformat\":\"number\",\"formats\":[\"digits\",\"number\",\"percent\"],\"fBuild\":{},\"parent\":\"\"},{\"dependencies\":[{\"rule\":\"\",\"complex\":false,\"fields\":[\"\"]}],\"form_identifier\":\"\",\"name\":\"fieldname28\",\"shortlabel\":\"\",\"index\":13,\"ftype\":\"fCalculated\",\"userhelp\":\"\",\"userhelpTooltip\":false,\"tooltipIcon\":false,\"csslayout\":\"\",\"title\":\"\\u91d1\\u984d\\uff08JPY\\uff09\",\"predefined\":\"\",\"required\":false,\"exclude\":false,\"size\":\"medium\",\"eq\":\"ROUND(fieldname26\\\/fieldname25,0)\",\"suffix\":\"\",\"prefix\":\"\",\"decimalsymbol\":\".\",\"groupingsymbol\":\",\",\"readonly\":true,\"currency\":false,\"noEvalIfManual\":true,\"formatDynamically\":false,\"hidefield\":false,\"fBuild\":{},\"parent\":\"\"}],{\"0\":{\"title\":\"\\u30d9\\u30c8\\u30ca\\u30e0\\u306e\\u7e70\\u8d8a\\u6b20\\u640d\\u91d1\\u306e\\u8a08\\u7b97\",\"description\":\"\\u30d9\\u30c8\\u30ca\\u30e0\\u306e\\u7e70\\u8d8a\\u6b20\\u640d\\u91d1\\u306e\\u8a08\\u7b97\\u30c4\\u30fc\\u30eb\\u3067\\u3059\\u3002\\n\",\"formlayout\":\"top_aligned\",\"formtemplate\":\"\",\"evalequations\":1,\"evalequationsevent\":\"2\",\"loading_animation\":0,\"autocomplete\":1,\"persistence\":0,\"customstyles\":\"\"},\"formid\":\"cp_calculatedfieldsf_pform_1\"}];<\/script><!--\/noptimize--><\/pre>\r\n<div id=\"fbuilder\">\r\n\t\t<div id=\"fbuilder_1\">\r\n\t\t<div id=\"formheader_1\"><\/div>\r\n\t\t<div id=\"fieldlist_1\"><\/div>\r\n\t<\/div>\r\n<\/div>\r\n<div class=\"clearer\"><\/div>\r\n<input type=\"hidden\" name=\"trp-form-language\" value=\"vi\"\/><\/form>\r\n\r\n<p><div class='printomatic pom-default' id='id5492'  data-print_target='article'><\/div> <br \/><br \/><\/p>\r\n<p>Tuy\u00ean b\u1ed1 t\u1eeb ch\u1ed1i tr\u00e1ch nhi\u1ec7m<\/p>\r\n<p>* \u0110\u00e2y l\u00e0 m\u1ed9t h\u1ec7 th\u1ed1ng t\u00ednh to\u00e1n \u0111\u01a1n gi\u1ea3n v\u00e0 ch\u00fang t\u00f4i kh\u00f4ng ch\u1ecbu tr\u00e1ch nhi\u1ec7m v\u1ec1 k\u1ebft qu\u1ea3 t\u00ednh to\u00e1n.<\/p>\r\n<p>Vui l\u00f2ng tham kh\u1ea3o \u00fd ki\u1ebfn v\u0103n ph\u00f2ng k\u1ebf to\u00e1n \u0111\u1ec3 bi\u1ebft th\u00eam chi ti\u1ebft.<\/p>\r\n<p>&nbsp;<\/p>\r\n\r\n<div class=\"saboxplugin-wrap\" itemtype=\"http:\/\/schema.org\/Person\" itemscope=\"\" itemprop=\"author\">\r\n<div class=\"saboxplugin-tab\">\r\n<div class=\"saboxplugin-gravatar\"><img loading=\"lazy\" src=\"https:\/\/suzuki-global.com\/wp-content\/uploads\/2021\/12\/aacs-logo3.jpg\" width=\"100\" height=\"100\" alt=\"aacs logo3\" itemprop=\"image\" \/><\/div>\r\n<div class=\"saboxplugin-authorname\"><a href=\"https:\/\/suzuki-global.com\/vi\/author\/aacs\/\" class=\"vcard author\" rel=\"author\" itemprop=\"url\"><span class=\"fn\" itemprop=\"name\">[Gi\u00e1m s\u00e1t] V\u0103n ph\u00f2ng k\u1ebf to\u00e1n AACS (AACS Co., Ltd)<\/span><\/a><\/div>\r\n<div class=\"saboxplugin-desc\">\r\n<div itemprop=\"description\">\r\n<p>V\u0103n ph\u00f2ng K\u1ebf to\u00e1n AACS cung c\u1ea5p th\u00f4ng tin h\u1eefu \u00edch v\u1ec1 c\u00e1c lo\u1ea1i thu\u1ebf c\u1ee7a Vi\u1ec7t Nam. V\u0103n ph\u00f2ng k\u1ebf to\u00e1n AACS<u>C\u00f3 8 c\u01a1 s\u1edf tr\u00ean kh\u1eafp Vi\u1ec7t Nam v\u00e0 ch\u00fang t\u00f4i h\u1ee3p t\u00e1c v\u1edbi c\u00e1c c\u01a1 quan thu\u1ebf \u1edf t\u1eebng khu v\u1ef1c \u0111\u1ec3 h\u1ed7 tr\u1ee3 vi\u1ec7c ki\u1ec3m tra k\u1ebf to\u00e1n v\u00e0 c\u00e1c v\u1ea5n \u0111\u1ec1 thu\u1ebf di\u1ec5n ra su\u00f4n s\u1ebb.<\/u>L\u00e0m.<\/p>\r\n<\/div>\r\n<\/div>\r\n<div class=\"clearfix\"><\/div>\r\n<div class=\"saboxplugin-socials\"><a target=\"_self\" href=\"https:\/\/suzuki-global.com\/vi\/about-us\/\" aria-label=\"Th\u00eam \u0111i\u1ec1u n\u00e0y\" rel=\"nofollow noopener\" class=\"saboxplugin-icon-grey\"><svg aria-hidden=\"true\" class=\"sab-addthis\" role=\"img\" xmlns=\"http:\/\/www.w3.org\/2000\/svg\" viewbox=\"0 0 448 512\"><path fill=\"currentColor\" d=\"M400 32H48C21.5 32 0 53.5 0 80v352c0 26.5 21.5 48 48 48h352c26.5 0 48-21.5 48-48V80c0-26.5-21.5-48-48-48zm-32 252c0 6.6-5.4 12-12 12h-92v92c0 6.6-5.4 12-12 12h-56c-6.6 0-12-5.4-12-12v-92H92c-6.6 0-12-5.4-12-12v-56c0-6.6 5.4-12 12-12h92v-92c0-6.6 5.4-12 12-12h56c6.6 0 12 5.4 12 12v92h92c6.6 0 12 5.4 12 12v56z\"><\/path><\/svg><\/a><\/div>\r\n<\/div>\r\n<\/div>","protected":false},"excerpt":{"rendered":"<p>M\u00f4 h\u00ecnh\/c\u00f4ng c\u1ee5 t\u00ednh to\u00e1n chuy\u1ec3n l\u1ed7 c\u1ee7a Vi\u1ec7t Nam trong 5 n\u0103m T\u1ea1i Vi\u1ec7t Nam, vi\u1ec7c chuy\u1ec3n l\u1ed7 \u0111\u01b0\u1ee3c chuy\u1ec3n trong 5 n\u0103m k\u1ec3 t\u1eeb n\u0103m sau khi ph\u00e1t sinh l\u1ed7.<\/p>","protected":false},"author":1,"featured_media":5241,"parent":1993,"menu_order":0,"comment_status":"closed","ping_status":"closed","template":"","meta":[],"categories":[],"tags":[139],"amp_enabled":false,"_links":{"self":[{"href":"https:\/\/suzuki-global.com\/vi\/wp-json\/wp\/v2\/pages\/5413"}],"collection":[{"href":"https:\/\/suzuki-global.com\/vi\/wp-json\/wp\/v2\/pages"}],"about":[{"href":"https:\/\/suzuki-global.com\/vi\/wp-json\/wp\/v2\/types\/page"}],"author":[{"embeddable":true,"href":"https:\/\/suzuki-global.com\/vi\/wp-json\/wp\/v2\/users\/1"}],"replies":[{"embeddable":true,"href":"https:\/\/suzuki-global.com\/vi\/wp-json\/wp\/v2\/comments?post=5413"}],"version-history":[{"count":7,"href":"https:\/\/suzuki-global.com\/vi\/wp-json\/wp\/v2\/pages\/5413\/revisions"}],"predecessor-version":[{"id":5420,"href":"https:\/\/suzuki-global.com\/vi\/wp-json\/wp\/v2\/pages\/5413\/revisions\/5420"}],"up":[{"embeddable":true,"href":"https:\/\/suzuki-global.com\/vi\/wp-json\/wp\/v2\/pages\/1993"}],"wp:featuredmedia":[{"embeddable":true,"href":"https:\/\/suzuki-global.com\/vi\/wp-json\/wp\/v2\/media\/5241"}],"wp:attachment":[{"href":"https:\/\/suzuki-global.com\/vi\/wp-json\/wp\/v2\/media?parent=5413"}],"wp:term":[{"taxonomy":"category","embeddable":true,"href":"https:\/\/suzuki-global.com\/vi\/wp-json\/wp\/v2\/categories?post=5413"},{"taxonomy":"post_tag","embeddable":true,"href":"https:\/\/suzuki-global.com\/vi\/wp-json\/wp\/v2\/tags?post=5413"}],"curies":[{"name":"wp","href":"https:\/\/api.w.org\/{rel}","templated":true}]}}