{"id":5721,"date":"2021-12-03T20:24:20","date_gmt":"2021-12-03T11:24:20","guid":{"rendered":"https:\/\/suzuki-global.com\/?page_id=5721"},"modified":"2022-10-11T22:10:29","modified_gmt":"2022-10-11T13:10:29","slug":"rent-pic","status":"publish","type":"page","link":"https:\/\/suzuki-global.com\/vi\/calculator-apps\/rent-pic\/","title":{"rendered":"Nh\u00e0 \u1edf Vi\u1ec7t Nam (Thu\u00ea \/ Cho thu\u00ea) Ph\u1ee5 c\u1ea5p | Thanh to\u00e1n b\u1eb1ng Ti\u1ec1n m\u1eb7t \/ H\u1ee3p \u0111\u1ed3ng Tr\u1ef1c ti\u1ebfp (H\u1ee3p \u0111\u1ed3ng Doanh nghi\u1ec7p) ho\u1eb7c T\u00ednh T\u00e1c \u0111\u1ed9ng \u0111\u1ebfn Thu\u1ebf Thu nh\u1eadp"},"content":{"rendered":"<h2>T\u00ednh to\u00e1n t\u00e1c \u0111\u1ed9ng \u0111\u1ebfn tr\u1ee3 c\u1ea5p nh\u00e0 \u1edf Vi\u1ec7t Nam (ti\u1ec1n thu\u00ea \/ ti\u1ec1n thu\u00ea nh\u00e0), thanh to\u00e1n ti\u1ec1n m\u1eb7t \/ h\u1ee3p \u0111\u1ed3ng tr\u1ef1c ti\u1ebfp (h\u1ee3p \u0111\u1ed3ng doanh nghi\u1ec7p), ho\u1eb7c thu\u1ebf thu nh\u1eadp<\/h2>\r\n\r\n\r\n\r\n<p>T\u1ea1i Vi\u1ec7t Nam, nhi\u1ec1u c\u00f4ng ty k\u00fd h\u1ee3p \u0111\u1ed3ng tr\u1ef1c ti\u1ebfp v\u1edbi ch\u1ee7 s\u1edf h\u1eefu nh\u00e0 chung c\u01b0 cho ng\u01b0\u1eddi n\u01b0\u1edbc ngo\u00e0i c\u01b0 tr\u00fa (hay n\u00f3i c\u00e1ch kh\u00e1c l\u00e0 h\u1ecd c\u00f3 xu\u1ea5t h\u00f3a \u0111\u01a1n GTGT, h\u00f3a \u0111\u01a1n \u0111\u1ecf).<\/p>\r\n<p>\u0110i\u1ec1u n\u00e0y l\u00e0 do c\u00f4ng ty k\u00fd h\u1ee3p \u0111\u1ed3ng v\u1edbi ch\u1ee7 s\u1edf h\u1eefu thay v\u00ec tr\u1ea3 ti\u1ec1n thu\u00ea nh\u00e0 b\u1eb1ng ti\u1ec1n m\u1eb7t cho nh\u00e2n vi\u00ean, v\u00e0 do \u0111\u00f3, thu\u1ebf thu nh\u1eadp c\u00e1 nh\u00e2n c\u1ee7a nh\u00e2n vi\u00ean c\u00f3 th\u1ec3 \u0111\u01b0\u1ee3c gi\u1ea3m.<\/p>\r\n<p>V\u1ea5n \u0111\u1ec1 \u1edf \u0111\u00e2y l\u00e0 khi n\u01a1i c\u01b0 tr\u00fa \u0111\u01b0\u1ee3c k\u00fd h\u1ee3p \u0111\u1ed3ng v\u00e0 cung c\u1ea5p tr\u1ef1c ti\u1ebfp cho ng\u01b0\u1eddi c\u01b0 tr\u00fa.<strong>L\u00ean \u0111\u1ebfn 15% t\u1ed5ng l\u01b0\u01a1ng<\/strong>Ngo\u00e0i ra, kh\u00f4ng nh\u1ea5t thi\u1ebft ph\u1ea3i \u0111\u01b0a v\u00e0o t\u00ednh thu\u1ebf thu nh\u1eadp c\u00e1 nh\u00e2n v\u00e0 c\u1ed9ng ph\u1ea7n v\u01b0\u1ee3t thu nh\u1eadp.<\/p>\r\n<p>V\u1edbi c\u00f4ng c\u1ee5 n\u00e0y, b\u1ea1n c\u00f3 th\u1ec3 so s\u00e1nh xem b\u1ea1n n\u00ean thanh to\u00e1n ti\u1ec1n m\u1eb7t hay th\u1ef1c hi\u1ec7n m\u1ed9t h\u1ee3p \u0111\u1ed3ng tr\u1ef1c ti\u1ebfp.<\/p>\r\n<p><span style=\"color: #0000ff;\"><a href=\"https:\/\/www.asia-prop.com\/column\/property\/living-expenses-in-vietnam\/\" target=\"_blank\" style=\"color: #0000ff;\" rel=\"noopener\">* B\u1ea5m v\u00e0o \u0111\u00e2y \u0111\u1ec3 xem chi ph\u00ed sinh ho\u1ea1t v\u00e0 m\u00f4 ph\u1ecfng t\u1ea1i Vi\u1ec7t Nam (Suzuki Real Estate)<\/a><\/span><\/p>\r\n<h2>V\u00ed d\u1ee5: T\u00e1c \u0111\u1ed9ng c\u1ee7a ph\u01b0\u01a1ng th\u1ee9c tr\u1ea3 tr\u1ee3 c\u1ea5p \/ h\u1ee3p \u0111\u1ed3ng \u0111\u1ed1i v\u1edbi thu\u1ebf thu nh\u1eadp<\/h2>\r\n<p>V\u00ed d\u1ee5 v\u1ec1 c\u00e0i \u0111\u1eb7t ban \u0111\u1ea7u c\u1ee7a c\u00f4ng c\u1ee5 t\u00ednh to\u00e1n<br \/>L\u01b0\u01a1ng nh\u00e2n vi\u00ean 80 tri\u1ec7u VND 400.000 y\u00ean<br \/>Tr\u1ee3 c\u1ea5p ti\u1ec1n thu\u00ea nh\u00e0 30 tri\u1ec7u \u0111\u1ed3ng kho\u1ea3ng 150.000 y\u00ean<br \/>\u3000<br \/>Thu nh\u1eadp \u0111\u1ec3 t\u00ednh thu\u1ebf thu nh\u1eadp<br \/>Thanh to\u00e1n ti\u1ec1n m\u1eb7t 110 tri\u1ec7u VND 550,000 y\u00ean<br \/>H\u1ee3p \u0111\u1ed3ng tr\u1ef1c ti\u1ebfp 92 tri\u1ec7u VND 460,000 y\u00ean<br \/>\u3000<br \/>Gi\u1ea3 \u0111\u1ecbnh r\u1eb1ng thu\u1ebf su\u1ea5t thu\u1ebf thu nh\u1eadp tr\u00ean c\u01a1 s\u1edf th\u1ef1c t\u1ebf l\u00e0 30%<br \/>N\u1ebfu b\u1ea1n \u0111\u00e3 \u0111\u01b0\u1ee3c tr\u1ea3 ti\u1ec1n m\u1eb7t v\u00e0 tr\u1ea3 ti\u1ec1n thu\u00ea t\u1eeb \u0111\u00f3<br \/>\u21d2 5,4 tri\u1ec7u VND 27,000 y\u00ean T\u00f4i ph\u1ea3i tr\u1ea3 th\u00eam thu\u1ebf thu nh\u1eadp. .. ..<br \/>(11000-9200) * 30% = 5,4 tri\u1ec7u \u0111\u1ed3ng<br \/>\u3000\u3000<br \/>Kho\u1ea3n l\u1ed7 27.000 y\u00ean h\u00e0ng th\u00e1ng, v\u00ec v\u1eady n\u1ebfu b\u1ea1n \u0111i\u1ec1u h\u00e0nh doanh nghi\u1ec7p m\u00e0 kh\u00f4ng c\u1ea7n lo l\u1eafng v\u1ec1 n\u00f3<br \/>M\u1ee9c l\u1ed7 h\u00e0ng n\u0103m l\u00e0 324.000 y\u00ean.<\/p>\r\n<p>Con s\u1ed1 n\u00e0y s\u1ebd l\u00e0 3,24 tri\u1ec7u y\u00ean n\u1ebfu ph\u00e1i c\u1eed 10 ng\u01b0\u1eddi n\u01b0\u1edbc ngo\u00e0i.<\/p>\r\n<p>T\u1eeb \u0111\u1ea7u<strong>N\u1ebfu b\u1ea1n c\u00f3 h\u1ee3p \u0111\u1ed3ng tr\u1ef1c ti\u1ebfp, l\u1ee3i nhu\u1eadn s\u1ebd t\u0103ng th\u00eam 3,24 tri\u1ec7u y\u00ean<\/strong>T\u00f4i \u0111\u00e3 l\u00e0m \u0111i\u1ec1u \u0111\u00f3.<\/p>\r\n<p><span style=\"color: #0000ff;\"><a href=\"https:\/\/suzuki-global.com\/vi\/calculator-apps\/insurance\/\" target=\"_blank\" rel=\"noopener\" style=\"color: #0000ff;\">\u21d2 Tham kh\u1ea3o t\u1ef7 l\u1ec7 g\u00e1nh n\u1eb7ng th\u1ef1c t\u1ebf (c\u00f4ng c\u1ee5 t\u00ednh BHXH v\u00e0 b\u1ea3ng l\u01b0\u01a1ng)<\/a><\/span><\/p>\r\n<p>&nbsp;<\/p>\r\n<p>Vui l\u00f2ng tham kh\u1ea3o \u00fd ki\u1ebfn chuy\u00ean gia \u0111\u1ec3 c\u00f3 s\u1ed1 li\u1ec7u ch\u00ednh x\u00e1c.<\/p>\r\n<p>Ch\u00fang t\u00f4i c\u0169ng x\u1eed l\u00fd vi\u1ec7c t\u00ednh thu\u1ebf v\u00e0 khai thu\u1ebf.<\/p>\r\n<p>Tho\u1ea3i m\u00e1i \u0111\u1ec3<span style=\"color: #0000ff;\"><a href=\"https:\/\/suzuki-global.com\/vi\/contact\/\" style=\"color: #0000ff;\">T\u1edbi AACS<\/a><\/span>, Vui l\u00f2ng li\u00ean h\u1ec7 v\u1edbi t\u00f4i.<\/p>\r\n<p>Ngo\u00e0i ra, b\u1ea5t \u0111\u1ed9ng s\u1ea3n \u1edf Vi\u1ec7t Nam<a href=\"https:\/\/asia-prop.com\/\" target=\"_blank\" rel=\"noopener\"><span style=\"color: #0000ff;\">\u0110\u1ebfn Suzuki Real Estate<\/span><\/a>Xin vui l\u00f2ng li\u00ean h\u1ec7 v\u1edbi ch\u00fang t\u00f4i.<\/p>\r\n<p>&nbsp;<\/p>\r\n<p><strong>* * * * Vui l\u00f2ng nh\u1eadp gi\u00e1 tr\u1ecb s\u1ed1 v\u00e0o m\u1ee5c m\u00e0u da tr\u00ean b\u1ea3ng t\u00ednh sau * * * *<\/strong><br \/><strong>* * * * C\u00e1c m\u1ee5c m\u00e0u v\u00e0ng l\u00e0 k\u1ebft qu\u1ea3 t\u00ednh to\u00e1n * * * *<\/strong><\/p>\r\n<form name=\"cp_calculatedfieldsf_pform_1\" id=\"cp_calculatedfieldsf_pform_1\" action=\"?\" method=\"post\" enctype=\"multipart\/form-data\" class=\"\" data-trp-original-action=\"?\">\r\n<input type=\"hidden\" name=\"cp_calculatedfieldsf_pform_psequence\" value=\"_1\" \/>\r\n<input type=\"hidden\" name=\"cp_calculatedfieldsf_id\" value=\"17\" \/><pre style=\"display:none !important;\"><!--noptimize--><script type=\"text\/javascript\">form_structure_1=[[{\"form_identifier\":\"\",\"name\":\"fieldname2\",\"shortlabel\":\"\",\"index\":0,\"ftype\":\"fnumber\",\"userhelp\":\"\",\"userhelpTooltip\":false,\"tooltipIcon\":false,\"csslayout\":\"\",\"title\":\"\\u2460\\u3000\\u5bfe\\u8c61\\u5f93\\u696d\\u54e1\\u306e\\u7d66\\u4e0e\\u7dcf\\u984d\\uff08\\u4e07\\u30c9\\u30f3\\uff09\",\"predefined\":\"8000\",\"predefinedClick\":false,\"required\":true,\"exclude\":false,\"readonly\":false,\"numberpad\":false,\"size\":\"medium\",\"thousandSeparator\":\"\",\"decimalSymbol\":\".\",\"min\":\"0\",\"max\":\"10000000000000000000\",\"formatDynamically\":false,\"dformat\":\"digits\",\"formats\":[\"digits\",\"number\",\"percent\"],\"fBuild\":{},\"parent\":\"\"},{\"form_identifier\":\"\",\"name\":\"fieldname20\",\"shortlabel\":\"\",\"index\":1,\"ftype\":\"fnumber\",\"userhelp\":\"\",\"userhelpTooltip\":false,\"tooltipIcon\":false,\"csslayout\":\"\",\"title\":\"\\u2461\\u3000\\u5bb6\\u8cc3\\uff08\\u4e07\\u30c9\\u30f3\\uff09\",\"predefined\":\"3000\",\"predefinedClick\":false,\"required\":true,\"exclude\":false,\"readonly\":false,\"numberpad\":false,\"size\":\"medium\",\"thousandSeparator\":\"\",\"decimalSymbol\":\".\",\"min\":\"0\",\"max\":\"10000000000000000000\",\"formatDynamically\":false,\"dformat\":\"digits\",\"formats\":[\"digits\",\"number\",\"percent\"],\"fBuild\":{},\"parent\":\"\"},{\"form_identifier\":\"\",\"name\":\"fieldname13\",\"shortlabel\":\"\",\"index\":2,\"ftype\":\"fSectionBreak\",\"userhelp\":\"\",\"userhelpTooltip\":false,\"tooltipIcon\":false,\"csslayout\":\"sectionbreak2\",\"title\":\"\",\"fBuild\":{},\"parent\":\"\"},{\"dependencies\":[{\"rule\":\"\",\"complex\":false,\"fields\":[\"\"]}],\"form_identifier\":\"\",\"name\":\"fieldname1\",\"shortlabel\":\"\",\"index\":3,\"ftype\":\"fCalculated\",\"userhelp\":\"\",\"userhelpTooltip\":false,\"tooltipIcon\":false,\"csslayout\":\"\",\"title\":\"\\u2462\\u3000\\u6240\\u5f97\\uff08\\u624b\\u5f53\\u3067\\u73fe\\u91d1\\u652f\\u7d66\\u3001\\u2460+\\u2461\\uff09\\uff08\\u4e07\\u30c9\\u30f3\\uff09\",\"predefined\":\"\",\"required\":false,\"exclude\":false,\"size\":\"medium\",\"eq\":\"fieldname2+fieldname20\",\"min\":\"\",\"max\":\"\",\"suffix\":\"\",\"prefix\":\"\",\"decimalsymbol\":\".\",\"groupingsymbol\":\"\",\"readonly\":true,\"currency\":false,\"noEvalIfManual\":true,\"formatDynamically\":false,\"hidefield\":false,\"fBuild\":{},\"parent\":\"\"},{\"dependencies\":[{\"rule\":\"\",\"complex\":false,\"fields\":[\"\"]}],\"form_identifier\":\"\",\"name\":\"fieldname21\",\"shortlabel\":\"\",\"index\":4,\"ftype\":\"fCalculated\",\"userhelp\":\"\",\"userhelpTooltip\":false,\"tooltipIcon\":false,\"csslayout\":\"\",\"title\":\"\\u2463\\u3000\\u6240\\u5f97\\u3078\\u306e\\u7b97\\u5165\\u9650\\u5ea6\\u984d\\uff08\\u76f4\\u63a5\\u5951\\u7d04\\uff09\\uff08\\u4e07\\u30c9\\u30f3\\uff09\\u3000\\u203b\\u7d66\\u4e0e\\u7dcf\\u984d\\u306e15%\",\"predefined\":\"\",\"required\":false,\"exclude\":false,\"size\":\"medium\",\"eq\":\"fieldname2*0.15\",\"min\":\"\",\"max\":\"\",\"suffix\":\"\",\"prefix\":\"\",\"decimalsymbol\":\".\",\"groupingsymbol\":\"\",\"readonly\":true,\"currency\":false,\"noEvalIfManual\":true,\"formatDynamically\":false,\"hidefield\":false,\"fBuild\":{},\"parent\":\"\"},{\"dependencies\":[{\"rule\":\"\",\"complex\":false,\"fields\":[\"\"]}],\"form_identifier\":\"\",\"name\":\"fieldname22\",\"shortlabel\":\"\",\"index\":5,\"ftype\":\"fCalculated\",\"userhelp\":\"\",\"userhelpTooltip\":false,\"tooltipIcon\":false,\"csslayout\":\"\",\"title\":\"\\u2464\\u3000\\u6240\\u5f97\\uff08\\u76f4\\u63a5\\u5951\\u7d04\\uff09\\uff08\\u4e07\\u30c9\\u30f3\\uff09\",\"predefined\":\"\",\"required\":false,\"exclude\":false,\"size\":\"medium\",\"eq\":\"fieldname2+IF(fieldname20\\u003Cfieldname21, fieldname20, fieldname21)\",\"min\":\"\",\"max\":\"\",\"suffix\":\"\",\"prefix\":\"\",\"decimalsymbol\":\".\",\"groupingsymbol\":\"\",\"readonly\":true,\"currency\":false,\"noEvalIfManual\":true,\"formatDynamically\":false,\"hidefield\":false,\"fBuild\":{},\"parent\":\"\"},{\"dependencies\":[{\"rule\":\"\",\"complex\":false,\"fields\":[\"\"]}],\"form_identifier\":\"\",\"name\":\"fieldname23\",\"shortlabel\":\"\",\"index\":6,\"ftype\":\"fCalculated\",\"userhelp\":\"\",\"userhelpTooltip\":false,\"tooltipIcon\":false,\"csslayout\":\"\",\"title\":\"\\u2465\\u3000\\u76f4\\u63a5\\u5951\\u7d04\\uff08\\u6cd5\\u4eba\\u5951\\u7d04\\uff09\\u3088\\u308b\\u30e1\\u30ea\\u30c3\\u30c8\\uff08\\u2464-\\u2462\\uff09\\uff08\\u4e07\\u30c9\\u30f3\\uff09\",\"predefined\":\"\",\"required\":false,\"exclude\":false,\"size\":\"medium\",\"eq\":\"IF(fieldname1-fieldname22\\u003E0, fieldname1-fieldname22, 0)\",\"min\":\"\",\"max\":\"\",\"suffix\":\"\",\"prefix\":\"\",\"decimalsymbol\":\".\",\"groupingsymbol\":\"\",\"readonly\":true,\"currency\":false,\"noEvalIfManual\":true,\"formatDynamically\":false,\"hidefield\":false,\"fBuild\":{},\"parent\":\"\"},{\"form_identifier\":\"\",\"name\":\"fieldname24\",\"shortlabel\":\"\",\"index\":7,\"ftype\":\"fCommentArea\",\"userhelp\":\"\",\"userhelpTooltip\":false,\"tooltipIcon\":false,\"csslayout\":\"\",\"title\":\"\\u203b\\u500b\\u4eba\\u306e\\u5b9f\\u8cea\\u7a0e\\u8ca0\\u62c5\\u306f30%\\u524d\\u5f8c\\u3067\\u3042\\u308a\\u3001\\u2465\\u306e\\u7d0430\\uff05\\u304c\\u76f4\\u63a5\\u5951\\u7d04\\u306b\\u3088\\u308b\\u7bc0\\u7a0e\\u52b9\\u679c\",\"fBuild\":{},\"parent\":\"\"},{\"form_identifier\":\"\",\"name\":\"fieldname14\",\"shortlabel\":\"\",\"index\":8,\"ftype\":\"fSectionBreak\",\"userhelp\":\"\",\"userhelpTooltip\":false,\"tooltipIcon\":false,\"csslayout\":\"sectionbreak2\",\"title\":\"\\u70ba\\u66ff\\u63db\\u7b97\",\"fBuild\":{},\"parent\":\"\"},{\"form_identifier\":\"\",\"name\":\"fieldname16\",\"shortlabel\":\"\",\"index\":9,\"ftype\":\"fnumber\",\"userhelp\":\"\",\"userhelpTooltip\":false,\"tooltipIcon\":false,\"csslayout\":\"\",\"title\":\"\\u70ba\\u66ff\\u30ec\\u30fc\\u30c8\\uff08VND\\\/JPY\\uff09\",\"predefined\":\"200\",\"predefinedClick\":false,\"required\":true,\"exclude\":false,\"readonly\":false,\"numberpad\":false,\"size\":\"medium\",\"thousandSeparator\":\"\",\"decimalSymbol\":\".\",\"min\":\"0\",\"max\":\"10000000\",\"formatDynamically\":false,\"dformat\":\"digits\",\"formats\":[\"digits\",\"number\",\"percent\"],\"fBuild\":{},\"parent\":\"\"},{\"dependencies\":[{\"rule\":\"\",\"complex\":false,\"fields\":[\"\"]}],\"form_identifier\":\"\",\"name\":\"fieldname19\",\"shortlabel\":\"\",\"index\":10,\"ftype\":\"fCalculated\",\"userhelp\":\"\",\"userhelpTooltip\":false,\"tooltipIcon\":false,\"csslayout\":\"\",\"title\":\"\\u91d1\\u984d\\uff08\\u4e07VND\\uff09\",\"predefined\":\"540\",\"required\":true,\"exclude\":false,\"size\":\"medium\",\"eq\":\"\",\"min\":\"\",\"max\":\"\",\"suffix\":\"\",\"prefix\":\"\",\"decimalsymbol\":\".\",\"groupingsymbol\":\",\",\"readonly\":false,\"currency\":false,\"noEvalIfManual\":false,\"formatDynamically\":false,\"hidefield\":false,\"fBuild\":{},\"parent\":\"\"},{\"dependencies\":[{\"rule\":\"\",\"complex\":false,\"fields\":[\"\"]}],\"form_identifier\":\"\",\"name\":\"fieldname17\",\"shortlabel\":\"\",\"index\":11,\"ftype\":\"fCalculated\",\"userhelp\":\"\",\"userhelpTooltip\":false,\"tooltipIcon\":false,\"csslayout\":\"\",\"title\":\"\\u65e5\\u672c\\u5186\\u63db\\u7b97\\u984d\\uff08JPY\\uff09\",\"predefined\":\"\",\"required\":false,\"exclude\":false,\"size\":\"medium\",\"eq\":\"ROUND(fieldname19*10000\\\/fieldname16,0)\",\"min\":\"\",\"max\":\"\",\"suffix\":\"\",\"prefix\":\"\",\"decimalsymbol\":\".\",\"groupingsymbol\":\",\",\"readonly\":true,\"currency\":false,\"noEvalIfManual\":true,\"formatDynamically\":false,\"hidefield\":false,\"fBuild\":{},\"parent\":\"\"},{\"form_identifier\":\"\",\"name\":\"fieldname25\",\"shortlabel\":\"\",\"index\":12,\"ftype\":\"fhidden\",\"userhelp\":\"\",\"userhelpTooltip\":false,\"tooltipIcon\":false,\"csslayout\":\"\",\"title\":\"Hidden\",\"exclude\":false,\"predefined\":\"\",\"fBuild\":{},\"parent\":\"\"}],{\"0\":{\"title\":\"\\u30d9\\u30c8\\u30ca\\u30e0\\u306e\\u5bb6\\u8cc3\\uff08\\u8cc3\\u6599\\uff09\\u624b\\u5f53\\u3001\\u73fe\\u91d1\\u652f\\u7d66\\u53c8\\u306f\\u76f4\\u63a5\\u5951\\u7d04\\u304b\\u3001\\u6240\\u5f97\\u7a0e\\u3078\\u306e\\u5f71\\u97ff\\u3092\\u8a08\\u7b97\",\"description\":\"\\u30d9\\u30c8\\u30ca\\u30e0\\u5c45\\u4f4f\\u8005\\u306e\\u5bb6\\u8cc3\\uff08\\u8cc3\\u6599\\uff09\\u306e\\u53d6\\u6271\\u3044\\u306b\\u3064\\u3044\\u3066\\u3001\\u2460\\u73fe\\u91d1\\u652f\\u7d66\\u3068\\u3059\\u308b\\u304b\\u3001\\u2461\\u4f01\\u696d\\u3068\\u30aa\\u30fc\\u30ca\\u30fc\\u69d8\\u3068\\u304c\\u76f4\\u63a5\\u5951\\u7d04\\u3092\\u884c\\u3046\\u304b\\u3001\\u6240\\u5f97\\u7a0e\\u3078\\u306e\\u5f71\\u97ff\\u3092\\u8a08\\u7b97\\u3057\\u306a\\u304c\\u3089\\u6bd4\\u8f03\\u304c\\u3067\\u304d\\u307e\\u3059\\u3002\",\"formlayout\":\"top_aligned\",\"formtemplate\":\"\",\"evalequations\":1,\"evalequationsevent\":\"2\",\"loading_animation\":0,\"autocomplete\":1,\"persistence\":0,\"customstyles\":\"\"},\"formid\":\"cp_calculatedfieldsf_pform_1\"}];<\/script><!--\/noptimize--><\/pre>\r\n<div id=\"fbuilder\">\r\n\t\t<div id=\"fbuilder_1\">\r\n\t\t<div id=\"formheader_1\"><\/div>\r\n\t\t<div id=\"fieldlist_1\"><\/div>\r\n\t<\/div>\r\n<\/div>\r\n<div class=\"clearer\"><\/div>\r\n<input type=\"hidden\" name=\"trp-form-language\" value=\"vi\"\/><\/form>\r\n\r\n<div class='printomatic pom-default' id='id6256'  data-print_target='article'><\/div>\r\n<p>&nbsp;<\/p>\r\n<p>Tuy\u00ean b\u1ed1 t\u1eeb ch\u1ed1i tr\u00e1ch nhi\u1ec7m<\/p>\r\n<p>* \u0110\u00e2y l\u00e0 m\u1ed9t h\u1ec7 th\u1ed1ng t\u00ednh to\u00e1n \u0111\u01a1n gi\u1ea3n v\u00e0 ch\u00fang t\u00f4i kh\u00f4ng ch\u1ecbu tr\u00e1ch nhi\u1ec7m v\u1ec1 k\u1ebft qu\u1ea3 t\u00ednh to\u00e1n.<\/p>\r\n<p>Vui l\u00f2ng tham kh\u1ea3o \u00fd ki\u1ebfn v\u0103n ph\u00f2ng k\u1ebf to\u00e1n \u0111\u1ec3 bi\u1ebft th\u00eam chi ti\u1ebft.<\/p>\r\n<p>&nbsp;<\/p>\r\n<p>&nbsp;<\/p>\r\n\r\n<div class=\"saboxplugin-wrap\" itemtype=\"http:\/\/schema.org\/Person\" itemscope=\"\" itemprop=\"author\">\r\n<div class=\"saboxplugin-tab\">\r\n<div class=\"saboxplugin-gravatar\"><img loading=\"lazy\" src=\"https:\/\/suzuki-global.com\/wp-content\/uploads\/2021\/12\/aacs-logo3.jpg\" width=\"100\" height=\"100\" alt=\"aacs logo3\" itemprop=\"image\" \/><\/div>\r\n<div class=\"saboxplugin-authorname\"><a href=\"https:\/\/suzuki-global.com\/vi\/author\/aacs\/\" class=\"vcard author\" rel=\"author\" itemprop=\"url\"><span class=\"fn\" itemprop=\"name\">[Gi\u00e1m s\u00e1t] V\u0103n ph\u00f2ng k\u1ebf to\u00e1n AACS (AACS Co., Ltd)<\/span><\/a><\/div>\r\n<div class=\"saboxplugin-desc\">\r\n<div itemprop=\"description\">\r\n<p>V\u0103n ph\u00f2ng K\u1ebf to\u00e1n AACS cung c\u1ea5p th\u00f4ng tin h\u1eefu \u00edch v\u1ec1 c\u00e1c lo\u1ea1i thu\u1ebf c\u1ee7a Vi\u1ec7t Nam. V\u0103n ph\u00f2ng k\u1ebf to\u00e1n AACS<u>C\u00f3 8 c\u01a1 s\u1edf tr\u00ean kh\u1eafp Vi\u1ec7t Nam v\u00e0 ch\u00fang t\u00f4i h\u1ee3p t\u00e1c v\u1edbi c\u00e1c c\u01a1 quan thu\u1ebf \u1edf t\u1eebng khu v\u1ef1c \u0111\u1ec3 h\u1ed7 tr\u1ee3 vi\u1ec7c ki\u1ec3m tra k\u1ebf to\u00e1n v\u00e0 c\u00e1c v\u1ea5n \u0111\u1ec1 thu\u1ebf di\u1ec5n ra su\u00f4n s\u1ebb.<\/u>L\u00e0m.<\/p>\r\n<\/div>\r\n<\/div>\r\n<div class=\"clearfix\"><\/div>\r\n<div class=\"saboxplugin-socials\"><a target=\"_self\" href=\"https:\/\/suzuki-global.com\/vi\/about-us\/\" aria-label=\"Th\u00eam \u0111i\u1ec1u n\u00e0y\" rel=\"nofollow noopener\" class=\"saboxplugin-icon-grey\"><svg aria-hidden=\"true\" class=\"sab-addthis\" role=\"img\" xmlns=\"http:\/\/www.w3.org\/2000\/svg\" viewbox=\"0 0 448 512\"><path fill=\"currentColor\" d=\"M400 32H48C21.5 32 0 53.5 0 80v352c0 26.5 21.5 48 48 48h352c26.5 0 48-21.5 48-48V80c0-26.5-21.5-48-48-48zm-32 252c0 6.6-5.4 12-12 12h-92v92c0 6.6-5.4 12-12 12h-56c-6.6 0-12-5.4-12-12v-92H92c-6.6 0-12-5.4-12-12v-56c0-6.6 5.4-12 12-12h92v-92c0-6.6 5.4-12 12-12h56c6.6 0 12 5.4 12 12v92h92c6.6 0 12 5.4 12 12v56z\"><\/path><\/svg><\/a><\/div>\r\n<\/div>\r\n<\/div>","protected":false},"excerpt":{"rendered":"<p>T\u00ednh to\u00e1n t\u00e1c \u0111\u1ed9ng \u0111\u1ebfn tr\u1ee3 c\u1ea5p nh\u00e0 \u1edf (ti\u1ec1n thu\u00ea nh\u00e0), thanh to\u00e1n b\u1eb1ng ti\u1ec1n m\u1eb7t\/h\u1ee3p \u0111\u1ed3ng tr\u1ef1c ti\u1ebfp (h\u1ee3p \u0111\u1ed3ng doanh nghi\u1ec7p) v\u00e0 thu\u1ebf thu nh\u1eadp t\u1ea1i Vi\u1ec7t Nam T\u1ea1i Vi\u1ec7t Nam [\u2026]<\/p>","protected":false},"author":1,"featured_media":5739,"parent":1993,"menu_order":0,"comment_status":"closed","ping_status":"closed","template":"","meta":[],"categories":[],"tags":[66,139],"amp_enabled":false,"_links":{"self":[{"href":"https:\/\/suzuki-global.com\/vi\/wp-json\/wp\/v2\/pages\/5721"}],"collection":[{"href":"https:\/\/suzuki-global.com\/vi\/wp-json\/wp\/v2\/pages"}],"about":[{"href":"https:\/\/suzuki-global.com\/vi\/wp-json\/wp\/v2\/types\/page"}],"author":[{"embeddable":true,"href":"https:\/\/suzuki-global.com\/vi\/wp-json\/wp\/v2\/users\/1"}],"replies":[{"embeddable":true,"href":"https:\/\/suzuki-global.com\/vi\/wp-json\/wp\/v2\/comments?post=5721"}],"version-history":[{"count":31,"href":"https:\/\/suzuki-global.com\/vi\/wp-json\/wp\/v2\/pages\/5721\/revisions"}],"predecessor-version":[{"id":8583,"href":"https:\/\/suzuki-global.com\/vi\/wp-json\/wp\/v2\/pages\/5721\/revisions\/8583"}],"up":[{"embeddable":true,"href":"https:\/\/suzuki-global.com\/vi\/wp-json\/wp\/v2\/pages\/1993"}],"wp:featuredmedia":[{"embeddable":true,"href":"https:\/\/suzuki-global.com\/vi\/wp-json\/wp\/v2\/media\/5739"}],"wp:attachment":[{"href":"https:\/\/suzuki-global.com\/vi\/wp-json\/wp\/v2\/media?parent=5721"}],"wp:term":[{"taxonomy":"category","embeddable":true,"href":"https:\/\/suzuki-global.com\/vi\/wp-json\/wp\/v2\/categories?post=5721"},{"taxonomy":"post_tag","embeddable":true,"href":"https:\/\/suzuki-global.com\/vi\/wp-json\/wp\/v2\/tags?post=5721"}],"curies":[{"name":"wp","href":"https:\/\/api.w.org\/{rel}","templated":true}]}}