{"id":7946,"date":"2021-12-25T21:06:22","date_gmt":"2021-12-25T12:06:22","guid":{"rendered":"https:\/\/suzuki-global.com\/?page_id=7946"},"modified":"2022-06-30T00:13:26","modified_gmt":"2022-06-29T15:13:26","slug":"price-list","status":"publish","type":"page","link":"https:\/\/suzuki-global.com\/vi\/business-services\/price-list\/","title":{"rendered":"B\u1ea3ng gi\u00e1"},"content":{"rendered":"<div data-elementor-type=\"wp-page\" data-elementor-id=\"7946\" class=\"elementor elementor-7946\">\n\t\t\t\t\t\t<div class=\"elementor-inner\">\n\t\t\t\t<div class=\"elementor-section-wrap\">\n\t\t\t\t\t\t\t\t\t<section class=\"elementor-section elementor-top-section elementor-element elementor-element-7a82f0b8 elementor-hidden-tablet elementor-hidden-mobile elementor-hidden-desktop elementor-section-boxed elementor-section-height-default elementor-section-height-default\" data-id=\"7a82f0b8\" data-element_type=\"section\" data-settings=\"{&quot;background_background&quot;:&quot;classic&quot;}\">\n\t\t\t\t\t\t<div class=\"elementor-container elementor-column-gap-default\">\n\t\t\t\t\t\t\t<div class=\"elementor-row\">\n\t\t\t\t\t<div class=\"elementor-column elementor-col-100 elementor-top-column elementor-element elementor-element-5332394b\" data-id=\"5332394b\" data-element_type=\"column\">\n\t\t\t<div class=\"elementor-column-wrap elementor-element-populated\">\n\t\t\t\t\t\t\t<div class=\"elementor-widget-wrap\">\n\t\t\t\t\t\t<div class=\"elementor-element elementor-element-222d7882 elementor-widget elementor-widget-spacer\" data-id=\"222d7882\" data-element_type=\"widget\" data-widget_type=\"spacer.default\">\n\t\t\t\t<div class=\"elementor-widget-container\">\n\t\t\t\t\t<div class=\"elementor-spacer\">\n\t\t\t<div class=\"elementor-spacer-inner\"><\/div>\n\t\t<\/div>\n\t\t\t\t<\/div>\n\t\t\t\t<\/div>\n\t\t\t\t\t\t<\/div>\n\t\t\t\t\t<\/div>\n\t\t<\/div>\n\t\t\t\t\t\t\t\t<\/div>\n\t\t\t\t\t<\/div>\n\t\t<\/section>\n\t\t\t\t<section class=\"elementor-section elementor-top-section elementor-element elementor-element-c0979cf elementor-section-boxed elementor-section-height-default elementor-section-height-default\" data-id=\"c0979cf\" data-element_type=\"section\">\n\t\t\t\t\t\t<div class=\"elementor-container elementor-column-gap-default\">\n\t\t\t\t\t\t\t<div class=\"elementor-row\">\n\t\t\t\t\t<div class=\"elementor-column elementor-col-100 elementor-top-column elementor-element elementor-element-99498f1\" data-id=\"99498f1\" data-element_type=\"column\">\n\t\t\t<div class=\"elementor-column-wrap elementor-element-populated\">\n\t\t\t\t\t\t\t<div class=\"elementor-widget-wrap\">\n\t\t\t\t\t\t<div class=\"elementor-element elementor-element-f72e58d elementor-widget elementor-widget-heading\" data-id=\"f72e58d\" data-element_type=\"widget\" data-widget_type=\"heading.default\">\n\t\t\t\t<div class=\"elementor-widget-container\">\n\t\t\t<h1 class=\"elementor-heading-title elementor-size-default\">B\u1ea3ng gi\u00e1 c\u00f4ng ty k\u1ebf to\u00e1n AACS<\/h1>\t\t<\/div>\n\t\t\t\t<\/div>\n\t\t\t\t\t\t<\/div>\n\t\t\t\t\t<\/div>\n\t\t<\/div>\n\t\t\t\t\t\t\t\t<\/div>\n\t\t\t\t\t<\/div>\n\t\t<\/section>\n\t\t\t\t<section class=\"elementor-section elementor-top-section elementor-element elementor-element-c548151 elementor-section-boxed elementor-section-height-default elementor-section-height-default\" data-id=\"c548151\" data-element_type=\"section\">\n\t\t\t\t\t\t<div class=\"elementor-container elementor-column-gap-default\">\n\t\t\t\t\t\t\t<div class=\"elementor-row\">\n\t\t\t\t\t<div class=\"elementor-column elementor-col-100 elementor-top-column elementor-element elementor-element-5902e43\" data-id=\"5902e43\" data-element_type=\"column\">\n\t\t\t<div class=\"elementor-column-wrap elementor-element-populated\">\n\t\t\t\t\t\t\t<div class=\"elementor-widget-wrap\">\n\t\t\t\t\t\t<div class=\"elementor-element elementor-element-84fe380 elementor-widget elementor-widget-text-editor\" data-id=\"84fe380\" data-element_type=\"widget\" data-widget_type=\"text-editor.default\">\n\t\t\t\t<div class=\"elementor-widget-container\">\n\t\t\t\t\t\t\t\t<div class=\"elementor-text-editor elementor-clearfix\">\n\t\t\t\t<p>\n<table id=\"tablepress-23\" class=\"tablepress tablepress-id-23\" aria-describedby=\"tablepress-23-description\">\n<thead>\n<tr class=\"row-1 odd\">\n\t<th class=\"column-1\">N\u1ed9i dung d\u1ecbch v\u1ee5<\/th><th class=\"column-2\">Ph\u00ed (ch\u01b0a bao g\u1ed3m VAT)<\/th>\n<\/tr>\n<\/thead>\n<tbody class=\"row-hover\">\n<tr class=\"row-2 even\">\n\t<td class=\"column-1\">H\u1ed7 tr\u1ee3 kinh doanh k\u1ebf to\u00e1n \/ thu\u1ebf <br>K\u1ebf to\u00e1n s\u1ed5 s\u00e1ch, l\u1eadp b\u00e1o c\u00e1o h\u00e0ng th\u00e1ng \/ h\u00e0ng n\u0103m, c\u00e1c h\u1ed3 s\u01a1 thu\u1ebf kh\u00e1c nhau<\/td><td class=\"column-2\">T\u1eeb 500 USD \/ th\u00e1ng<\/td>\n<\/tr>\n<tr class=\"row-3 odd\">\n\t<td class=\"column-1\">Ki\u1ec3m to\u00e1n k\u1ebf to\u00e1n (gi\u00e1 c\u00f4ng ty ki\u1ec3m to\u00e1n)\t<\/td><td class=\"column-2\">1000 USD \/ l\u1ea7n ~<\/td>\n<\/tr>\n<tr class=\"row-4 even\">\n\t<td class=\"column-1\">T\u1edd khai thu\u1ebf thu nh\u1eadp c\u00e1 nh\u00e2n<\/td><td class=\"column-2\">500 USD \/ ng\u01b0\u1eddi \/ l\u01b0\u1ee3t ~<\/td>\n<\/tr>\n<tr class=\"row-5 odd\">\n\t<td class=\"column-1\">H\u1ed7 tr\u1ee3 th\u00e0nh l\u1eadp v\u0103n ph\u00f2ng \u0111\u1ea1i di\u1ec7n<\/td><td class=\"column-2\">T\u1eeb 1800 USD<\/td>\n<\/tr>\n<tr class=\"row-6 even\">\n\t<td class=\"column-1\">H\u1ed7 tr\u1ee3 th\u00e0nh l\u1eadp c\u00f4ng ty \u0111\u1ecba ph\u01b0\u01a1ng<\/td><td class=\"column-2\">3000 USD ~<\/td>\n<\/tr>\n<tr class=\"row-7 odd\">\n\t<td class=\"column-1\">Thay \u0111\u1ed5i \u0111\u1ecba ch\u1ec9 \/ thay \u0111\u1ed5i ng\u01b0\u1eddi \u0111\u1ea1i di\u1ec7n theo ph\u00e1p lu\u1eadt<\/td><td class=\"column-2\">400 USD ~<\/td>\n<\/tr>\n<\/tbody>\n<\/table>\n<span id=\"tablepress-23-description\" class=\"tablepress-table-description tablepress-table-description-id-23\">* Chi ph\u00ed th\u00e0nh l\u1eadp c\u00f4ng ty s\u1ebd kh\u00e1c nhau t\u00f9y thu\u1ed9c v\u00e0o gi\u1ea5y ph\u00e9p, v\u00ec th\u1ee7 t\u1ee5c mua l\u1ea1i v\u00e0 m\u1ee9c \u0111\u1ed9 kh\u00f3 kh\u0103n s\u1ebd kh\u00e1c nhau.<br \/>\n* B\u1ea3ng gi\u00e1 ch\u01b0a bao g\u1ed3m ph\u00ed v\u1eadn chuy\u1ec3n. Chi ph\u00ed th\u1ef1c t\u1ebf c\u00f3 th\u1ec3 \u0111\u01b0\u1ee3c t\u00ednh ri\u00eang.<\/span>\n<\/p>\t\t\t\t\t<\/div>\n\t\t\t\t\t\t<\/div>\n\t\t\t\t<\/div>\n\t\t\t\t\t\t<\/div>\n\t\t\t\t\t<\/div>\n\t\t<\/div>\n\t\t\t\t\t\t\t\t<\/div>\n\t\t\t\t\t<\/div>\n\t\t<\/section>\n\t\t\t\t<section class=\"elementor-section elementor-top-section elementor-element elementor-element-d2ce0e9 elementor-section-boxed elementor-section-height-default elementor-section-height-default\" data-id=\"d2ce0e9\" data-element_type=\"section\">\n\t\t\t\t\t\t<div class=\"elementor-container elementor-column-gap-default\">\n\t\t\t\t\t\t\t<div class=\"elementor-row\">\n\t\t\t\t\t<div class=\"elementor-column elementor-col-100 elementor-top-column elementor-element elementor-element-827d21a\" data-id=\"827d21a\" data-element_type=\"column\">\n\t\t\t<div class=\"elementor-column-wrap elementor-element-populated\">\n\t\t\t\t\t\t\t<div class=\"elementor-widget-wrap\">\n\t\t\t\t\t\t<div class=\"elementor-element elementor-element-c70a608 elementor-widget elementor-widget-spacer\" data-id=\"c70a608\" data-element_type=\"widget\" data-widget_type=\"spacer.default\">\n\t\t\t\t<div class=\"elementor-widget-container\">\n\t\t\t\t\t<div class=\"elementor-spacer\">\n\t\t\t<div class=\"elementor-spacer-inner\"><\/div>\n\t\t<\/div>\n\t\t\t\t<\/div>\n\t\t\t\t<\/div>\n\t\t\t\t<div class=\"elementor-element elementor-element-60ddd66 elementor-cta--layout-image-left elementor-cta--mobile-layout-image-above elementor-cta--skin-classic elementor-animated-content elementor-bg-transform elementor-bg-transform-zoom-in elementor-widget elementor-widget-call-to-action\" data-id=\"60ddd66\" data-element_type=\"widget\" data-widget_type=\"call-to-action.default\">\n\t\t\t\t<div class=\"elementor-widget-container\">\n\t\t\t\t\t<a class=\"elementor-cta\" href=\"https:\/\/suzuki-global.com\/vi\/contact\/\">\n\t\t\t\t\t<div class=\"elementor-cta__bg-wrapper\">\n\t\t\t\t<div class=\"elementor-cta__bg elementor-bg\" style=\"background-image: url(https:\/\/suzuki-global.com\/wp-content\/uploads\/2020\/03\/Recruit-woman.jpg);\"><\/div>\n\t\t\t\t<div class=\"elementor-cta__bg-overlay\"><\/div>\n\t\t\t<\/div>\n\t\t\t\t\t\t\t<div class=\"elementor-cta__content\">\n\t\t\t\t\n\t\t\t\t<h2 class=\"elementor-cta__title elementor-cta__content-item elementor-content-item\">N\u1ebfu b\u1ea1n g\u1eb7p r\u1eafc r\u1ed1i v\u1edbi k\u1ebf to\u00e1n ho\u1eb7c s\u1ed5 s\u00e1ch k\u1ebf to\u00e1n<br>Xin c\u1ee9 tho\u1ea3i m\u00e1i li\u00ean l\u1ea1c v\u1edbi ch\u00fang t\u00f4i.<\/h2>\n\t\t\t\t\t\t\t\t\t<div class=\"elementor-cta__description elementor-cta__content-item elementor-content-item\">\n\t\t\t\t\t\t\u0110\u1ed9i ng\u0169 nh\u00e2n vi\u00ean chuy\u00ean nghi\u1ec7p c\u1ee7a AACS s\u1ebd h\u1ed7 tr\u1ee3 b\u1ea1n v\u1eefng ch\u1eafc.\t\t\t\t\t<\/div>\n\t\t\t\t\n\t\t\t\t\t\t\t\t\t<div class=\"elementor-cta__button-wrapper elementor-cta__content-item elementor-content-item\">\n\t\t\t\t\t<span class=\"elementor-cta__button elementor-button elementor-size-sm\">\n\t\t\t\t\t\tLi\u00ean h\u1ec7 ch\u00fang t\u00f4i\t\t\t\t\t<\/span>\n\t\t\t\t\t<\/div>\n\t\t\t\t\t\t\t<\/div>\n\t\t\t\t\t\t\t<div class=\"elementor-ribbon elementor-ribbon-right\">\n\t\t\t\t<div class=\"elementor-ribbon-inner\">Li\u00ean h\u1ec7 ch\u00fang t\u00f4i<\/div>\n\t\t\t<\/div>\n\t\t\t\t<\/a>\n\t\t\t\t<\/div>\n\t\t\t\t<\/div>\n\t\t\t\t<div class=\"elementor-element elementor-element-7eaf9f1 elementor-widget elementor-widget-spacer\" data-id=\"7eaf9f1\" data-element_type=\"widget\" data-widget_type=\"spacer.default\">\n\t\t\t\t<div class=\"elementor-widget-container\">\n\t\t\t\t\t<div class=\"elementor-spacer\">\n\t\t\t<div class=\"elementor-spacer-inner\"><\/div>\n\t\t<\/div>\n\t\t\t\t<\/div>\n\t\t\t\t<\/div>\n\t\t\t\t\t\t<\/div>\n\t\t\t\t\t<\/div>\n\t\t<\/div>\n\t\t\t\t\t\t\t\t<\/div>\n\t\t\t\t\t<\/div>\n\t\t<\/section>\n\t\t\t\t<section class=\"elementor-section elementor-top-section elementor-element elementor-element-43ba46e1 elementor-section-boxed elementor-section-height-default elementor-section-height-default\" data-id=\"43ba46e1\" data-element_type=\"section\">\n\t\t\t\t\t\t<div class=\"elementor-container elementor-column-gap-default\">\n\t\t\t\t\t\t\t<div class=\"elementor-row\">\n\t\t\t\t\t<div class=\"elementor-column elementor-col-100 elementor-top-column elementor-element elementor-element-a28fc25\" data-id=\"a28fc25\" data-element_type=\"column\">\n\t\t\t<div class=\"elementor-column-wrap elementor-element-populated\">\n\t\t\t\t\t\t\t<div class=\"elementor-widget-wrap\">\n\t\t\t\t\t\t<div class=\"elementor-element elementor-element-6ce04b30 elementor-widget elementor-widget-spacer\" data-id=\"6ce04b30\" data-element_type=\"widget\" data-widget_type=\"spacer.default\">\n\t\t\t\t<div class=\"elementor-widget-container\">\n\t\t\t\t\t<div class=\"elementor-spacer\">\n\t\t\t<div class=\"elementor-spacer-inner\"><\/div>\n\t\t<\/div>\n\t\t\t\t<\/div>\n\t\t\t\t<\/div>\n\t\t\t\t\t\t<\/div>\n\t\t\t\t\t<\/div>\n\t\t<\/div>\n\t\t\t\t\t\t\t\t<\/div>\n\t\t\t\t\t<\/div>\n\t\t<\/section>\n\t\t\t\t\t\t\t\t\t<\/div>\n\t\t\t<\/div>\n\t\t\t\t\t<\/div>","protected":false},"excerpt":{"rendered":"<p>B\u1ea3ng gi\u00e1 c\u1ee7a V\u0103n ph\u00f2ng K\u1ebf to\u00e1n AACS N\u1ebfu b\u1ea1n g\u1eb7p kh\u00f3 kh\u0103n g\u00ec v\u1ec1 k\u1ebf to\u00e1n ho\u1eb7c ghi s\u1ed5 k\u1ebf to\u00e1n, vui l\u00f2ng li\u00ean h\u1ec7 v\u1edbi ch\u00fang t\u00f4i. \u0110\u1eb7c s\u1ea3n AACS [\u2026]<\/p>","protected":false},"author":1,"featured_media":0,"parent":923,"menu_order":0,"comment_status":"closed","ping_status":"closed","template":"elementor_header_footer","meta":[],"categories":[],"tags":[101],"amp_enabled":false,"_links":{"self":[{"href":"https:\/\/suzuki-global.com\/vi\/wp-json\/wp\/v2\/pages\/7946"}],"collection":[{"href":"https:\/\/suzuki-global.com\/vi\/wp-json\/wp\/v2\/pages"}],"about":[{"href":"https:\/\/suzuki-global.com\/vi\/wp-json\/wp\/v2\/types\/page"}],"author":[{"embeddable":true,"href":"https:\/\/suzuki-global.com\/vi\/wp-json\/wp\/v2\/users\/1"}],"replies":[{"embeddable":true,"href":"https:\/\/suzuki-global.com\/vi\/wp-json\/wp\/v2\/comments?post=7946"}],"version-history":[{"count":8,"href":"https:\/\/suzuki-global.com\/vi\/wp-json\/wp\/v2\/pages\/7946\/revisions"}],"predecessor-version":[{"id":7994,"href":"https:\/\/suzuki-global.com\/vi\/wp-json\/wp\/v2\/pages\/7946\/revisions\/7994"}],"up":[{"embeddable":true,"href":"https:\/\/suzuki-global.com\/vi\/wp-json\/wp\/v2\/pages\/923"}],"wp:attachment":[{"href":"https:\/\/suzuki-global.com\/vi\/wp-json\/wp\/v2\/media?parent=7946"}],"wp:term":[{"taxonomy":"category","embeddable":true,"href":"https:\/\/suzuki-global.com\/vi\/wp-json\/wp\/v2\/categories?post=7946"},{"taxonomy":"post_tag","embeddable":true,"href":"https:\/\/suzuki-global.com\/vi\/wp-json\/wp\/v2\/tags?post=7946"}],"curies":[{"name":"wp","href":"https:\/\/api.w.org\/{rel}","templated":true}]}}